{"id":8325,"date":"2025-12-05T16:28:44","date_gmt":"2025-12-05T15:28:44","guid":{"rendered":"https:\/\/lelystadlogistics.com\/flevokust-hafen\/"},"modified":"2026-01-30T09:06:33","modified_gmt":"2026-01-30T08:06:33","slug":"flevokust-hafen","status":"publish","type":"page","link":"https:\/\/lelystadlogistics.com\/de\/ueber-lelystad\/gewerbegebiete\/flevokust-hafen\/","title":{"rendered":"Flevokust Hafen"},"content":{"rendered":"<p>[et_pb_section fb_built=&#8220;1&#8243; admin_label=&#8220;Contentheader&#8220; module_class=&#8220;header-divider&#8220; _builder_version=&#8220;4.27.4&#8243; _module_preset=&#8220;default&#8220; background_image=&#8220;https:\/\/lelystadlogistics.com\/wp-content\/uploads\/2025\/12\/DSC07339-scaled.jpg&#8220; background_position=&#8220;top_center&#8220; background_vertical_offset=&#8220;11%&#8220; height=&#8220;785px&#8220; height_tablet=&#8220;700px&#8220; height_phone=&#8220;530px&#8220; height_last_edited=&#8220;on|phone&#8220; top_divider_height=&#8220;571px&#8220; top_divider_height_tablet=&#8220;370px&#8220; top_divider_height_phone=&#8220;215px&#8220; top_divider_height_last_edited=&#8220;on|tablet&#8220; global_colors_info=&#8220;{}&#8220;][\/et_pb_section][et_pb_section fb_built=&#8220;1&#8243; _builder_version=&#8220;4.27.4&#8243; _module_preset=&#8220;default&#8220; overflow-x=&#8220;hidden&#8220; overflow-y=&#8220;hidden&#8220; custom_margin=&#8220;||||false|false&#8220; custom_padding=&#8220;63px||3px||false|false&#8220; global_colors_info=&#8220;{}&#8220;][et_pb_row column_structure=&#8220;2_3,1_3&#8243; _builder_version=&#8220;4.27.4&#8243; _module_preset=&#8220;default&#8220; custom_margin=&#8220;||65px||false|false&#8220; custom_margin_tablet=&#8220;||0px||false|false&#8220; custom_margin_phone=&#8220;||0px||false|false&#8220; custom_margin_last_edited=&#8220;on|tablet&#8220; custom_padding=&#8220;0px||0px||true|false&#8220; global_colors_info=&#8220;{}&#8220;][et_pb_column type=&#8220;2_3&#8243; _builder_version=&#8220;4.27.4&#8243; _module_preset=&#8220;default&#8220; global_colors_info=&#8220;{}&#8220;][et_pb_text _builder_version=&#8220;4.27.4&#8243; _module_preset=&#8220;default&#8220; header_font=&#8220;|700|||||||&#8220; custom_margin=&#8220;||10px||false|false&#8220; custom_padding=&#8220;||0px||false|false&#8220; global_colors_info=&#8220;{}&#8220;]<\/p>\n<h1>Flevokust Hafen<\/h1>\n<p>[\/et_pb_text][et_pb_text _builder_version=&#8220;4.27.4&#8243; _module_preset=&#8220;default&#8220; text_font=&#8220;|700|||||||&#8220; text_font_size=&#8220;20px&#8220; text_line_height=&#8220;25px&#8220; max_width=&#8220;728px&#8220; global_colors_info=&#8220;{}&#8220;]<\/p>\n<p><a href=\"https:\/\/www.ondernemeninlelystad.nl\/nl\/flevokust-haven\" target=\"_blank\" rel=\"noopener\">Flevokust Haven<\/a> ist ein modernes Binnenhafengebiet n\u00f6rdlich von Lelystad, das einen Umschlagterminal und einen innovativen Gewerbepark vereint. Dank seiner strategischen Lage am IJsselmeer und seiner Anbindung an die gro\u00dfen Seeh\u00e4fen ist Flevokust Haven ein leistungsstarkes Logistikzentrum f\u00fcr Importe und Exporte. Hafenbezogene Unternehmen, die sich auf Amsterdam, Rotterdam, Antwerpen und das Ruhrgebiet konzentrieren, sind in Lelystad gut aufgestellt, was zum Teil auf die Pr\u00e4senz des Containerterminals von <a href=\"https:\/\/www.ondernemeninlelystad.nl\/nl\/locaties\/4275619385\/ctu-flevokust\" target=\"_blank\" rel=\"noopener\">TMA Multimodal<\/a> zur\u00fcckzuf\u00fchren ist.<\/p>\n<p>[\/et_pb_text][\/et_pb_column][et_pb_column type=&#8220;1_3&#8243; _builder_version=&#8220;4.27.4&#8243; _module_preset=&#8220;default&#8220; global_colors_info=&#8220;{}&#8220;][\/et_pb_column][\/et_pb_row][et_pb_row column_structure=&#8220;3_5,2_5&#8243; _builder_version=&#8220;4.27.4&#8243; _module_preset=&#8220;default&#8220; custom_margin=&#8220;|auto|-2px|auto|false|false&#8220; global_colors_info=&#8220;{}&#8220;][et_pb_column type=&#8220;3_5&#8243; _builder_version=&#8220;4.27.4&#8243; _module_preset=&#8220;default&#8220; global_colors_info=&#8220;{}&#8220;][et_pb_text _builder_version=&#8220;4.27.4&#8243; _module_preset=&#8220;default&#8220; max_width=&#8220;820px&#8220; global_colors_info=&#8220;{}&#8220;]<\/p>\n<h4 data-start=\"1228\" data-end=\"1278\"><strong data-start=\"1232\" data-end=\"1276\">TMA Multimodal: St\u00e4rkung des Hafens<\/strong><\/h4>\n<p data-start=\"1279\" data-end=\"1615\">Seit der \u00dcbernahme von CTU Flevokust im Jahr 2024 hat TMA Multimodal sein Dienstleistungsangebot im Hafen stark erweitert. Mit t\u00e4glichen Binnenschiffsverbindungen nach Rotterdam und Antwerpen, K\u00fchlanschl\u00fcssen, Gasmesseinrichtungen und einer eigenen Lkw-Flotte f\u00fcr den Nachlauf bietet TMA einen effizienten und umfassenden Logistikservice. <\/p>\n<p data-start=\"1617\" data-end=\"1950\">TMA investiert auch in die Zukunft: F\u00fcr 2026 ist eine Kaierweiterung geplant, und neue Umschlaganlagen und -ger\u00e4te werden den Hafen auf ein weiteres Wachstum der Container- und Massengutstr\u00f6me vorbereiten. Damit wird ein robuster Logistikknotenpunkt geschaffen, der f\u00fcr die schnell wachsenden Warenstr\u00f6me aus der Region bereit ist. <\/p>\n<p>[\/et_pb_text][et_pb_text _builder_version=&#8220;4.27.4&#8243; _module_preset=&#8220;default&#8220; max_width=&#8220;820px&#8220; global_colors_info=&#8220;{}&#8220;]<\/p>\n<h4 data-start=\"1952\" data-end=\"2004\"><strong data-start=\"1956\" data-end=\"2002\">Strategischer Vorteil f\u00fcr Gro\u00dfanwender<\/strong><\/h4>\n<p data-start=\"2005\" data-end=\"2478\">Flevokust Haven entwickelt sich rasch zu einem attraktiven Standort f\u00fcr gro\u00df angelegte Logistik. Gro\u00dfe Nutzer wie JYSK und BESTSELLER profitieren bereits von der N\u00e4he des Hafens und den nachhaltigen Transportm\u00f6glichkeiten, die das Gebiet bietet. Die direkte Anbindung an das Stra\u00dfennetz und das Vorhandensein moderner Umschlaganlagen machen Flevokust Haven zu einer logischen Wahl f\u00fcr Unternehmen, die ihre Lieferkette beschleunigen, nachhaltig gestalten oder umstrukturieren wollen.  <\/p>\n<p>[\/et_pb_text][\/et_pb_column][et_pb_column type=&#8220;2_5&#8243; _builder_version=&#8220;4.27.4&#8243; _module_preset=&#8220;default&#8220; custom_css_free_form=&#8220;@media screen and (min-width: 480px) and (max-width: 980px) {||  selector {||      max-width: 460px;||  }||}&#8220; global_colors_info=&#8220;{}&#8220;][et_pb_image src=&#8220;https:\/\/lelystadlogistics.com\/wp-content\/uploads\/2026\/01\/250320JI_20250320113700_0033_D-scaled.jpg&#8220; alt=&#8220;TMA-Terminal Flevokust Haven vom Wasser aus gesehen.&#8220; title_text=&#8220;TMA-Terminal Flevokust Haven&#8220; _builder_version=&#8220;4.27.5&#8243; _module_preset=&#8220;default&#8220; width=&#8220;396px&#8220; max_width=&#8220;396px&#8220; min_height=&#8220;396px&#8220; height=&#8220;396px&#8220; hover_enabled=&#8220;0&#8243; border_radii=&#8220;on|50%|50%|50%|50%&#8220; global_colors_info=&#8220;{}&#8220; sticky_enabled=&#8220;0&#8243;][\/et_pb_image][et_pb_text _builder_version=&#8220;4.27.4&#8243; _module_preset=&#8220;default&#8220; background_color=&#8220;#95BC33&#8243; positioning=&#8220;absolute&#8220; position_origin_a=&#8220;bottom_right&#8220; vertical_offset=&#8220;15px&#8220; horizontal_offset=&#8220;85px&#8220; horizontal_offset_tablet=&#8220;85px&#8220; horizontal_offset_phone=&#8220;0px&#8220; horizontal_offset_last_edited=&#8220;on|phone&#8220; width=&#8220;90px&#8220; max_width=&#8220;90px&#8220; min_height=&#8220;90px&#8220; height=&#8220;90px&#8220; border_radii=&#8220;on|50%|50%|50%|50%&#8220; global_colors_info=&#8220;{}&#8220;][\/et_pb_text][\/et_pb_column][\/et_pb_row][et_pb_row _builder_version=&#8220;4.27.4&#8243; _module_preset=&#8220;default&#8220; global_colors_info=&#8220;{}&#8220;][et_pb_column type=&#8220;4_4&#8243; _builder_version=&#8220;4.27.4&#8243; _module_preset=&#8220;default&#8220; global_colors_info=&#8220;{}&#8220;][et_pb_text _builder_version=&#8220;4.27.4&#8243; _module_preset=&#8220;default&#8220; global_colors_info=&#8220;{}&#8220;]<\/p>\n<h4 data-start=\"2480\" data-end=\"2510\"><strong data-start=\"2484\" data-end=\"2508\">Wachsen mit der Region<\/strong><\/h4>\n<p data-start=\"2511\" data-end=\"2765\">Mit kontinuierlichen Investitionen in Logistik, Energie und Infrastruktur w\u00e4chst Flevokust Haven zusammen mit den Ambitionen der Unternehmer in Flevoland. Unternehmen finden hier den Platz, die Einrichtungen und die Flexibilit\u00e4t, um sich sowohl jetzt als auch in Zukunft zu entwickeln. <\/p>\n<p>[\/et_pb_text][et_pb_button button_url=&#8220;https:\/\/www.ondernemeninlelystad.nl\/nl\/flevokust-haven&#8220; button_text=&#8220;Mehr Informationen \u00fcber Flevokust Haven&#8220; _builder_version=&#8220;4.27.4&#8243; _module_preset=&#8220;default&#8220; global_colors_info=&#8220;{}&#8220;][\/et_pb_button][\/et_pb_column][\/et_pb_row][\/et_pb_section][et_pb_section fb_built=&#8220;1&#8243; admin_label=&#8220;Partners&#8220; _builder_version=&#8220;4.27.4&#8243; _module_preset=&#8220;default&#8220; custom_margin=&#8220;||||false|false&#8220; custom_padding=&#8220;99px|||||&#8220; global_module=&#8220;426&#8243; locked=&#8220;off&#8220; global_colors_info=&#8220;{}&#8220;][et_pb_row column_structure=&#8220;2_3,1_3&#8243; _builder_version=&#8220;4.27.4&#8243; _module_preset=&#8220;default&#8220; custom_padding=&#8220;5px||0px||false|false&#8220; border_width_top=&#8220;3px&#8220; border_color_top=&#8220;#002B51&#8243; global_colors_info=&#8220;{}&#8220;][et_pb_column type=&#8220;2_3&#8243; _builder_version=&#8220;4.27.4&#8243; _module_preset=&#8220;default&#8220; global_colors_info=&#8220;{}&#8220;][et_pb_text _builder_version=&#8220;4.27.4&#8243; _module_preset=&#8220;default&#8220; header_2_font=&#8220;|700|||||||&#8220; header_2_text_color=&#8220;#95BC33&#8243; global_colors_info=&#8220;{}&#8220;]<\/p>\n<h2>Partner<\/h2>\n<p>[\/et_pb_text][\/et_pb_column][et_pb_column type=&#8220;1_3&#8243; _builder_version=&#8220;4.27.4&#8243; _module_preset=&#8220;default&#8220; global_colors_info=&#8220;{}&#8220;][\/et_pb_column][\/et_pb_row][et_pb_row _builder_version=&#8220;4.27.4&#8243; _module_preset=&#8220;default&#8220; custom_padding=&#8220;||0px||false|false&#8220; custom_css_free_form=&#8220;@media (max-width: 980px) {||   selector .et_pb_column .et_pb_row_inner, .et_pb_row {||        padding: 0!important;||    }||}&#8220; global_colors_info=&#8220;{}&#8220;][et_pb_column type=&#8220;4_4&#8243; _builder_version=&#8220;4.27.4&#8243; _module_preset=&#8220;default&#8220; global_colors_info=&#8220;{}&#8220;][dsm_image_carousel gallery_ids=&#8220;7581,7685,7694,7697,7699,7691,7874&#8243; slide_to_show=&#8220;7&#8243; arrows=&#8220;off&#8220; dots=&#8220;off&#8220; slide_to_show_tablet=&#8220;5&#8243; slide_to_show_phone=&#8220;3&#8243; slide_to_show_last_edited=&#8220;on|phone&#8220; _builder_version=&#8220;4.27.5&#8243; _module_preset=&#8220;default&#8220; custom_padding=&#8220;0px|0px|0px|0px|true|true&#8220; global_colors_info=&#8220;{}&#8220;][\/dsm_image_carousel][\/et_pb_column][\/et_pb_row][\/et_pb_section]<\/p>\n","protected":false},"excerpt":{"rendered":"<p>Flevokust HafenFlevokust Haven ist ein modernes Binnenhafengebiet n\u00f6rdlich von Lelystad, das einen Umschlagterminal und einen innovativen Gewerbepark vereint. Dank seiner strategischen Lage am IJsselmeer und seiner Anbindung an die gro\u00dfen Seeh\u00e4fen ist Flevokust Haven ein leistungsstarkes Logistikzentrum f\u00fcr Importe und Exporte. Hafenbezogene Unternehmen, die sich auf Amsterdam, Rotterdam, Antwerpen und das Ruhrgebiet konzentrieren, sind in Lelystad gut aufgestellt, was zum Teil auf die Pr\u00e4senz des Containerterminals von TMA Multimodal zur\u00fcckzuf\u00fchren ist.TMA Multimodal: St\u00e4rkung des Hafens Seit der \u00dcbernahme von CTU Flevokust im Jahr 2024 hat TMA Multimodal sein Dienstleistungsangebot im Hafen stark erweitert. Mit t\u00e4glichen Binnenschiffsverbindungen nach Rotterdam und Antwerpen, K\u00fchlanschl\u00fcssen, Gasmesseinrichtungen und einer eigenen Lkw-Flotte f\u00fcr den Nachlauf bietet TMA einen effizienten und umfassenden Logistikservice. TMA investiert auch in die Zukunft: F\u00fcr 2026 ist eine Kaierweiterung geplant, und neue Umschlaganlagen und -ger\u00e4te werden den Hafen auf ein weiteres Wachstum der Container- und Massengutstr\u00f6me vorbereiten. Damit wird ein robuster Logistikknotenpunkt geschaffen, der f\u00fcr die schnell wachsenden Warenstr\u00f6me aus der Region bereit ist. Strategischer Vorteil f\u00fcr Gro\u00dfanwender Flevokust Haven entwickelt sich rasch zu einem attraktiven Standort f\u00fcr gro\u00df angelegte Logistik. Gro\u00dfe Nutzer wie JYSK und BESTSELLER profitieren bereits von der N\u00e4he des Hafens und den nachhaltigen Transportm\u00f6glichkeiten, die das Gebiet bietet. [&hellip;]<\/p>\n","protected":false},"author":2,"featured_media":0,"parent":8412,"menu_order":0,"comment_status":"closed","ping_status":"closed","template":"","meta":{"_acf_changed":false,"_et_pb_use_builder":"on","_et_pb_old_content":"","_et_gb_content_width":"","footnotes":""},"class_list":["post-8325","page","type-page","status-publish","hentry"],"acf":[],"yoast_head":"<!-- This site is optimized with the Yoast SEO plugin v27.4 - https:\/\/yoast.com\/product\/yoast-seo-wordpress\/ -->\n<title>Flevokust Hafen | Lelystad Logistics<\/title>\n<meta name=\"description\" content=\"Flevokust Haven bietet XXL-Grundst\u00fccke, moderne Umschlaganlagen und starke Logistikverbindungen. Der ideale Ort f\u00fcr gro\u00df angelegte Logistik, Importe und Exporte.\" \/>\n<meta name=\"robots\" content=\"index, follow, max-snippet:-1, max-image-preview:large, max-video-preview:-1\" \/>\n<link rel=\"canonical\" href=\"https:\/\/lelystadlogistics.com\/de\/ueber-lelystad\/gewerbegebiete\/flevokust-hafen\/\" \/>\n<meta property=\"og:locale\" content=\"de_DE\" \/>\n<meta property=\"og:type\" content=\"article\" \/>\n<meta property=\"og:title\" content=\"Flevokust Hafen | Lelystad Logistics\" \/>\n<meta property=\"og:description\" content=\"Flevokust Haven bietet XXL-Grundst\u00fccke, moderne Umschlaganlagen und starke Logistikverbindungen. Der ideale Ort f\u00fcr gro\u00df angelegte Logistik, Importe und Exporte.\" \/>\n<meta property=\"og:url\" content=\"https:\/\/lelystadlogistics.com\/de\/ueber-lelystad\/gewerbegebiete\/flevokust-hafen\/\" \/>\n<meta property=\"og:site_name\" content=\"Lelystad Logistics\" \/>\n<meta property=\"article:modified_time\" content=\"2026-01-30T08:06:33+00:00\" \/>\n<meta property=\"og:image\" content=\"https:\/\/lelystadlogistics.com\/wp-content\/uploads\/2025\/12\/OpenGraph-Lelystad-Logistics.jpg\" \/>\n\t<meta property=\"og:image:width\" content=\"1200\" \/>\n\t<meta property=\"og:image:height\" content=\"675\" \/>\n\t<meta property=\"og:image:type\" content=\"image\/jpeg\" \/>\n<meta name=\"twitter:card\" content=\"summary_large_image\" \/>\n<meta name=\"twitter:label1\" content=\"Gesch\u00e4tzte Lesezeit\" \/>\n\t<meta name=\"twitter:data1\" content=\"5\u00a0Minuten\" \/>\n<script type=\"application\/ld+json\" class=\"yoast-schema-graph\">{\"@context\":\"https:\\\/\\\/schema.org\",\"@graph\":[{\"@type\":\"WebPage\",\"@id\":\"https:\\\/\\\/lelystadlogistics.com\\\/de\\\/ueber-lelystad\\\/gewerbegebiete\\\/flevokust-hafen\\\/\",\"url\":\"https:\\\/\\\/lelystadlogistics.com\\\/de\\\/ueber-lelystad\\\/gewerbegebiete\\\/flevokust-hafen\\\/\",\"name\":\"Flevokust Hafen | Lelystad Logistics\",\"isPartOf\":{\"@id\":\"https:\\\/\\\/lelystadlogistics.com\\\/de\\\/#website\"},\"datePublished\":\"2025-12-05T15:28:44+00:00\",\"dateModified\":\"2026-01-30T08:06:33+00:00\",\"description\":\"Flevokust Haven bietet XXL-Grundst\u00fccke, moderne Umschlaganlagen und starke Logistikverbindungen. Der ideale Ort f\u00fcr gro\u00df angelegte Logistik, Importe und Exporte.\",\"breadcrumb\":{\"@id\":\"https:\\\/\\\/lelystadlogistics.com\\\/de\\\/ueber-lelystad\\\/gewerbegebiete\\\/flevokust-hafen\\\/#breadcrumb\"},\"inLanguage\":\"de\",\"potentialAction\":[{\"@type\":\"ReadAction\",\"target\":[\"https:\\\/\\\/lelystadlogistics.com\\\/de\\\/ueber-lelystad\\\/gewerbegebiete\\\/flevokust-hafen\\\/\"]}]},{\"@type\":\"BreadcrumbList\",\"@id\":\"https:\\\/\\\/lelystadlogistics.com\\\/de\\\/ueber-lelystad\\\/gewerbegebiete\\\/flevokust-hafen\\\/#breadcrumb\",\"itemListElement\":[{\"@type\":\"ListItem\",\"position\":1,\"name\":\"Home\",\"item\":\"https:\\\/\\\/lelystadlogistics.com\\\/de\\\/\"},{\"@type\":\"ListItem\",\"position\":2,\"name\":\"\u00dcber Lelystad\",\"item\":\"https:\\\/\\\/lelystadlogistics.com\\\/de\\\/ueber-lelystad\\\/\"},{\"@type\":\"ListItem\",\"position\":3,\"name\":\"Gewerbegebiete\",\"item\":\"https:\\\/\\\/lelystadlogistics.com\\\/de\\\/ueber-lelystad\\\/gewerbegebiete\\\/\"},{\"@type\":\"ListItem\",\"position\":4,\"name\":\"Flevokust Hafen\"}]},{\"@type\":\"WebSite\",\"@id\":\"https:\\\/\\\/lelystadlogistics.com\\\/de\\\/#website\",\"url\":\"https:\\\/\\\/lelystadlogistics.com\\\/de\\\/\",\"name\":\"Lelystad Logistics\",\"description\":\"Part of Metropolitan Region Amsterdam\",\"publisher\":{\"@id\":\"https:\\\/\\\/lelystadlogistics.com\\\/de\\\/#organization\"},\"potentialAction\":[{\"@type\":\"SearchAction\",\"target\":{\"@type\":\"EntryPoint\",\"urlTemplate\":\"https:\\\/\\\/lelystadlogistics.com\\\/de\\\/?s={search_term_string}\"},\"query-input\":{\"@type\":\"PropertyValueSpecification\",\"valueRequired\":true,\"valueName\":\"search_term_string\"}}],\"inLanguage\":\"de\"},{\"@type\":\"Organization\",\"@id\":\"https:\\\/\\\/lelystadlogistics.com\\\/de\\\/#organization\",\"name\":\"Lelystad Logistics\",\"alternateName\":\"Part of Metropolitan Region Amsterdam\",\"url\":\"https:\\\/\\\/lelystadlogistics.com\\\/de\\\/\",\"logo\":{\"@type\":\"ImageObject\",\"inLanguage\":\"de\",\"@id\":\"https:\\\/\\\/lelystadlogistics.com\\\/de\\\/#\\\/schema\\\/logo\\\/image\\\/\",\"url\":\"https:\\\/\\\/lelystadlogistics.com\\\/wp-content\\\/uploads\\\/2025\\\/11\\\/Logo-Lelystad-Logistics-1.svg\",\"contentUrl\":\"https:\\\/\\\/lelystadlogistics.com\\\/wp-content\\\/uploads\\\/2025\\\/11\\\/Logo-Lelystad-Logistics-1.svg\",\"width\":1,\"height\":1,\"caption\":\"Lelystad Logistics\"},\"image\":{\"@id\":\"https:\\\/\\\/lelystadlogistics.com\\\/de\\\/#\\\/schema\\\/logo\\\/image\\\/\"}}]}<\/script>\n<!-- \/ Yoast SEO plugin. -->","yoast_head_json":{"title":"Flevokust Hafen | Lelystad Logistics","description":"Flevokust Haven bietet XXL-Grundst\u00fccke, moderne Umschlaganlagen und starke Logistikverbindungen. Der ideale Ort f\u00fcr gro\u00df angelegte Logistik, Importe und Exporte.","robots":{"index":"index","follow":"follow","max-snippet":"max-snippet:-1","max-image-preview":"max-image-preview:large","max-video-preview":"max-video-preview:-1"},"canonical":"https:\/\/lelystadlogistics.com\/de\/ueber-lelystad\/gewerbegebiete\/flevokust-hafen\/","og_locale":"de_DE","og_type":"article","og_title":"Flevokust Hafen | Lelystad Logistics","og_description":"Flevokust Haven bietet XXL-Grundst\u00fccke, moderne Umschlaganlagen und starke Logistikverbindungen. Der ideale Ort f\u00fcr gro\u00df angelegte Logistik, Importe und Exporte.","og_url":"https:\/\/lelystadlogistics.com\/de\/ueber-lelystad\/gewerbegebiete\/flevokust-hafen\/","og_site_name":"Lelystad Logistics","article_modified_time":"2026-01-30T08:06:33+00:00","og_image":[{"width":1200,"height":675,"url":"https:\/\/lelystadlogistics.com\/wp-content\/uploads\/2025\/12\/OpenGraph-Lelystad-Logistics.jpg","type":"image\/jpeg"}],"twitter_card":"summary_large_image","twitter_misc":{"Gesch\u00e4tzte Lesezeit":"5\u00a0Minuten"},"schema":{"@context":"https:\/\/schema.org","@graph":[{"@type":"WebPage","@id":"https:\/\/lelystadlogistics.com\/de\/ueber-lelystad\/gewerbegebiete\/flevokust-hafen\/","url":"https:\/\/lelystadlogistics.com\/de\/ueber-lelystad\/gewerbegebiete\/flevokust-hafen\/","name":"Flevokust Hafen | Lelystad Logistics","isPartOf":{"@id":"https:\/\/lelystadlogistics.com\/de\/#website"},"datePublished":"2025-12-05T15:28:44+00:00","dateModified":"2026-01-30T08:06:33+00:00","description":"Flevokust Haven bietet XXL-Grundst\u00fccke, moderne Umschlaganlagen und starke Logistikverbindungen. Der ideale Ort f\u00fcr gro\u00df angelegte Logistik, Importe und Exporte.","breadcrumb":{"@id":"https:\/\/lelystadlogistics.com\/de\/ueber-lelystad\/gewerbegebiete\/flevokust-hafen\/#breadcrumb"},"inLanguage":"de","potentialAction":[{"@type":"ReadAction","target":["https:\/\/lelystadlogistics.com\/de\/ueber-lelystad\/gewerbegebiete\/flevokust-hafen\/"]}]},{"@type":"BreadcrumbList","@id":"https:\/\/lelystadlogistics.com\/de\/ueber-lelystad\/gewerbegebiete\/flevokust-hafen\/#breadcrumb","itemListElement":[{"@type":"ListItem","position":1,"name":"Home","item":"https:\/\/lelystadlogistics.com\/de\/"},{"@type":"ListItem","position":2,"name":"\u00dcber Lelystad","item":"https:\/\/lelystadlogistics.com\/de\/ueber-lelystad\/"},{"@type":"ListItem","position":3,"name":"Gewerbegebiete","item":"https:\/\/lelystadlogistics.com\/de\/ueber-lelystad\/gewerbegebiete\/"},{"@type":"ListItem","position":4,"name":"Flevokust Hafen"}]},{"@type":"WebSite","@id":"https:\/\/lelystadlogistics.com\/de\/#website","url":"https:\/\/lelystadlogistics.com\/de\/","name":"Lelystad Logistics","description":"Part of Metropolitan Region Amsterdam","publisher":{"@id":"https:\/\/lelystadlogistics.com\/de\/#organization"},"potentialAction":[{"@type":"SearchAction","target":{"@type":"EntryPoint","urlTemplate":"https:\/\/lelystadlogistics.com\/de\/?s={search_term_string}"},"query-input":{"@type":"PropertyValueSpecification","valueRequired":true,"valueName":"search_term_string"}}],"inLanguage":"de"},{"@type":"Organization","@id":"https:\/\/lelystadlogistics.com\/de\/#organization","name":"Lelystad Logistics","alternateName":"Part of Metropolitan Region Amsterdam","url":"https:\/\/lelystadlogistics.com\/de\/","logo":{"@type":"ImageObject","inLanguage":"de","@id":"https:\/\/lelystadlogistics.com\/de\/#\/schema\/logo\/image\/","url":"https:\/\/lelystadlogistics.com\/wp-content\/uploads\/2025\/11\/Logo-Lelystad-Logistics-1.svg","contentUrl":"https:\/\/lelystadlogistics.com\/wp-content\/uploads\/2025\/11\/Logo-Lelystad-Logistics-1.svg","width":1,"height":1,"caption":"Lelystad Logistics"},"image":{"@id":"https:\/\/lelystadlogistics.com\/de\/#\/schema\/logo\/image\/"}}]}},"_links":{"self":[{"href":"https:\/\/lelystadlogistics.com\/de\/wp-json\/wp\/v2\/pages\/8325","targetHints":{"allow":["GET"]}}],"collection":[{"href":"https:\/\/lelystadlogistics.com\/de\/wp-json\/wp\/v2\/pages"}],"about":[{"href":"https:\/\/lelystadlogistics.com\/de\/wp-json\/wp\/v2\/types\/page"}],"author":[{"embeddable":true,"href":"https:\/\/lelystadlogistics.com\/de\/wp-json\/wp\/v2\/users\/2"}],"replies":[{"embeddable":true,"href":"https:\/\/lelystadlogistics.com\/de\/wp-json\/wp\/v2\/comments?post=8325"}],"version-history":[{"count":5,"href":"https:\/\/lelystadlogistics.com\/de\/wp-json\/wp\/v2\/pages\/8325\/revisions"}],"predecessor-version":[{"id":9594,"href":"https:\/\/lelystadlogistics.com\/de\/wp-json\/wp\/v2\/pages\/8325\/revisions\/9594"}],"up":[{"embeddable":true,"href":"https:\/\/lelystadlogistics.com\/de\/wp-json\/wp\/v2\/pages\/8412"}],"wp:attachment":[{"href":"https:\/\/lelystadlogistics.com\/de\/wp-json\/wp\/v2\/media?parent=8325"}],"curies":[{"name":"wp","href":"https:\/\/api.w.org\/{rel}","templated":true}]}}