{"id":8360,"date":"2025-12-05T16:18:17","date_gmt":"2025-12-05T15:18:17","guid":{"rendered":"https:\/\/lelystadlogistics.com\/lelystad-flughafen-businesspark-lab\/"},"modified":"2025-12-16T14:53:52","modified_gmt":"2025-12-16T13:53:52","slug":"lelystad-flughafen-businesspark-lab","status":"publish","type":"page","link":"https:\/\/lelystadlogistics.com\/de\/ueber-lelystad\/gewerbegebiete\/lelystad-flughafen-businesspark-lab\/","title":{"rendered":"Lelystad Flughafen Businesspark (LAB)"},"content":{"rendered":"<p>[et_pb_section fb_built=&#8220;1&#8243; admin_label=&#8220;Contentheader&#8220; module_class=&#8220;header-divider&#8220; _builder_version=&#8220;4.27.4&#8243; _module_preset=&#8220;default&#8220; background_image=&#8220;https:\/\/lelystadlogistics.com\/wp-content\/uploads\/2025\/11\/Bataviahaven-Pleziervaart2023-768&#215;576-1.png&#8220; background_position=&#8220;top_center&#8220; background_vertical_offset=&#8220;11%&#8220; height=&#8220;785px&#8220; height_tablet=&#8220;700px&#8220; height_phone=&#8220;530px&#8220; height_last_edited=&#8220;on|phone&#8220; top_divider_height=&#8220;571px&#8220; top_divider_height_tablet=&#8220;370px&#8220; top_divider_height_phone=&#8220;215px&#8220; top_divider_height_last_edited=&#8220;on|tablet&#8220; global_colors_info=&#8220;{}&#8220;][\/et_pb_section][et_pb_section fb_built=&#8220;1&#8243; _builder_version=&#8220;4.27.4&#8243; _module_preset=&#8220;default&#8220; overflow-x=&#8220;hidden&#8220; overflow-y=&#8220;hidden&#8220; custom_margin=&#8220;||||false|false&#8220; custom_padding=&#8220;63px||3px||false|false&#8220; global_colors_info=&#8220;{}&#8220;][et_pb_row column_structure=&#8220;2_3,1_3&#8243; _builder_version=&#8220;4.27.4&#8243; _module_preset=&#8220;default&#8220; custom_margin=&#8220;||65px||false|false&#8220; custom_margin_tablet=&#8220;||0px||false|false&#8220; custom_margin_phone=&#8220;||0px||false|false&#8220; custom_margin_last_edited=&#8220;on|tablet&#8220; custom_padding=&#8220;0px||0px||true|false&#8220; global_colors_info=&#8220;{}&#8220;][et_pb_column type=&#8220;2_3&#8243; _builder_version=&#8220;4.27.4&#8243; _module_preset=&#8220;default&#8220; global_colors_info=&#8220;{}&#8220;][et_pb_text _builder_version=&#8220;4.27.4&#8243; _module_preset=&#8220;default&#8220; header_font=&#8220;|700|||||||&#8220; custom_margin=&#8220;||10px||false|false&#8220; custom_padding=&#8220;||0px||false|false&#8220; global_colors_info=&#8220;{}&#8220;]<\/p>\n<h1>Lelystad Flughafen Businesspark (LAB)<\/h1>\n<p>[\/et_pb_text][et_pb_text _builder_version=&#8220;4.27.4&#8243; _module_preset=&#8220;default&#8220; text_font=&#8220;|700|||||||&#8220; text_font_size=&#8220;20px&#8220; text_line_height=&#8220;25px&#8220; max_width=&#8220;728px&#8220; hover_enabled=&#8220;0&#8243; global_colors_info=&#8220;{}&#8220; sticky_enabled=&#8220;0&#8243;]<\/p>\n<p>Der <a href=\"https:\/\/lelystadairportbusinesspark.nl\/\" target=\"_blank\" rel=\"noopener\">Lelystad Airport Businesspark (LAB)<\/a> ist ein zukunftsorientiertes Gewerbegebiet zwischen der A6 und dem Flughafen Lelystad. Das Gebiet zeichnet sich durch seine Gr\u00f6\u00dfe, seine Nachhaltigkeit und seine strategische Lage innerhalb des <g id=\"gid_1\">Gro\u00dfraums Amsterdam (MRA<\/g>) aus. LAB ist der erste BREEAM-NL-zertifizierte Businesspark in den Niederlanden, ein Beweis f\u00fcr eine hochwertige, nachhaltige Gebietsentwicklung und eine effiziente Fl\u00e4chennutzung.  <\/p>\n<p>[\/et_pb_text][\/et_pb_column][et_pb_column type=&#8220;1_3&#8243; _builder_version=&#8220;4.27.4&#8243; _module_preset=&#8220;default&#8220; global_colors_info=&#8220;{}&#8220;][\/et_pb_column][\/et_pb_row][et_pb_row column_structure=&#8220;3_5,2_5&#8243; _builder_version=&#8220;4.27.4&#8243; _module_preset=&#8220;default&#8220; custom_margin=&#8220;|auto|-2px|auto|false|false&#8220; global_colors_info=&#8220;{}&#8220;][et_pb_column type=&#8220;3_5&#8243; _builder_version=&#8220;4.27.4&#8243; _module_preset=&#8220;default&#8220; global_colors_info=&#8220;{}&#8220;][et_pb_text _builder_version=&#8220;4.27.4&#8243; _module_preset=&#8220;default&#8220; max_width=&#8220;820px&#8220; global_colors_info=&#8220;{}&#8220;]<\/p>\n<h4 data-start=\"1378\" data-end=\"1426\"><strong data-start=\"1382\" data-end=\"1424\">Raum f\u00fcr Logistik und Wachstum<\/strong><\/h4>\n<p data-start=\"1427\" data-end=\"1813\">Bei LAB finden Unternehmen buchst\u00e4blich und im \u00fcbertragenen Sinne den Raum, um zu bauen und zu wachsen. Die Grundst\u00fccke sind flexibel angelegt, eignen sich hervorragend f\u00fcr gro\u00dffl\u00e4chige Logistik und bieten die M\u00f6glichkeit, ma\u00dfgeschneiderte L\u00f6sungen zu realisieren. Das Areal ist f\u00fcr Unternehmen konzipiert, die zukunftssichere Gesch\u00e4fte machen wollen, mit dem Schwerpunkt auf Energie, Nachhaltigkeit und innovativen Gesch\u00e4ftsprozessen.  <\/p>\n<p data-start=\"1815\" data-end=\"2120\">LAB entwickelt sich schnell zu einem wichtigen Knotenpunkt f\u00fcr Logistik und internationale Gesch\u00e4fte. Gro\u00dfe Namen wie BESTSELLER, Inditex und JYSK haben sich bereits f\u00fcr Lelystad entschieden. Ihre Pr\u00e4senz unterstreicht das Potenzial der Gegend als moderner Logistik-Hotspot.  <\/p>\n<p>[\/et_pb_text][et_pb_text _builder_version=&#8220;4.27.4&#8243; _module_preset=&#8220;default&#8220; max_width=&#8220;820px&#8220; global_colors_info=&#8220;{}&#8220;]<\/p>\n<h4 data-start=\"2122\" data-end=\"2165\"><strong data-start=\"2126\" data-end=\"2163\">Zukunftssichere Infrastruktur<\/strong><\/h4>\n<p data-start=\"2166\" data-end=\"2474\">Das Gebiet wird durch Investitionen in Energie- und Infrastruktureinrichtungen weiter gest\u00e4rkt werden. So wird etwa Anfang 2027 ein neues Umspannwerk zur Verf\u00fcgung stehen, das die Energieversorgungskapazit\u00e4t erh\u00f6ht und den Unternehmen eine stabile, zukunftssichere Basis f\u00fcr ihr Wachstum bietet. <\/p>\n<p data-start=\"2476\" data-end=\"2729\">Seine Lage zwischen Autobahn und Flughafen bietet eine hervorragende Erreichbarkeit f\u00fcr den G\u00fcterverkehr, internationale Logistikrouten und Personal. Damit ist LAB eine \u00fcberzeugende Alternative zu den beengten und kostspieligen Standorten in der traditionellen Randstad. <\/p>\n<p>[\/et_pb_text][\/et_pb_column][et_pb_column type=&#8220;2_5&#8243; _builder_version=&#8220;4.27.4&#8243; _module_preset=&#8220;default&#8220; custom_css_free_form=&#8220;@media screen and (min-width: 480px) and (max-width: 980px) {||  selector {||      max-width: 460px;||  }||}&#8220; global_colors_info=&#8220;{}&#8220;][et_pb_image src=&#8220;https:\/\/lelystadlogistics.com\/wp-content\/uploads\/2025\/11\/LAB-2025-Pluim-Fotografie-16-scaled.jpg&#8220; alt=&#8220;Luftaufnahme LAB&#8220; title_text=&#8220;LAB 2025 - Pluim Fotografie-16&#8243; _builder_version=&#8220;4.27.4&#8243; _module_preset=&#8220;default&#8220; width=&#8220;396px&#8220; max_width=&#8220;396px&#8220; min_height=&#8220;396px&#8220; height=&#8220;396px&#8220; border_radii=&#8220;on|50%|50%|50%|50%&#8220; global_colors_info=&#8220;{}&#8220;][\/et_pb_image][et_pb_text _builder_version=&#8220;4.27.4&#8243; _module_preset=&#8220;default&#8220; background_color=&#8220;#95BC33&#8243; positioning=&#8220;absolute&#8220; position_origin_a=&#8220;bottom_right&#8220; vertical_offset=&#8220;15px&#8220; horizontal_offset=&#8220;85px&#8220; horizontal_offset_tablet=&#8220;85px&#8220; horizontal_offset_phone=&#8220;0px&#8220; horizontal_offset_last_edited=&#8220;on|phone&#8220; width=&#8220;90px&#8220; max_width=&#8220;90px&#8220; min_height=&#8220;90px&#8220; height=&#8220;90px&#8220; border_radii=&#8220;on|50%|50%|50%|50%&#8220; global_colors_info=&#8220;{}&#8220;][\/et_pb_text][\/et_pb_column][\/et_pb_row][et_pb_row _builder_version=&#8220;4.27.4&#8243; _module_preset=&#8220;default&#8220; global_colors_info=&#8220;{}&#8220;][et_pb_column type=&#8220;4_4&#8243; _builder_version=&#8220;4.27.4&#8243; _module_preset=&#8220;default&#8220; global_colors_info=&#8220;{}&#8220;][et_pb_text _builder_version=&#8220;4.27.4&#8243; _module_preset=&#8220;default&#8220; global_colors_info=&#8220;{}&#8220;]<\/p>\n<h4 data-start=\"2731\" data-end=\"2775\"><strong data-start=\"2735\" data-end=\"2775\">Gesch\u00e4fte machen im Herzen von Flevoland<\/strong><\/h4>\n<p data-start=\"2776\" data-end=\"3031\">Mit Platz, Gr\u00f6\u00dfe, Nachhaltigkeit und strategischer Lage hat LAB alle Zutaten f\u00fcr Unternehmen, die sich in der modernen Logistik und Fertigung auszeichnen wollen. Hier gestalten Sie die Zukunft in einem Umfeld, in dem Innovation, Zusammenarbeit und Wachstum im Vordergrund stehen. <\/p>\n<p>[\/et_pb_text][et_pb_button button_url=&#8220;https:\/\/lelystadairportbusinesspark.nl\/&#8220; button_text=&#8220;Erfahren Sie mehr \u00fcber LAB&#8220; _builder_version=&#8220;4.27.4&#8243; _module_preset=&#8220;default&#8220; global_colors_info=&#8220;{}&#8220;][\/et_pb_button][\/et_pb_column][\/et_pb_row][\/et_pb_section][et_pb_section fb_built=&#8220;1&#8243; admin_label=&#8220;Partners&#8220; _builder_version=&#8220;4.27.4&#8243; _module_preset=&#8220;default&#8220; custom_margin=&#8220;||||false|false&#8220; custom_padding=&#8220;99px|||||&#8220; global_module=&#8220;426&#8243; locked=&#8220;off&#8220; global_colors_info=&#8220;{}&#8220;][et_pb_row column_structure=&#8220;2_3,1_3&#8243; _builder_version=&#8220;4.27.4&#8243; _module_preset=&#8220;default&#8220; custom_padding=&#8220;5px||0px||false|false&#8220; border_width_top=&#8220;3px&#8220; border_color_top=&#8220;#002B51&#8243; global_colors_info=&#8220;{}&#8220;][et_pb_column type=&#8220;2_3&#8243; _builder_version=&#8220;4.27.4&#8243; _module_preset=&#8220;default&#8220; global_colors_info=&#8220;{}&#8220;][et_pb_text _builder_version=&#8220;4.27.4&#8243; _module_preset=&#8220;default&#8220; header_2_font=&#8220;|700|||||||&#8220; header_2_text_color=&#8220;#95BC33&#8243; global_colors_info=&#8220;{}&#8220;]<\/p>\n<h2>Partner<\/h2>\n<p>[\/et_pb_text][\/et_pb_column][et_pb_column type=&#8220;1_3&#8243; _builder_version=&#8220;4.27.4&#8243; _module_preset=&#8220;default&#8220; global_colors_info=&#8220;{}&#8220;][\/et_pb_column][\/et_pb_row][et_pb_row _builder_version=&#8220;4.27.4&#8243; _module_preset=&#8220;default&#8220; custom_padding=&#8220;||0px||false|false&#8220; custom_css_free_form=&#8220;@media (max-width: 980px) {||   selector .et_pb_column .et_pb_row_inner, .et_pb_row {||        padding: 0!important;||    }||}&#8220; global_colors_info=&#8220;{}&#8220;][et_pb_column type=&#8220;4_4&#8243; _builder_version=&#8220;4.27.4&#8243; _module_preset=&#8220;default&#8220; global_colors_info=&#8220;{}&#8220;][dsm_image_carousel gallery_ids=&#8220;7709,7685,7691,7694,7697,7699,7581&#8243; slide_to_show=&#8220;5&#8243; arrows=&#8220;off&#8220; dots=&#8220;off&#8220; slide_to_show_tablet=&#8220;3&#8243; slide_to_show_phone=&#8220;2&#8243; slide_to_show_last_edited=&#8220;on|phone&#8220; _builder_version=&#8220;4.27.4&#8243; _module_preset=&#8220;default&#8220; custom_padding=&#8220;0px|0px|0px|0px|true|true&#8220; global_colors_info=&#8220;{}&#8220;][\/dsm_image_carousel][\/et_pb_column][\/et_pb_row][\/et_pb_section]<\/p>\n","protected":false},"excerpt":{"rendered":"<p>Lelystad Flughafen Businesspark (LAB)Der Lelystad Airport Businesspark (LAB) ist ein zukunftsorientiertes Gewerbegebiet zwischen der A6 und dem Flughafen Lelystad. Das Gebiet zeichnet sich durch seine Gr\u00f6\u00dfe, seine Nachhaltigkeit und seine strategische Lage innerhalb des Gro\u00dfraums Amsterdam (MRA) aus. LAB ist der erste BREEAM-NL-zertifizierte Businesspark in den Niederlanden, ein Beweis f\u00fcr eine hochwertige, nachhaltige Gebietsentwicklung und eine effiziente Fl\u00e4chennutzung. Raum f\u00fcr Logistik und Wachstum Bei LAB finden Unternehmen buchst\u00e4blich und im \u00fcbertragenen Sinne den Raum, um zu bauen und zu wachsen. Die Grundst\u00fccke sind flexibel angelegt, eignen sich hervorragend f\u00fcr gro\u00dffl\u00e4chige Logistik und bieten die M\u00f6glichkeit, ma\u00dfgeschneiderte L\u00f6sungen zu realisieren. Das Areal ist f\u00fcr Unternehmen konzipiert, die zukunftssichere Gesch\u00e4fte machen wollen, mit dem Schwerpunkt auf Energie, Nachhaltigkeit und innovativen Gesch\u00e4ftsprozessen. LAB entwickelt sich schnell zu einem wichtigen Knotenpunkt f\u00fcr Logistik und internationale Gesch\u00e4fte. Gro\u00dfe Namen wie BESTSELLER, Inditex und JYSK haben sich bereits f\u00fcr Lelystad entschieden. Ihre Pr\u00e4senz unterstreicht das Potenzial der Gegend als moderner Logistik-Hotspot. Zukunftssichere Infrastruktur Das Gebiet wird durch Investitionen in Energie- und Infrastruktureinrichtungen weiter gest\u00e4rkt werden. So wird etwa Anfang 2027 ein neues Umspannwerk zur Verf\u00fcgung stehen, das die Energieversorgungskapazit\u00e4t erh\u00f6ht und den Unternehmen eine stabile, zukunftssichere Basis f\u00fcr ihr Wachstum bietet. Seine Lage zwischen Autobahn und [&hellip;]<\/p>\n","protected":false},"author":2,"featured_media":0,"parent":8412,"menu_order":0,"comment_status":"closed","ping_status":"closed","template":"","meta":{"_acf_changed":false,"_et_pb_use_builder":"on","_et_pb_old_content":"","_et_gb_content_width":"","footnotes":""},"class_list":["post-8360","page","type-page","status-publish","hentry"],"acf":[],"yoast_head":"<!-- This site is optimized with the Yoast SEO plugin v27.4 - https:\/\/yoast.com\/product\/yoast-seo-wordpress\/ -->\n<title>Lelystad Flughafen Businesspark (LAB) | Lelystad Logistics<\/title>\n<meta name=\"description\" content=\"LAB bietet Platz, Gr\u00f6\u00dfe und Nachhaltigkeit f\u00fcr moderne Logistik. Entdecken Sie diesen BREEAM-zertifizierten Gewerbepark zwischen der A6 und dem Flughafen Lelystad.\" \/>\n<meta name=\"robots\" content=\"index, follow, max-snippet:-1, max-image-preview:large, max-video-preview:-1\" \/>\n<link rel=\"canonical\" href=\"https:\/\/lelystadlogistics.com\/de\/ueber-lelystad\/gewerbegebiete\/lelystad-flughafen-businesspark-lab\/\" \/>\n<meta property=\"og:locale\" content=\"de_DE\" \/>\n<meta property=\"og:type\" content=\"article\" \/>\n<meta property=\"og:title\" content=\"Lelystad Flughafen Businesspark (LAB) | Lelystad Logistics\" \/>\n<meta property=\"og:description\" content=\"LAB bietet Platz, Gr\u00f6\u00dfe und Nachhaltigkeit f\u00fcr moderne Logistik. Entdecken Sie diesen BREEAM-zertifizierten Gewerbepark zwischen der A6 und dem Flughafen Lelystad.\" \/>\n<meta property=\"og:url\" content=\"https:\/\/lelystadlogistics.com\/de\/ueber-lelystad\/gewerbegebiete\/lelystad-flughafen-businesspark-lab\/\" \/>\n<meta property=\"og:site_name\" content=\"Lelystad Logistics\" \/>\n<meta property=\"article:modified_time\" content=\"2025-12-16T13:53:52+00:00\" \/>\n<meta property=\"og:image\" content=\"https:\/\/lelystadlogistics.com\/wp-content\/uploads\/2025\/12\/OpenGraph-Lelystad-Logistics.jpg\" \/>\n\t<meta property=\"og:image:width\" content=\"1200\" \/>\n\t<meta property=\"og:image:height\" content=\"675\" \/>\n\t<meta property=\"og:image:type\" content=\"image\/jpeg\" \/>\n<meta name=\"twitter:card\" content=\"summary_large_image\" \/>\n<meta name=\"twitter:label1\" content=\"Gesch\u00e4tzte Lesezeit\" \/>\n\t<meta name=\"twitter:data1\" content=\"5\u00a0Minuten\" \/>\n<script type=\"application\/ld+json\" class=\"yoast-schema-graph\">{\"@context\":\"https:\\\/\\\/schema.org\",\"@graph\":[{\"@type\":\"WebPage\",\"@id\":\"https:\\\/\\\/lelystadlogistics.com\\\/de\\\/ueber-lelystad\\\/gewerbegebiete\\\/lelystad-flughafen-businesspark-lab\\\/\",\"url\":\"https:\\\/\\\/lelystadlogistics.com\\\/de\\\/ueber-lelystad\\\/gewerbegebiete\\\/lelystad-flughafen-businesspark-lab\\\/\",\"name\":\"Lelystad Flughafen Businesspark (LAB) | Lelystad Logistics\",\"isPartOf\":{\"@id\":\"https:\\\/\\\/lelystadlogistics.com\\\/de\\\/#website\"},\"datePublished\":\"2025-12-05T15:18:17+00:00\",\"dateModified\":\"2025-12-16T13:53:52+00:00\",\"description\":\"LAB bietet Platz, Gr\u00f6\u00dfe und Nachhaltigkeit f\u00fcr moderne Logistik. Entdecken Sie diesen BREEAM-zertifizierten Gewerbepark zwischen der A6 und dem Flughafen Lelystad.\",\"breadcrumb\":{\"@id\":\"https:\\\/\\\/lelystadlogistics.com\\\/de\\\/ueber-lelystad\\\/gewerbegebiete\\\/lelystad-flughafen-businesspark-lab\\\/#breadcrumb\"},\"inLanguage\":\"de\",\"potentialAction\":[{\"@type\":\"ReadAction\",\"target\":[\"https:\\\/\\\/lelystadlogistics.com\\\/de\\\/ueber-lelystad\\\/gewerbegebiete\\\/lelystad-flughafen-businesspark-lab\\\/\"]}]},{\"@type\":\"BreadcrumbList\",\"@id\":\"https:\\\/\\\/lelystadlogistics.com\\\/de\\\/ueber-lelystad\\\/gewerbegebiete\\\/lelystad-flughafen-businesspark-lab\\\/#breadcrumb\",\"itemListElement\":[{\"@type\":\"ListItem\",\"position\":1,\"name\":\"Home\",\"item\":\"https:\\\/\\\/lelystadlogistics.com\\\/de\\\/\"},{\"@type\":\"ListItem\",\"position\":2,\"name\":\"\u00dcber Lelystad\",\"item\":\"https:\\\/\\\/lelystadlogistics.com\\\/de\\\/ueber-lelystad\\\/\"},{\"@type\":\"ListItem\",\"position\":3,\"name\":\"Gewerbegebiete\",\"item\":\"https:\\\/\\\/lelystadlogistics.com\\\/de\\\/ueber-lelystad\\\/gewerbegebiete\\\/\"},{\"@type\":\"ListItem\",\"position\":4,\"name\":\"Lelystad Flughafen Businesspark (LAB)\"}]},{\"@type\":\"WebSite\",\"@id\":\"https:\\\/\\\/lelystadlogistics.com\\\/de\\\/#website\",\"url\":\"https:\\\/\\\/lelystadlogistics.com\\\/de\\\/\",\"name\":\"Lelystad Logistics\",\"description\":\"Part of Metropolitan Region Amsterdam\",\"publisher\":{\"@id\":\"https:\\\/\\\/lelystadlogistics.com\\\/de\\\/#organization\"},\"potentialAction\":[{\"@type\":\"SearchAction\",\"target\":{\"@type\":\"EntryPoint\",\"urlTemplate\":\"https:\\\/\\\/lelystadlogistics.com\\\/de\\\/?s={search_term_string}\"},\"query-input\":{\"@type\":\"PropertyValueSpecification\",\"valueRequired\":true,\"valueName\":\"search_term_string\"}}],\"inLanguage\":\"de\"},{\"@type\":\"Organization\",\"@id\":\"https:\\\/\\\/lelystadlogistics.com\\\/de\\\/#organization\",\"name\":\"Lelystad Logistics\",\"alternateName\":\"Part of Metropolitan Region Amsterdam\",\"url\":\"https:\\\/\\\/lelystadlogistics.com\\\/de\\\/\",\"logo\":{\"@type\":\"ImageObject\",\"inLanguage\":\"de\",\"@id\":\"https:\\\/\\\/lelystadlogistics.com\\\/de\\\/#\\\/schema\\\/logo\\\/image\\\/\",\"url\":\"https:\\\/\\\/lelystadlogistics.com\\\/wp-content\\\/uploads\\\/2025\\\/11\\\/Logo-Lelystad-Logistics-1.svg\",\"contentUrl\":\"https:\\\/\\\/lelystadlogistics.com\\\/wp-content\\\/uploads\\\/2025\\\/11\\\/Logo-Lelystad-Logistics-1.svg\",\"width\":1,\"height\":1,\"caption\":\"Lelystad Logistics\"},\"image\":{\"@id\":\"https:\\\/\\\/lelystadlogistics.com\\\/de\\\/#\\\/schema\\\/logo\\\/image\\\/\"}}]}<\/script>\n<!-- \/ Yoast SEO plugin. -->","yoast_head_json":{"title":"Lelystad Flughafen Businesspark (LAB) | Lelystad Logistics","description":"LAB bietet Platz, Gr\u00f6\u00dfe und Nachhaltigkeit f\u00fcr moderne Logistik. Entdecken Sie diesen BREEAM-zertifizierten Gewerbepark zwischen der A6 und dem Flughafen Lelystad.","robots":{"index":"index","follow":"follow","max-snippet":"max-snippet:-1","max-image-preview":"max-image-preview:large","max-video-preview":"max-video-preview:-1"},"canonical":"https:\/\/lelystadlogistics.com\/de\/ueber-lelystad\/gewerbegebiete\/lelystad-flughafen-businesspark-lab\/","og_locale":"de_DE","og_type":"article","og_title":"Lelystad Flughafen Businesspark (LAB) | Lelystad Logistics","og_description":"LAB bietet Platz, Gr\u00f6\u00dfe und Nachhaltigkeit f\u00fcr moderne Logistik. Entdecken Sie diesen BREEAM-zertifizierten Gewerbepark zwischen der A6 und dem Flughafen Lelystad.","og_url":"https:\/\/lelystadlogistics.com\/de\/ueber-lelystad\/gewerbegebiete\/lelystad-flughafen-businesspark-lab\/","og_site_name":"Lelystad Logistics","article_modified_time":"2025-12-16T13:53:52+00:00","og_image":[{"width":1200,"height":675,"url":"https:\/\/lelystadlogistics.com\/wp-content\/uploads\/2025\/12\/OpenGraph-Lelystad-Logistics.jpg","type":"image\/jpeg"}],"twitter_card":"summary_large_image","twitter_misc":{"Gesch\u00e4tzte Lesezeit":"5\u00a0Minuten"},"schema":{"@context":"https:\/\/schema.org","@graph":[{"@type":"WebPage","@id":"https:\/\/lelystadlogistics.com\/de\/ueber-lelystad\/gewerbegebiete\/lelystad-flughafen-businesspark-lab\/","url":"https:\/\/lelystadlogistics.com\/de\/ueber-lelystad\/gewerbegebiete\/lelystad-flughafen-businesspark-lab\/","name":"Lelystad Flughafen Businesspark (LAB) | Lelystad Logistics","isPartOf":{"@id":"https:\/\/lelystadlogistics.com\/de\/#website"},"datePublished":"2025-12-05T15:18:17+00:00","dateModified":"2025-12-16T13:53:52+00:00","description":"LAB bietet Platz, Gr\u00f6\u00dfe und Nachhaltigkeit f\u00fcr moderne Logistik. Entdecken Sie diesen BREEAM-zertifizierten Gewerbepark zwischen der A6 und dem Flughafen Lelystad.","breadcrumb":{"@id":"https:\/\/lelystadlogistics.com\/de\/ueber-lelystad\/gewerbegebiete\/lelystad-flughafen-businesspark-lab\/#breadcrumb"},"inLanguage":"de","potentialAction":[{"@type":"ReadAction","target":["https:\/\/lelystadlogistics.com\/de\/ueber-lelystad\/gewerbegebiete\/lelystad-flughafen-businesspark-lab\/"]}]},{"@type":"BreadcrumbList","@id":"https:\/\/lelystadlogistics.com\/de\/ueber-lelystad\/gewerbegebiete\/lelystad-flughafen-businesspark-lab\/#breadcrumb","itemListElement":[{"@type":"ListItem","position":1,"name":"Home","item":"https:\/\/lelystadlogistics.com\/de\/"},{"@type":"ListItem","position":2,"name":"\u00dcber Lelystad","item":"https:\/\/lelystadlogistics.com\/de\/ueber-lelystad\/"},{"@type":"ListItem","position":3,"name":"Gewerbegebiete","item":"https:\/\/lelystadlogistics.com\/de\/ueber-lelystad\/gewerbegebiete\/"},{"@type":"ListItem","position":4,"name":"Lelystad Flughafen Businesspark (LAB)"}]},{"@type":"WebSite","@id":"https:\/\/lelystadlogistics.com\/de\/#website","url":"https:\/\/lelystadlogistics.com\/de\/","name":"Lelystad Logistics","description":"Part of Metropolitan Region Amsterdam","publisher":{"@id":"https:\/\/lelystadlogistics.com\/de\/#organization"},"potentialAction":[{"@type":"SearchAction","target":{"@type":"EntryPoint","urlTemplate":"https:\/\/lelystadlogistics.com\/de\/?s={search_term_string}"},"query-input":{"@type":"PropertyValueSpecification","valueRequired":true,"valueName":"search_term_string"}}],"inLanguage":"de"},{"@type":"Organization","@id":"https:\/\/lelystadlogistics.com\/de\/#organization","name":"Lelystad Logistics","alternateName":"Part of Metropolitan Region Amsterdam","url":"https:\/\/lelystadlogistics.com\/de\/","logo":{"@type":"ImageObject","inLanguage":"de","@id":"https:\/\/lelystadlogistics.com\/de\/#\/schema\/logo\/image\/","url":"https:\/\/lelystadlogistics.com\/wp-content\/uploads\/2025\/11\/Logo-Lelystad-Logistics-1.svg","contentUrl":"https:\/\/lelystadlogistics.com\/wp-content\/uploads\/2025\/11\/Logo-Lelystad-Logistics-1.svg","width":1,"height":1,"caption":"Lelystad Logistics"},"image":{"@id":"https:\/\/lelystadlogistics.com\/de\/#\/schema\/logo\/image\/"}}]}},"_links":{"self":[{"href":"https:\/\/lelystadlogistics.com\/de\/wp-json\/wp\/v2\/pages\/8360","targetHints":{"allow":["GET"]}}],"collection":[{"href":"https:\/\/lelystadlogistics.com\/de\/wp-json\/wp\/v2\/pages"}],"about":[{"href":"https:\/\/lelystadlogistics.com\/de\/wp-json\/wp\/v2\/types\/page"}],"author":[{"embeddable":true,"href":"https:\/\/lelystadlogistics.com\/de\/wp-json\/wp\/v2\/users\/2"}],"replies":[{"embeddable":true,"href":"https:\/\/lelystadlogistics.com\/de\/wp-json\/wp\/v2\/comments?post=8360"}],"version-history":[{"count":13,"href":"https:\/\/lelystadlogistics.com\/de\/wp-json\/wp\/v2\/pages\/8360\/revisions"}],"predecessor-version":[{"id":8382,"href":"https:\/\/lelystadlogistics.com\/de\/wp-json\/wp\/v2\/pages\/8360\/revisions\/8382"}],"up":[{"embeddable":true,"href":"https:\/\/lelystadlogistics.com\/de\/wp-json\/wp\/v2\/pages\/8412"}],"wp:attachment":[{"href":"https:\/\/lelystadlogistics.com\/de\/wp-json\/wp\/v2\/media?parent=8360"}],"curies":[{"name":"wp","href":"https:\/\/api.w.org\/{rel}","templated":true}]}}