{"id":8412,"date":"2025-12-02T14:09:46","date_gmt":"2025-12-02T13:09:46","guid":{"rendered":"https:\/\/lelystadlogistics.com\/ueber-lelystad\/gewerbegebiete\/"},"modified":"2025-12-16T14:53:52","modified_gmt":"2025-12-16T13:53:52","slug":"gewerbegebiete","status":"publish","type":"page","link":"https:\/\/lelystadlogistics.com\/de\/ueber-lelystad\/gewerbegebiete\/","title":{"rendered":"Gewerbegebiete"},"content":{"rendered":"<p>[et_pb_section fb_built=&#8220;1&#8243; admin_label=&#8220;Contentheader&#8220; module_class=&#8220;header-divider&#8220; _builder_version=&#8220;4.27.4&#8243; _module_preset=&#8220;default&#8220; background_image=&#8220;https:\/\/lelystadlogistics.com\/wp-content\/uploads\/2025\/12\/LAB-2025-Pluim-Fotografie-36-scaled.jpg&#8220; background_position=&#8220;top_center&#8220; background_vertical_offset=&#8220;11%&#8220; height=&#8220;785px&#8220; height_tablet=&#8220;700px&#8220; height_phone=&#8220;530px&#8220; height_last_edited=&#8220;on|phone&#8220; top_divider_height=&#8220;571px&#8220; top_divider_height_tablet=&#8220;370px&#8220; top_divider_height_phone=&#8220;215px&#8220; top_divider_height_last_edited=&#8220;on|tablet&#8220; global_colors_info=&#8220;{}&#8220;][\/et_pb_section][et_pb_section fb_built=&#8220;1&#8243; _builder_version=&#8220;4.27.4&#8243; _module_preset=&#8220;default&#8220; overflow-x=&#8220;hidden&#8220; overflow-y=&#8220;hidden&#8220; custom_margin=&#8220;||||false|false&#8220; custom_padding=&#8220;63px||3px||false|false&#8220; global_colors_info=&#8220;{}&#8220;][et_pb_row column_structure=&#8220;2_3,1_3&#8243; _builder_version=&#8220;4.27.4&#8243; _module_preset=&#8220;default&#8220; custom_margin=&#8220;||65px||false|false&#8220; custom_margin_tablet=&#8220;||0px||false|false&#8220; custom_margin_phone=&#8220;||0px||false|false&#8220; custom_margin_last_edited=&#8220;on|tablet&#8220; custom_padding=&#8220;0px||0px||true|false&#8220; global_colors_info=&#8220;{}&#8220;][et_pb_column type=&#8220;2_3&#8243; _builder_version=&#8220;4.27.4&#8243; _module_preset=&#8220;default&#8220; global_colors_info=&#8220;{}&#8220;][et_pb_text _builder_version=&#8220;4.27.4&#8243; _module_preset=&#8220;default&#8220; header_font=&#8220;|700|||||||&#8220; custom_margin=&#8220;||10px||false|false&#8220; custom_padding=&#8220;||0px||false|false&#8220; global_colors_info=&#8220;{}&#8220;]<\/p>\n<h1>Gewerbegebiete<\/h1>\n<p>[\/et_pb_text][et_pb_text _builder_version=&#8220;4.27.4&#8243; _module_preset=&#8220;default&#8220; text_font=&#8220;|700|||||||&#8220; text_font_size=&#8220;20px&#8220; text_line_height=&#8220;25px&#8220; max_width=&#8220;728px&#8220; global_colors_info=&#8220;{}&#8220;]<\/p>\n<p>Lelystad bietet Unternehmern etwas, das in vielen Regionen knapp geworden ist: Platz. Die Stadt verf\u00fcgt \u00fcber mehrere moderne, gut angebundene Gewerbegebiete, in denen Unternehmen wachsen und nachhaltige Investitionen in die Zukunft t\u00e4tigen k\u00f6nnen. Die wettbewerbsf\u00e4higen Grundst\u00fcckspreise, die gro\u00dfen Gewerbefl\u00e4chen und die flexiblen Entwicklungsm\u00f6glichkeiten machen Lelystad attraktiv f\u00fcr Logistikunternehmen, Produktionsbetriebe und internationale Unternehmen, die sich in den Niederlanden niederlassen wollen.  <\/p>\n<p>[\/et_pb_text][\/et_pb_column][et_pb_column type=&#8220;1_3&#8243; _builder_version=&#8220;4.27.4&#8243; _module_preset=&#8220;default&#8220; global_colors_info=&#8220;{}&#8220;][\/et_pb_column][\/et_pb_row][et_pb_row column_structure=&#8220;3_5,2_5&#8243; _builder_version=&#8220;4.27.4&#8243; _module_preset=&#8220;default&#8220; custom_margin=&#8220;|auto|-2px|auto|false|false&#8220; global_colors_info=&#8220;{}&#8220;][et_pb_column type=&#8220;3_5&#8243; _builder_version=&#8220;4.27.4&#8243; _module_preset=&#8220;default&#8220; global_colors_info=&#8220;{}&#8220;][et_pb_text _builder_version=&#8220;4.27.4&#8243; _module_preset=&#8220;default&#8220; header_2_font=&#8220;|700|||||||&#8220; custom_margin=&#8220;||10px||false|false&#8220; custom_padding=&#8220;||0px||false|false&#8220; global_colors_info=&#8220;{}&#8220;]<\/p>\n<h2><strong>Raum zum Wachsen<\/strong><\/h2>\n<p>[\/et_pb_text][et_pb_text _builder_version=&#8220;4.27.4&#8243; _module_preset=&#8220;default&#8220; max_width=&#8220;820px&#8220; global_colors_info=&#8220;{}&#8220;]<\/p>\n<h4>Lelystad Flughafen Businesspark (LAB)<\/h4>\n<p>Zwischen der A6 und dem Flughafen Lelystad liegt der zukunftsorientierte Lelystad Airport Businesspark (LAB), das erste BREEAM-NL-zertifizierte Gewerbegebiet in den Niederlanden. LAB bietet Raum f\u00fcr innovative und nachhaltige Logistikentwicklung und beherbergt Unternehmen wie Bestseller, Inditex und JYSK. <\/p>\n<p>[\/et_pb_text][et_pb_button button_url=&#8220;https:\/\/lelystadlogistics.com\/de\/ueber-lelystad\/gewerbegebiete\/lelystad-flughafen-businesspark-lab\/&#8220; button_text=&#8220;Lesen Sie mehr \u00fcber LAB&#8220; _builder_version=&#8220;4.27.4&#8243; _module_preset=&#8220;default&#8220; global_colors_info=&#8220;{}&#8220;][\/et_pb_button][et_pb_text _builder_version=&#8220;4.27.4&#8243; _module_preset=&#8220;default&#8220; max_width=&#8220;820px&#8220; global_colors_info=&#8220;{}&#8220;]<\/p>\n<h4 data-start=\"1877\" data-end=\"1899\"><strong data-start=\"1880\" data-end=\"1899\">Flevokust Hafen<\/strong><\/h4>\n<p data-start=\"1900\" data-end=\"2238\">An der Nordseite von Lelystad liegt Flevokust Haven: ein Binnenhafen mit modernen Umschlaganlagen und einem Gewerbegebiet, das sich f\u00fcr gro\u00df angelegte Logistik eignet.  <\/p>\n<p>[\/et_pb_text][et_pb_button button_url=&#8220;https:\/\/lelystadlogistics.com\/de\/ueber-lelystad\/gewerbegebiete\/flevokust-hafen\/&#8220; button_text=&#8220;Lesen Sie mehr \u00fcber Flevokust Haven&#8220; _builder_version=&#8220;4.27.4&#8243; _module_preset=&#8220;default&#8220; global_colors_info=&#8220;{}&#8220;][\/et_pb_button][et_pb_text _builder_version=&#8220;4.27.4&#8243; _module_preset=&#8220;default&#8220; max_width=&#8220;820px&#8220; global_colors_info=&#8220;{}&#8220;]<\/p>\n<h4 data-start=\"2245\" data-end=\"2262\"><strong data-start=\"2248\" data-end=\"2262\">South Park<\/strong><\/h4>\n<p data-start=\"2263\" data-end=\"2593\">Der Zuiderpark liegt direkt an der A6 und bietet schnelle Verbindungen nach Almere und zum Flughafen Schiphol. Das Gebiet zeichnet sich durch einen Mix aus B\u00fcros, Logistikunternehmen und Mega-Vertriebszentren aus. Mit einer geplanten strukturellen Aufwertung entwickelt sich der Zuiderpark zu einem attraktiven Gebiet f\u00fcr XXL-Logistik.  <\/p>\n<p>[\/et_pb_text][et_pb_button button_url=&#8220;https:\/\/lelystadlogistics.com\/over-lelystad\/bedrijventerreinen-2\/zuiderpark\/&#8220; button_text=&#8220;Lesen Sie mehr \u00fcber Zuiderpark&#8220; _builder_version=&#8220;4.27.4&#8243; _module_preset=&#8220;default&#8220; global_colors_info=&#8220;{}&#8220;][\/et_pb_button][\/et_pb_column][et_pb_column type=&#8220;2_5&#8243; _builder_version=&#8220;4.27.4&#8243; _module_preset=&#8220;default&#8220; custom_css_free_form=&#8220;@media screen and (min-width: 480px) and (max-width: 980px) {||  selector {||      max-width: 460px;||  }||}&#8220; global_colors_info=&#8220;{}&#8220;][et_pb_image src=&#8220;https:\/\/lelystadlogistics.com\/wp-content\/uploads\/2025\/11\/LAB-2025-Pluim-Fotografie-16-scaled.jpg&#8220; alt=&#8220;Luftaufnahme LAB&#8220; title_text=&#8220;LAB 2025 - Pluim Fotografie-16&#8243; _builder_version=&#8220;4.27.4&#8243; _module_preset=&#8220;default&#8220; width=&#8220;396px&#8220; max_width=&#8220;396px&#8220; min_height=&#8220;396px&#8220; height=&#8220;396px&#8220; border_radii=&#8220;on|50%|50%|50%|50%&#8220; global_colors_info=&#8220;{}&#8220;][\/et_pb_image][et_pb_text _builder_version=&#8220;4.27.4&#8243; _module_preset=&#8220;default&#8220; background_color=&#8220;#95BC33&#8243; positioning=&#8220;absolute&#8220; position_origin_a=&#8220;bottom_right&#8220; vertical_offset=&#8220;15px&#8220; horizontal_offset=&#8220;85px&#8220; horizontal_offset_tablet=&#8220;85px&#8220; horizontal_offset_phone=&#8220;0px&#8220; horizontal_offset_last_edited=&#8220;on|phone&#8220; width=&#8220;90px&#8220; max_width=&#8220;90px&#8220; min_height=&#8220;90px&#8220; height=&#8220;90px&#8220; border_radii=&#8220;on|50%|50%|50%|50%&#8220; global_colors_info=&#8220;{}&#8220;][\/et_pb_text][\/et_pb_column][\/et_pb_row][et_pb_row _builder_version=&#8220;4.27.4&#8243; _module_preset=&#8220;default&#8220; global_colors_info=&#8220;{}&#8220;][et_pb_column type=&#8220;4_4&#8243; _builder_version=&#8220;4.27.4&#8243; _module_preset=&#8220;default&#8220; global_colors_info=&#8220;{}&#8220;][et_pb_text _builder_version=&#8220;4.27.4&#8243; _module_preset=&#8220;default&#8220; header_4_font=&#8220;|700|||||||&#8220; global_colors_info=&#8220;{}&#8220;]<\/p>\n<h4>Andere Gewerbegebiete<\/h4>\n<p><a href=\"https:\/\/www.ondernemeninlelystad.nl\/nl\/vestigen-in-lelystad\/bedrijventerreinen\/noordersluis\"><strong>Noordersluis<\/strong><\/a><br \/>Dieses Gebiet im Stadtteil Haven liegt in der N\u00e4he des Markermeers und der Hauptverkehrsstra\u00dfen. Dank seiner Mischung aus industrieller Aktivit\u00e4t und Erholung ist Noordersluis bei Wassersportunternehmen, Gastronomen und maritimen Dienstleistern beliebt. <\/p>\n<p><a href=\"https:\/\/www.ondernemeninlelystad.nl\/nl\/vestigen-in-lelystad\/bedrijventerreinen\/oostervaart\"><strong>Oostervaart<\/strong><\/a><br \/>Im Nordosten von Lelystad gelegen, ist Oostervaart der Standort f\u00fcr Schwerindustrie und Gro\u00dfunternehmen. Seine Lage in der N\u00e4he der Autobahn A6 und wichtiger Wasserstra\u00dfen bietet optimale logistische M\u00f6glichkeiten. Der Fl\u00e4chennutzungsplan unterst\u00fctzt Umweltkategorien bis zu 5.2, so dass dies ein ausgezeichneter Standort f\u00fcr Unternehmen mit h\u00f6heren Umweltanforderungen ist.  <\/p>\n<p><a href=\"https:\/\/www.ondernemeninlelystad.nl\/nl\/vestigen-in-lelystad\/bedrijventerreinen\/flevopoort\"><strong>Flevopoort<\/strong><\/a><br \/>Als eines der j\u00fcngsten Gewerbegebiete von Lelystad bietet Flevopoort 80 Hektar Fl\u00e4che f\u00fcr Handel, Industrie und Dienstleistungen. Das Gel\u00e4nde hat ein repr\u00e4sentatives Erscheinungsbild und ist eine ideale Visitenkarte f\u00fcr Unternehmen. Seine zentrale Lage sorgt f\u00fcr eine hervorragende Erreichbarkeit und macht es sowohl f\u00fcr Mitarbeiter als auch f\u00fcr Kunden attraktiv.  <\/p>\n<p>[\/et_pb_text][et_pb_button button_url=&#8220;https:\/\/www.ondernemeninlelystad.nl\/nl\/vestigen-in-lelystad\/bedrijventerreinen&#8220; button_text=&#8220;Gewerbegebiete auf der Karte anzeigen  &#8220; _builder_version=&#8220;4.27.4&#8243; _module_preset=&#8220;default&#8220; global_colors_info=&#8220;{}&#8220;][\/et_pb_button][\/et_pb_column][\/et_pb_row][et_pb_row _builder_version=&#8220;4.27.4&#8243; _module_preset=&#8220;default&#8220; global_colors_info=&#8220;{}&#8220; column_structure=&#8220;1_2,1_2&#8243;][et_pb_column _builder_version=&#8220;4.27.4&#8243; _module_preset=&#8220;default&#8220; type=&#8220;1_2&#8243;][et_pb_image src=&#8220;https:\/\/lelystadlogistics.com\/wp-content\/uploads\/2025\/12\/Station_9.jpg&#8220; alt=&#8220;Blick auf Lelystad vom Bahnhof aus&#8220; title_text=&#8220;Bahnhof_9&#8243; _builder_version=&#8220;4.27.4&#8243; _module_preset=&#8220;default&#8220; width=&#8220;396px&#8220; max_width=&#8220;396px&#8220; min_height=&#8220;396px&#8220; height=&#8220;396px&#8220; hover_enabled=&#8220;0&#8243; border_radii=&#8220;on|50%|50%|50%|50%&#8220; global_colors_info=&#8220;{}&#8220; sticky_enabled=&#8220;0&#8243;][\/et_pb_image][\/et_pb_column][et_pb_column type=&#8220;1_2&#8243; _builder_version=&#8220;4.27.4&#8243; _module_preset=&#8220;default&#8220; global_colors_info=&#8220;{}&#8220;][et_pb_text _builder_version=&#8220;4.27.4&#8243; _module_preset=&#8220;default&#8220; header_4_font=&#8220;|700|||||||&#8220; global_colors_info=&#8220;{}&#8220;]<\/p>\n<h4 data-start=\"787\" data-end=\"984\">Gesch\u00e4fte machen in Lelystad<\/h4>\n<p data-start=\"787\" data-end=\"984\">Lelystad w\u00e4chst und entwickelt sich schnell als Logistik- und Unternehmerregion. M\u00f6chten Sie wissen, wie Sie Ihr Unternehmen hier gr\u00fcnden, erweitern oder ausbauen k\u00f6nnen? <br data-start=\"943\" data-end=\"946\">Lesen Sie mehr \u00fcber Gesch\u00e4fte in Lelystad.<\/p>\n<p>[\/et_pb_text][et_pb_button button_url=&#8220;https:\/\/www.ondernemeninlelystad.nl\/nl&#8220; button_text=&#8220;Gesch\u00e4fte machen in Lelystad&#8220; _builder_version=&#8220;4.27.4&#8243; _module_preset=&#8220;default&#8220; global_colors_info=&#8220;{}&#8220;][\/et_pb_button][\/et_pb_column][\/et_pb_row][\/et_pb_section][et_pb_section fb_built=&#8220;1&#8243; admin_label=&#8220;Partners&#8220; _builder_version=&#8220;4.27.4&#8243; _module_preset=&#8220;default&#8220; custom_margin=&#8220;||||false|false&#8220; custom_padding=&#8220;99px|||||&#8220; global_module=&#8220;426&#8243; locked=&#8220;off&#8220; global_colors_info=&#8220;{}&#8220;][et_pb_row column_structure=&#8220;2_3,1_3&#8243; _builder_version=&#8220;4.27.4&#8243; _module_preset=&#8220;default&#8220; custom_padding=&#8220;5px||0px||false|false&#8220; border_width_top=&#8220;3px&#8220; border_color_top=&#8220;#002B51&#8243; global_colors_info=&#8220;{}&#8220;][et_pb_column type=&#8220;2_3&#8243; _builder_version=&#8220;4.27.4&#8243; _module_preset=&#8220;default&#8220; global_colors_info=&#8220;{}&#8220;][et_pb_text _builder_version=&#8220;4.27.4&#8243; _module_preset=&#8220;default&#8220; header_2_font=&#8220;|700|||||||&#8220; header_2_text_color=&#8220;#95BC33&#8243; global_colors_info=&#8220;{}&#8220;]<\/p>\n<h2>Partner<\/h2>\n<p>[\/et_pb_text][\/et_pb_column][et_pb_column type=&#8220;1_3&#8243; _builder_version=&#8220;4.27.4&#8243; _module_preset=&#8220;default&#8220; global_colors_info=&#8220;{}&#8220;][\/et_pb_column][\/et_pb_row][et_pb_row _builder_version=&#8220;4.27.4&#8243; _module_preset=&#8220;default&#8220; custom_padding=&#8220;||0px||false|false&#8220; custom_css_free_form=&#8220;@media (max-width: 980px) {||   selector .et_pb_column .et_pb_row_inner, .et_pb_row {||        padding: 0!important;||    }||}&#8220; global_colors_info=&#8220;{}&#8220;][et_pb_column type=&#8220;4_4&#8243; _builder_version=&#8220;4.27.4&#8243; _module_preset=&#8220;default&#8220; global_colors_info=&#8220;{}&#8220;][dsm_image_carousel gallery_ids=&#8220;7685,7691,7694,7697,7699,7581,7874&#8243; slide_to_show=&#8220;5&#8243; arrows=&#8220;off&#8220; dots=&#8220;off&#8220; slide_to_show_tablet=&#8220;3&#8243; slide_to_show_phone=&#8220;2&#8243; slide_to_show_last_edited=&#8220;on|phone&#8220; _builder_version=&#8220;4.27.4&#8243; _module_preset=&#8220;default&#8220; custom_padding=&#8220;0px|0px|0px|0px|true|true&#8220; global_colors_info=&#8220;{}&#8220;][\/dsm_image_carousel][\/et_pb_column][\/et_pb_row][\/et_pb_section]<\/p>\n","protected":false},"excerpt":{"rendered":"<p>GewerbegebieteLelystad bietet Unternehmern etwas, das in vielen Regionen knapp geworden ist: Platz. Die Stadt verf\u00fcgt \u00fcber mehrere moderne, gut angebundene Gewerbegebiete, in denen Unternehmen wachsen und nachhaltige Investitionen in die Zukunft t\u00e4tigen k\u00f6nnen. Die wettbewerbsf\u00e4higen Grundst\u00fcckspreise, die gro\u00dfen Gewerbefl\u00e4chen und die flexiblen Entwicklungsm\u00f6glichkeiten machen Lelystad attraktiv f\u00fcr Logistikunternehmen, Produktionsbetriebe und internationale Unternehmen, die sich in den Niederlanden niederlassen wollen. Raum zum WachsenLelystad Flughafen Businesspark (LAB) Zwischen der A6 und dem Flughafen Lelystad liegt der zukunftsorientierte Lelystad Airport Businesspark (LAB), das erste BREEAM-NL-zertifizierte Gewerbegebiet in den Niederlanden. LAB bietet Raum f\u00fcr innovative und nachhaltige Logistikentwicklung und beherbergt Unternehmen wie Bestseller, Inditex und JYSK. Flevokust Hafen An der Nordseite von Lelystad liegt Flevokust Haven: ein Binnenhafen mit modernen Umschlaganlagen und einem Gewerbegebiet, das sich f\u00fcr gro\u00df angelegte Logistik eignet. South Park Der Zuiderpark liegt direkt an der A6 und bietet schnelle Verbindungen nach Almere und zum Flughafen Schiphol. Das Gebiet zeichnet sich durch einen Mix aus B\u00fcros, Logistikunternehmen und Mega-Vertriebszentren aus. Mit einer geplanten strukturellen Aufwertung entwickelt sich der Zuiderpark zu einem attraktiven Gebiet f\u00fcr XXL-Logistik. Andere Gewerbegebiete NoordersluisDieses Gebiet im Stadtteil Haven liegt in der N\u00e4he des Markermeers und der Hauptverkehrsstra\u00dfen. Dank seiner Mischung aus industrieller Aktivit\u00e4t und Erholung ist Noordersluis [&hellip;]<\/p>\n","protected":false},"author":2,"featured_media":0,"parent":8260,"menu_order":0,"comment_status":"closed","ping_status":"closed","template":"","meta":{"_acf_changed":false,"_et_pb_use_builder":"on","_et_pb_old_content":"","_et_gb_content_width":"","footnotes":""},"class_list":["post-8412","page","type-page","status-publish","hentry"],"acf":[],"yoast_head":"<!-- This site is optimized with the Yoast SEO plugin v27.4 - https:\/\/yoast.com\/product\/yoast-seo-wordpress\/ -->\n<title>Gewerbegebiete | Lelystad Logistics<\/title>\n<meta name=\"description\" content=\"Entdecken Sie die Gewerbegebiete in Lelystad: leicht zug\u00e4ngliche Standorte mit Raum f\u00fcr Wachstum, Logistik, Produktion und internationale Gesch\u00e4fte.\" \/>\n<meta name=\"robots\" content=\"index, follow, max-snippet:-1, max-image-preview:large, max-video-preview:-1\" \/>\n<link rel=\"canonical\" href=\"https:\/\/lelystadlogistics.com\/de\/ueber-lelystad\/gewerbegebiete\/\" \/>\n<meta property=\"og:locale\" content=\"de_DE\" \/>\n<meta property=\"og:type\" content=\"article\" \/>\n<meta property=\"og:title\" content=\"Gewerbegebiete | Lelystad Logistics\" \/>\n<meta property=\"og:description\" content=\"Entdecken Sie die Gewerbegebiete in Lelystad: leicht zug\u00e4ngliche Standorte mit Raum f\u00fcr Wachstum, Logistik, Produktion und internationale Gesch\u00e4fte.\" \/>\n<meta property=\"og:url\" content=\"https:\/\/lelystadlogistics.com\/de\/ueber-lelystad\/gewerbegebiete\/\" \/>\n<meta property=\"og:site_name\" content=\"Lelystad Logistics\" \/>\n<meta property=\"article:modified_time\" content=\"2025-12-16T13:53:52+00:00\" \/>\n<meta property=\"og:image\" content=\"https:\/\/lelystadlogistics.com\/wp-content\/uploads\/2025\/12\/OpenGraph-Lelystad-Logistics.jpg\" \/>\n\t<meta property=\"og:image:width\" content=\"1200\" \/>\n\t<meta property=\"og:image:height\" content=\"675\" \/>\n\t<meta property=\"og:image:type\" content=\"image\/jpeg\" \/>\n<meta name=\"twitter:card\" content=\"summary_large_image\" \/>\n<meta name=\"twitter:label1\" content=\"Gesch\u00e4tzte Lesezeit\" \/>\n\t<meta name=\"twitter:data1\" content=\"7\u00a0Minuten\" \/>\n<script type=\"application\/ld+json\" class=\"yoast-schema-graph\">{\"@context\":\"https:\\\/\\\/schema.org\",\"@graph\":[{\"@type\":\"WebPage\",\"@id\":\"https:\\\/\\\/lelystadlogistics.com\\\/de\\\/ueber-lelystad\\\/gewerbegebiete\\\/\",\"url\":\"https:\\\/\\\/lelystadlogistics.com\\\/de\\\/ueber-lelystad\\\/gewerbegebiete\\\/\",\"name\":\"Gewerbegebiete | Lelystad Logistics\",\"isPartOf\":{\"@id\":\"https:\\\/\\\/lelystadlogistics.com\\\/de\\\/#website\"},\"datePublished\":\"2025-12-02T13:09:46+00:00\",\"dateModified\":\"2025-12-16T13:53:52+00:00\",\"description\":\"Entdecken Sie die Gewerbegebiete in Lelystad: leicht zug\u00e4ngliche Standorte mit Raum f\u00fcr Wachstum, Logistik, Produktion und internationale Gesch\u00e4fte.\",\"breadcrumb\":{\"@id\":\"https:\\\/\\\/lelystadlogistics.com\\\/de\\\/ueber-lelystad\\\/gewerbegebiete\\\/#breadcrumb\"},\"inLanguage\":\"de\",\"potentialAction\":[{\"@type\":\"ReadAction\",\"target\":[\"https:\\\/\\\/lelystadlogistics.com\\\/de\\\/ueber-lelystad\\\/gewerbegebiete\\\/\"]}]},{\"@type\":\"BreadcrumbList\",\"@id\":\"https:\\\/\\\/lelystadlogistics.com\\\/de\\\/ueber-lelystad\\\/gewerbegebiete\\\/#breadcrumb\",\"itemListElement\":[{\"@type\":\"ListItem\",\"position\":1,\"name\":\"Home\",\"item\":\"https:\\\/\\\/lelystadlogistics.com\\\/de\\\/\"},{\"@type\":\"ListItem\",\"position\":2,\"name\":\"\u00dcber Lelystad\",\"item\":\"https:\\\/\\\/lelystadlogistics.com\\\/de\\\/ueber-lelystad\\\/\"},{\"@type\":\"ListItem\",\"position\":3,\"name\":\"Gewerbegebiete\"}]},{\"@type\":\"WebSite\",\"@id\":\"https:\\\/\\\/lelystadlogistics.com\\\/de\\\/#website\",\"url\":\"https:\\\/\\\/lelystadlogistics.com\\\/de\\\/\",\"name\":\"Lelystad Logistics\",\"description\":\"Part of Metropolitan Region Amsterdam\",\"publisher\":{\"@id\":\"https:\\\/\\\/lelystadlogistics.com\\\/de\\\/#organization\"},\"potentialAction\":[{\"@type\":\"SearchAction\",\"target\":{\"@type\":\"EntryPoint\",\"urlTemplate\":\"https:\\\/\\\/lelystadlogistics.com\\\/de\\\/?s={search_term_string}\"},\"query-input\":{\"@type\":\"PropertyValueSpecification\",\"valueRequired\":true,\"valueName\":\"search_term_string\"}}],\"inLanguage\":\"de\"},{\"@type\":\"Organization\",\"@id\":\"https:\\\/\\\/lelystadlogistics.com\\\/de\\\/#organization\",\"name\":\"Lelystad Logistics\",\"alternateName\":\"Part of Metropolitan Region Amsterdam\",\"url\":\"https:\\\/\\\/lelystadlogistics.com\\\/de\\\/\",\"logo\":{\"@type\":\"ImageObject\",\"inLanguage\":\"de\",\"@id\":\"https:\\\/\\\/lelystadlogistics.com\\\/de\\\/#\\\/schema\\\/logo\\\/image\\\/\",\"url\":\"https:\\\/\\\/lelystadlogistics.com\\\/wp-content\\\/uploads\\\/2025\\\/11\\\/Logo-Lelystad-Logistics-1.svg\",\"contentUrl\":\"https:\\\/\\\/lelystadlogistics.com\\\/wp-content\\\/uploads\\\/2025\\\/11\\\/Logo-Lelystad-Logistics-1.svg\",\"width\":1,\"height\":1,\"caption\":\"Lelystad Logistics\"},\"image\":{\"@id\":\"https:\\\/\\\/lelystadlogistics.com\\\/de\\\/#\\\/schema\\\/logo\\\/image\\\/\"}}]}<\/script>\n<!-- \/ Yoast SEO plugin. -->","yoast_head_json":{"title":"Gewerbegebiete | Lelystad Logistics","description":"Entdecken Sie die Gewerbegebiete in Lelystad: leicht zug\u00e4ngliche Standorte mit Raum f\u00fcr Wachstum, Logistik, Produktion und internationale Gesch\u00e4fte.","robots":{"index":"index","follow":"follow","max-snippet":"max-snippet:-1","max-image-preview":"max-image-preview:large","max-video-preview":"max-video-preview:-1"},"canonical":"https:\/\/lelystadlogistics.com\/de\/ueber-lelystad\/gewerbegebiete\/","og_locale":"de_DE","og_type":"article","og_title":"Gewerbegebiete | Lelystad Logistics","og_description":"Entdecken Sie die Gewerbegebiete in Lelystad: leicht zug\u00e4ngliche Standorte mit Raum f\u00fcr Wachstum, Logistik, Produktion und internationale Gesch\u00e4fte.","og_url":"https:\/\/lelystadlogistics.com\/de\/ueber-lelystad\/gewerbegebiete\/","og_site_name":"Lelystad Logistics","article_modified_time":"2025-12-16T13:53:52+00:00","og_image":[{"width":1200,"height":675,"url":"https:\/\/lelystadlogistics.com\/wp-content\/uploads\/2025\/12\/OpenGraph-Lelystad-Logistics.jpg","type":"image\/jpeg"}],"twitter_card":"summary_large_image","twitter_misc":{"Gesch\u00e4tzte Lesezeit":"7\u00a0Minuten"},"schema":{"@context":"https:\/\/schema.org","@graph":[{"@type":"WebPage","@id":"https:\/\/lelystadlogistics.com\/de\/ueber-lelystad\/gewerbegebiete\/","url":"https:\/\/lelystadlogistics.com\/de\/ueber-lelystad\/gewerbegebiete\/","name":"Gewerbegebiete | Lelystad Logistics","isPartOf":{"@id":"https:\/\/lelystadlogistics.com\/de\/#website"},"datePublished":"2025-12-02T13:09:46+00:00","dateModified":"2025-12-16T13:53:52+00:00","description":"Entdecken Sie die Gewerbegebiete in Lelystad: leicht zug\u00e4ngliche Standorte mit Raum f\u00fcr Wachstum, Logistik, Produktion und internationale Gesch\u00e4fte.","breadcrumb":{"@id":"https:\/\/lelystadlogistics.com\/de\/ueber-lelystad\/gewerbegebiete\/#breadcrumb"},"inLanguage":"de","potentialAction":[{"@type":"ReadAction","target":["https:\/\/lelystadlogistics.com\/de\/ueber-lelystad\/gewerbegebiete\/"]}]},{"@type":"BreadcrumbList","@id":"https:\/\/lelystadlogistics.com\/de\/ueber-lelystad\/gewerbegebiete\/#breadcrumb","itemListElement":[{"@type":"ListItem","position":1,"name":"Home","item":"https:\/\/lelystadlogistics.com\/de\/"},{"@type":"ListItem","position":2,"name":"\u00dcber Lelystad","item":"https:\/\/lelystadlogistics.com\/de\/ueber-lelystad\/"},{"@type":"ListItem","position":3,"name":"Gewerbegebiete"}]},{"@type":"WebSite","@id":"https:\/\/lelystadlogistics.com\/de\/#website","url":"https:\/\/lelystadlogistics.com\/de\/","name":"Lelystad Logistics","description":"Part of Metropolitan Region Amsterdam","publisher":{"@id":"https:\/\/lelystadlogistics.com\/de\/#organization"},"potentialAction":[{"@type":"SearchAction","target":{"@type":"EntryPoint","urlTemplate":"https:\/\/lelystadlogistics.com\/de\/?s={search_term_string}"},"query-input":{"@type":"PropertyValueSpecification","valueRequired":true,"valueName":"search_term_string"}}],"inLanguage":"de"},{"@type":"Organization","@id":"https:\/\/lelystadlogistics.com\/de\/#organization","name":"Lelystad Logistics","alternateName":"Part of Metropolitan Region Amsterdam","url":"https:\/\/lelystadlogistics.com\/de\/","logo":{"@type":"ImageObject","inLanguage":"de","@id":"https:\/\/lelystadlogistics.com\/de\/#\/schema\/logo\/image\/","url":"https:\/\/lelystadlogistics.com\/wp-content\/uploads\/2025\/11\/Logo-Lelystad-Logistics-1.svg","contentUrl":"https:\/\/lelystadlogistics.com\/wp-content\/uploads\/2025\/11\/Logo-Lelystad-Logistics-1.svg","width":1,"height":1,"caption":"Lelystad Logistics"},"image":{"@id":"https:\/\/lelystadlogistics.com\/de\/#\/schema\/logo\/image\/"}}]}},"_links":{"self":[{"href":"https:\/\/lelystadlogistics.com\/de\/wp-json\/wp\/v2\/pages\/8412","targetHints":{"allow":["GET"]}}],"collection":[{"href":"https:\/\/lelystadlogistics.com\/de\/wp-json\/wp\/v2\/pages"}],"about":[{"href":"https:\/\/lelystadlogistics.com\/de\/wp-json\/wp\/v2\/types\/page"}],"author":[{"embeddable":true,"href":"https:\/\/lelystadlogistics.com\/de\/wp-json\/wp\/v2\/users\/2"}],"replies":[{"embeddable":true,"href":"https:\/\/lelystadlogistics.com\/de\/wp-json\/wp\/v2\/comments?post=8412"}],"version-history":[{"count":2,"href":"https:\/\/lelystadlogistics.com\/de\/wp-json\/wp\/v2\/pages\/8412\/revisions"}],"predecessor-version":[{"id":8431,"href":"https:\/\/lelystadlogistics.com\/de\/wp-json\/wp\/v2\/pages\/8412\/revisions\/8431"}],"up":[{"embeddable":true,"href":"https:\/\/lelystadlogistics.com\/de\/wp-json\/wp\/v2\/pages\/8260"}],"wp:attachment":[{"href":"https:\/\/lelystadlogistics.com\/de\/wp-json\/wp\/v2\/media?parent=8412"}],"curies":[{"name":"wp","href":"https:\/\/api.w.org\/{rel}","templated":true}]}}