{"id":8467,"date":"2025-12-05T16:40:44","date_gmt":"2025-12-05T15:40:44","guid":{"rendered":"https:\/\/lelystadlogistics.com\/ueber-lelystad\/gewerbegebiete\/south-park\/"},"modified":"2026-01-06T12:03:43","modified_gmt":"2026-01-06T11:03:43","slug":"south-park","status":"publish","type":"page","link":"https:\/\/lelystadlogistics.com\/de\/ueber-lelystad\/gewerbegebiete\/south-park\/","title":{"rendered":"South Park"},"content":{"rendered":"<p>[et_pb_section fb_built=&#8220;1&#8243; admin_label=&#8220;Contentheader&#8220; module_class=&#8220;header-divider&#8220; _builder_version=&#8220;4.27.5&#8243; _module_preset=&#8220;default&#8220; background_image=&#8220;https:\/\/lelystadlogistics.com\/wp-content\/uploads\/2025\/12\/Persfoto2_Lelystad-vanaf-A6-scaled.jpg&#8220; background_position=&#8220;top_center&#8220; background_vertical_offset=&#8220;11%&#8220; height=&#8220;785px&#8220; height_tablet=&#8220;700px&#8220; height_phone=&#8220;530px&#8220; height_last_edited=&#8220;on|phone&#8220; top_divider_height=&#8220;571px&#8220; top_divider_height_tablet=&#8220;370px&#8220; top_divider_height_phone=&#8220;215px&#8220; top_divider_height_last_edited=&#8220;on|tablet&#8220; hover_enabled=&#8220;0&#8243; global_colors_info=&#8220;{}&#8220; alt=&#8220;Luchtfoto Lelystad vanaf A6&#8243; title_text=&#8220;Bedrijventerrein Lelystad&#8220; sticky_enabled=&#8220;0&#8243;][\/et_pb_section][et_pb_section fb_built=&#8220;1&#8243; _builder_version=&#8220;4.27.4&#8243; _module_preset=&#8220;default&#8220; overflow-x=&#8220;hidden&#8220; overflow-y=&#8220;hidden&#8220; custom_margin=&#8220;||||false|false&#8220; custom_padding=&#8220;63px||3px||false|false&#8220; global_colors_info=&#8220;{}&#8220;][et_pb_row column_structure=&#8220;2_3,1_3&#8243; _builder_version=&#8220;4.27.4&#8243; _module_preset=&#8220;default&#8220; custom_margin=&#8220;||65px||false|false&#8220; custom_margin_tablet=&#8220;||0px||false|false&#8220; custom_margin_phone=&#8220;||0px||false|false&#8220; custom_margin_last_edited=&#8220;on|tablet&#8220; custom_padding=&#8220;0px||0px||true|false&#8220; global_colors_info=&#8220;{}&#8220;][et_pb_column type=&#8220;2_3&#8243; _builder_version=&#8220;4.27.4&#8243; _module_preset=&#8220;default&#8220; global_colors_info=&#8220;{}&#8220;][et_pb_text _builder_version=&#8220;4.27.4&#8243; _module_preset=&#8220;default&#8220; header_font=&#8220;|700|||||||&#8220; custom_margin=&#8220;||10px||false|false&#8220; custom_padding=&#8220;||0px||false|false&#8220; global_colors_info=&#8220;{}&#8220;]<\/p>\n<h1>South Park<\/h1>\n<p>[\/et_pb_text][et_pb_text _builder_version=&#8220;4.27.4&#8243; _module_preset=&#8220;default&#8220; text_font=&#8220;|700|||||||&#8220; text_font_size=&#8220;20px&#8220; text_line_height=&#8220;25px&#8220; max_width=&#8220;728px&#8220; global_colors_info=&#8220;{}&#8220;]<\/p>\n<p>Zuiderpark ist ein modernes Gewerbegebiet im S\u00fcden von Lelystad, das direkt an der Autobahn A6 liegt. Dank dieser strategischen Lage bietet der Standort schnelle Verbindungen nach Almere, Amsterdam und zum Flughafen Schiphol, was den Zuiderpark f\u00fcr Logistik, Produktion und gro\u00dfe Unternehmen besonders attraktiv macht. Der Standort vereint Platz, Erreichbarkeit und gute Sichtbarkeit in einer Weise, die in der Randstad immer seltener wird.  <\/p>\n<p>[\/et_pb_text][\/et_pb_column][et_pb_column type=&#8220;1_3&#8243; _builder_version=&#8220;4.27.4&#8243; _module_preset=&#8220;default&#8220; global_colors_info=&#8220;{}&#8220;][\/et_pb_column][\/et_pb_row][et_pb_row column_structure=&#8220;3_5,2_5&#8243; _builder_version=&#8220;4.27.4&#8243; _module_preset=&#8220;default&#8220; custom_margin=&#8220;|auto|-2px|auto|false|false&#8220; global_colors_info=&#8220;{}&#8220;][et_pb_column type=&#8220;3_5&#8243; _builder_version=&#8220;4.27.4&#8243; _module_preset=&#8220;default&#8220; global_colors_info=&#8220;{}&#8220;][et_pb_text _builder_version=&#8220;4.27.4&#8243; _module_preset=&#8220;default&#8220; max_width=&#8220;820px&#8220; global_colors_info=&#8220;{}&#8220;]<\/p>\n<h4 data-start=\"660\" data-end=\"704\"><strong data-start=\"664\" data-end=\"702\">Raum f\u00fcr XXL-Logistik und Wachstum<\/strong><\/h4>\n<p data-start=\"705\" data-end=\"1113\">Der Zuiderpark bietet viel Entwicklungsfl\u00e4che f\u00fcr Mega-Vertriebszentren, Logistikdienstleister und Unternehmen, die Gr\u00f6\u00dfe ben\u00f6tigen. Die Grundst\u00fccke sind ger\u00e4umig und flexibel, so dass Unternehmen die M\u00f6glichkeit haben, in gro\u00dfem Stil zu bauen oder schrittweise zu expandieren. Durch die Mischung aus B\u00fcro-, Lager- und Logistikfunktionen eignet sich der Zuiderpark f\u00fcr Unternehmen mit einem breiten T\u00e4tigkeitsprofil.  <\/p>\n<p data-start=\"1115\" data-end=\"1305\">Der Fl\u00e4chennutzungsplan f\u00f6rdert nachhaltiges und zukunftssicheres Bauen und erm\u00f6glicht es Unternehmen, in moderne, energieeffiziente Anlagen zu investieren, die ihrer langfristigen Strategie entsprechen.<\/p>\n<p>[\/et_pb_text][et_pb_text _builder_version=&#8220;4.27.4&#8243; _module_preset=&#8220;default&#8220; max_width=&#8220;820px&#8220; global_colors_info=&#8220;{}&#8220;]<\/p>\n<h4 data-start=\"1307\" data-end=\"1343\"><strong data-start=\"1311\" data-end=\"1341\">Ein sich entwickelndes Gebiet<\/strong><\/h4>\n<p data-start=\"1344\" data-end=\"1749\">Der Zuiderpark ist Teil des starken Wirtschaftswachstums von Lelystad und wird in den kommenden Jahren durch eine geplante bauliche Aufwertung weiter aufgewertet. Dieser Qualit\u00e4tsimpuls wird f\u00fcr ein besseres Layout, eine bessere Zug\u00e4nglichkeit und ein Erscheinungsbild sorgen, das einem modernen Businesspark f\u00fcr XXL-Logistik angemessen ist. Damit entwickelt sich der Zuiderpark zu einem Gebiet, das f\u00fcr die Nachfrage von morgen ger\u00fcstet ist.  <\/p>\n<p>[\/et_pb_text][\/et_pb_column][et_pb_column type=&#8220;2_5&#8243; _builder_version=&#8220;4.27.4&#8243; _module_preset=&#8220;default&#8220; custom_css_free_form=&#8220;@media screen and (min-width: 480px) and (max-width: 980px) {||  selector {||      max-width: 460px;||  }||}&#8220; global_colors_info=&#8220;{}&#8220;][et_pb_image src=&#8220;https:\/\/lelystadlogistics.com\/wp-content\/uploads\/2025\/12\/DJI_20251215153210_0084_D.jpg&#8220; alt=&#8220;Luftaufnahme von Flevopoort&#8220; title_text=&#8220;Flevopoort&#8220; _builder_version=&#8220;4.27.4&#8243; _module_preset=&#8220;default&#8220; width=&#8220;396px&#8220; max_width=&#8220;396px&#8220; min_height=&#8220;396px&#8220; height=&#8220;396px&#8220; border_radii=&#8220;on|50%|50%|50%|50%&#8220; global_colors_info=&#8220;{}&#8220;][\/et_pb_image][et_pb_text _builder_version=&#8220;4.27.4&#8243; _module_preset=&#8220;default&#8220; background_color=&#8220;#95BC33&#8243; positioning=&#8220;absolute&#8220; position_origin_a=&#8220;bottom_right&#8220; vertical_offset=&#8220;15px&#8220; horizontal_offset=&#8220;85px&#8220; horizontal_offset_tablet=&#8220;85px&#8220; horizontal_offset_phone=&#8220;0px&#8220; horizontal_offset_last_edited=&#8220;on|phone&#8220; width=&#8220;90px&#8220; max_width=&#8220;90px&#8220; min_height=&#8220;90px&#8220; height=&#8220;90px&#8220; border_radii=&#8220;on|50%|50%|50%|50%&#8220; global_colors_info=&#8220;{}&#8220;][\/et_pb_text][\/et_pb_column][\/et_pb_row][et_pb_row _builder_version=&#8220;4.27.4&#8243; _module_preset=&#8220;default&#8220; global_colors_info=&#8220;{}&#8220;][et_pb_column type=&#8220;4_4&#8243; _builder_version=&#8220;4.27.4&#8243; _module_preset=&#8220;default&#8220; global_colors_info=&#8220;{}&#8220;][et_pb_text _builder_version=&#8220;4.27.4&#8243; _module_preset=&#8220;default&#8220; global_colors_info=&#8220;{}&#8220;]<\/p>\n<h4 data-start=\"1751\" data-end=\"1817\"><strong data-start=\"1755\" data-end=\"1815\">Attraktiv f\u00fcr regionale und internationale Unternehmen<\/strong><\/h4>\n<p data-start=\"1818\" data-end=\"2215\">Die Kombination aus Gr\u00f6\u00dfe, strategischer Lage und guter Erreichbarkeit macht den Zuiderpark zu einer logischen Alternative f\u00fcr Unternehmen, die aus der gesch\u00e4ftigen Randstad-Region heraus expandieren m\u00f6chten, aber dennoch an wichtige nationale und internationale Verkehrslinien angeschlossen bleiben wollen. Die gro\u00dfz\u00fcgigen Grundst\u00fccke und wettbewerbsf\u00e4higen Grundst\u00fcckspreise machen den Standort sowohl f\u00fcr etablierte Unternehmen als auch f\u00fcr Neueinsteiger interessant. <\/p>\n<p>[\/et_pb_text][et_pb_text _builder_version=&#8220;4.27.4&#8243; _module_preset=&#8220;default&#8220; global_colors_info=&#8220;{}&#8220;]<\/p>\n<h4 data-start=\"2217\" data-end=\"2249\"><strong data-start=\"2221\" data-end=\"2247\">Bereit f\u00fcr die Zukunft<\/strong><\/h4>\n<p data-start=\"2250\" data-end=\"2527\">Mit wachsender Gesch\u00e4ftst\u00e4tigkeit, guten Einrichtungen und geplanten Investitionen bietet der Zuiderpark Unternehmern eine solide Grundlage f\u00fcr eine langfristige Entwicklung. Der Standort f\u00fcgt sich nahtlos in das Bestreben von Lelystad ein, Raum f\u00fcr moderne, nachhaltige und innovative Gesch\u00e4ftsaktivit\u00e4ten zu schaffen. <\/p>\n<p>[\/et_pb_text][et_pb_button button_url=&#8220;https:\/\/www.ondernemeninlelystad.nl\/nl\/vestigen-in-lelystad\/bedrijventerreinen\/zuiderpark&#8220; button_text=&#8220;Mehr Informationen \u00fcber den Zuiderpark&#8220; _builder_version=&#8220;4.27.4&#8243; _module_preset=&#8220;default&#8220; global_colors_info=&#8220;{}&#8220;][\/et_pb_button][\/et_pb_column][\/et_pb_row][\/et_pb_section][et_pb_section fb_built=&#8220;1&#8243; admin_label=&#8220;Partners&#8220; _builder_version=&#8220;4.27.4&#8243; _module_preset=&#8220;default&#8220; custom_margin=&#8220;||||false|false&#8220; custom_padding=&#8220;99px|||||&#8220; global_module=&#8220;426&#8243; locked=&#8220;off&#8220; global_colors_info=&#8220;{}&#8220;][et_pb_row column_structure=&#8220;2_3,1_3&#8243; _builder_version=&#8220;4.27.4&#8243; _module_preset=&#8220;default&#8220; custom_padding=&#8220;5px||0px||false|false&#8220; border_width_top=&#8220;3px&#8220; border_color_top=&#8220;#002B51&#8243; global_colors_info=&#8220;{}&#8220;][et_pb_column type=&#8220;2_3&#8243; _builder_version=&#8220;4.27.4&#8243; _module_preset=&#8220;default&#8220; global_colors_info=&#8220;{}&#8220;][et_pb_text _builder_version=&#8220;4.27.4&#8243; _module_preset=&#8220;default&#8220; header_2_font=&#8220;|700|||||||&#8220; header_2_text_color=&#8220;#95BC33&#8243; global_colors_info=&#8220;{}&#8220;]<\/p>\n<h2>Partner<\/h2>\n<p>[\/et_pb_text][\/et_pb_column][et_pb_column type=&#8220;1_3&#8243; _builder_version=&#8220;4.27.4&#8243; _module_preset=&#8220;default&#8220; global_colors_info=&#8220;{}&#8220;][\/et_pb_column][\/et_pb_row][et_pb_row _builder_version=&#8220;4.27.4&#8243; _module_preset=&#8220;default&#8220; custom_padding=&#8220;||0px||false|false&#8220; custom_css_free_form=&#8220;@media (max-width: 980px) {||   selector .et_pb_column .et_pb_row_inner, .et_pb_row {||        padding: 0!important;||    }||}&#8220; global_colors_info=&#8220;{}&#8220;][et_pb_column type=&#8220;4_4&#8243; _builder_version=&#8220;4.27.4&#8243; _module_preset=&#8220;default&#8220; global_colors_info=&#8220;{}&#8220;][dsm_image_carousel gallery_ids=&#8220;7685,7691,7694,7697,7699,7581,7874&#8243; slide_to_show=&#8220;5&#8243; arrows=&#8220;off&#8220; dots=&#8220;off&#8220; slide_to_show_tablet=&#8220;3&#8243; slide_to_show_phone=&#8220;2&#8243; slide_to_show_last_edited=&#8220;on|phone&#8220; _builder_version=&#8220;4.27.4&#8243; _module_preset=&#8220;default&#8220; custom_padding=&#8220;0px|0px|0px|0px|true|true&#8220; global_colors_info=&#8220;{}&#8220;][\/dsm_image_carousel][\/et_pb_column][\/et_pb_row][\/et_pb_section]<\/p>\n","protected":false},"excerpt":{"rendered":"<p>South ParkZuiderpark ist ein modernes Gewerbegebiet im S\u00fcden von Lelystad, das direkt an der Autobahn A6 liegt. Dank dieser strategischen Lage bietet der Standort schnelle Verbindungen nach Almere, Amsterdam und zum Flughafen Schiphol, was den Zuiderpark f\u00fcr Logistik, Produktion und gro\u00dfe Unternehmen besonders attraktiv macht. Der Standort vereint Platz, Erreichbarkeit und gute Sichtbarkeit in einer Weise, die in der Randstad immer seltener wird. Raum f\u00fcr XXL-Logistik und Wachstum Der Zuiderpark bietet viel Entwicklungsfl\u00e4che f\u00fcr Mega-Vertriebszentren, Logistikdienstleister und Unternehmen, die Gr\u00f6\u00dfe ben\u00f6tigen. Die Grundst\u00fccke sind ger\u00e4umig und flexibel, so dass Unternehmen die M\u00f6glichkeit haben, in gro\u00dfem Stil zu bauen oder schrittweise zu expandieren. Durch die Mischung aus B\u00fcro-, Lager- und Logistikfunktionen eignet sich der Zuiderpark f\u00fcr Unternehmen mit einem breiten T\u00e4tigkeitsprofil. Der Fl\u00e4chennutzungsplan f\u00f6rdert nachhaltiges und zukunftssicheres Bauen und erm\u00f6glicht es Unternehmen, in moderne, energieeffiziente Anlagen zu investieren, die ihrer langfristigen Strategie entsprechen.Ein sich entwickelndes Gebiet Der Zuiderpark ist Teil des starken Wirtschaftswachstums von Lelystad und wird in den kommenden Jahren durch eine geplante bauliche Aufwertung weiter aufgewertet. Dieser Qualit\u00e4tsimpuls wird f\u00fcr ein besseres Layout, eine bessere Zug\u00e4nglichkeit und ein Erscheinungsbild sorgen, das einem modernen Businesspark f\u00fcr XXL-Logistik angemessen ist. Damit entwickelt sich der Zuiderpark zu einem Gebiet, das f\u00fcr die [&hellip;]<\/p>\n","protected":false},"author":2,"featured_media":0,"parent":8412,"menu_order":0,"comment_status":"closed","ping_status":"closed","template":"","meta":{"_acf_changed":false,"_et_pb_use_builder":"on","_et_pb_old_content":"","_et_gb_content_width":"","footnotes":""},"class_list":["post-8467","page","type-page","status-publish","hentry"],"acf":[],"yoast_head":"<!-- This site is optimized with the Yoast SEO plugin v27.4 - https:\/\/yoast.com\/product\/yoast-seo-wordpress\/ -->\n<title>South Park | Lelystad Logistics<\/title>\n<meta name=\"description\" content=\"Der Zuiderpark bietet Platz f\u00fcr XXL-Logistik, schnellen Zugang zur A6 und nachhaltige Entwicklungsm\u00f6glichkeiten. Ein modernes Gewerbegebiet f\u00fcr Wachstum und Gr\u00f6\u00dfe.\" \/>\n<meta name=\"robots\" content=\"index, follow, max-snippet:-1, max-image-preview:large, max-video-preview:-1\" \/>\n<link rel=\"canonical\" href=\"https:\/\/lelystadlogistics.com\/de\/ueber-lelystad\/gewerbegebiete\/south-park\/\" \/>\n<meta property=\"og:locale\" content=\"de_DE\" \/>\n<meta property=\"og:type\" content=\"article\" \/>\n<meta property=\"og:title\" content=\"South Park | Lelystad Logistics\" \/>\n<meta property=\"og:description\" content=\"Der Zuiderpark bietet Platz f\u00fcr XXL-Logistik, schnellen Zugang zur A6 und nachhaltige Entwicklungsm\u00f6glichkeiten. Ein modernes Gewerbegebiet f\u00fcr Wachstum und Gr\u00f6\u00dfe.\" \/>\n<meta property=\"og:url\" content=\"https:\/\/lelystadlogistics.com\/de\/ueber-lelystad\/gewerbegebiete\/south-park\/\" \/>\n<meta property=\"og:site_name\" content=\"Lelystad Logistics\" \/>\n<meta property=\"article:modified_time\" content=\"2026-01-06T11:03:43+00:00\" \/>\n<meta property=\"og:image\" content=\"https:\/\/lelystadlogistics.com\/wp-content\/uploads\/2025\/12\/OpenGraph-Lelystad-Logistics.jpg\" \/>\n\t<meta property=\"og:image:width\" content=\"1200\" \/>\n\t<meta property=\"og:image:height\" content=\"675\" \/>\n\t<meta property=\"og:image:type\" content=\"image\/jpeg\" \/>\n<meta name=\"twitter:card\" content=\"summary_large_image\" \/>\n<meta name=\"twitter:label1\" content=\"Gesch\u00e4tzte Lesezeit\" \/>\n\t<meta name=\"twitter:data1\" content=\"6\u00a0Minuten\" \/>\n<script type=\"application\/ld+json\" class=\"yoast-schema-graph\">{\"@context\":\"https:\\\/\\\/schema.org\",\"@graph\":[{\"@type\":\"WebPage\",\"@id\":\"https:\\\/\\\/lelystadlogistics.com\\\/de\\\/ueber-lelystad\\\/gewerbegebiete\\\/south-park\\\/\",\"url\":\"https:\\\/\\\/lelystadlogistics.com\\\/de\\\/ueber-lelystad\\\/gewerbegebiete\\\/south-park\\\/\",\"name\":\"South Park | Lelystad Logistics\",\"isPartOf\":{\"@id\":\"https:\\\/\\\/lelystadlogistics.com\\\/de\\\/#website\"},\"datePublished\":\"2025-12-05T15:40:44+00:00\",\"dateModified\":\"2026-01-06T11:03:43+00:00\",\"description\":\"Der Zuiderpark bietet Platz f\u00fcr XXL-Logistik, schnellen Zugang zur A6 und nachhaltige Entwicklungsm\u00f6glichkeiten. Ein modernes Gewerbegebiet f\u00fcr Wachstum und Gr\u00f6\u00dfe.\",\"breadcrumb\":{\"@id\":\"https:\\\/\\\/lelystadlogistics.com\\\/de\\\/ueber-lelystad\\\/gewerbegebiete\\\/south-park\\\/#breadcrumb\"},\"inLanguage\":\"de\",\"potentialAction\":[{\"@type\":\"ReadAction\",\"target\":[\"https:\\\/\\\/lelystadlogistics.com\\\/de\\\/ueber-lelystad\\\/gewerbegebiete\\\/south-park\\\/\"]}]},{\"@type\":\"BreadcrumbList\",\"@id\":\"https:\\\/\\\/lelystadlogistics.com\\\/de\\\/ueber-lelystad\\\/gewerbegebiete\\\/south-park\\\/#breadcrumb\",\"itemListElement\":[{\"@type\":\"ListItem\",\"position\":1,\"name\":\"Home\",\"item\":\"https:\\\/\\\/lelystadlogistics.com\\\/de\\\/\"},{\"@type\":\"ListItem\",\"position\":2,\"name\":\"\u00dcber Lelystad\",\"item\":\"https:\\\/\\\/lelystadlogistics.com\\\/de\\\/ueber-lelystad\\\/\"},{\"@type\":\"ListItem\",\"position\":3,\"name\":\"Gewerbegebiete\",\"item\":\"https:\\\/\\\/lelystadlogistics.com\\\/de\\\/ueber-lelystad\\\/gewerbegebiete\\\/\"},{\"@type\":\"ListItem\",\"position\":4,\"name\":\"South Park\"}]},{\"@type\":\"WebSite\",\"@id\":\"https:\\\/\\\/lelystadlogistics.com\\\/de\\\/#website\",\"url\":\"https:\\\/\\\/lelystadlogistics.com\\\/de\\\/\",\"name\":\"Lelystad Logistics\",\"description\":\"Part of Metropolitan Region Amsterdam\",\"publisher\":{\"@id\":\"https:\\\/\\\/lelystadlogistics.com\\\/de\\\/#organization\"},\"potentialAction\":[{\"@type\":\"SearchAction\",\"target\":{\"@type\":\"EntryPoint\",\"urlTemplate\":\"https:\\\/\\\/lelystadlogistics.com\\\/de\\\/?s={search_term_string}\"},\"query-input\":{\"@type\":\"PropertyValueSpecification\",\"valueRequired\":true,\"valueName\":\"search_term_string\"}}],\"inLanguage\":\"de\"},{\"@type\":\"Organization\",\"@id\":\"https:\\\/\\\/lelystadlogistics.com\\\/de\\\/#organization\",\"name\":\"Lelystad Logistics\",\"alternateName\":\"Part of Metropolitan Region Amsterdam\",\"url\":\"https:\\\/\\\/lelystadlogistics.com\\\/de\\\/\",\"logo\":{\"@type\":\"ImageObject\",\"inLanguage\":\"de\",\"@id\":\"https:\\\/\\\/lelystadlogistics.com\\\/de\\\/#\\\/schema\\\/logo\\\/image\\\/\",\"url\":\"https:\\\/\\\/lelystadlogistics.com\\\/wp-content\\\/uploads\\\/2025\\\/11\\\/Logo-Lelystad-Logistics-1.svg\",\"contentUrl\":\"https:\\\/\\\/lelystadlogistics.com\\\/wp-content\\\/uploads\\\/2025\\\/11\\\/Logo-Lelystad-Logistics-1.svg\",\"width\":1,\"height\":1,\"caption\":\"Lelystad Logistics\"},\"image\":{\"@id\":\"https:\\\/\\\/lelystadlogistics.com\\\/de\\\/#\\\/schema\\\/logo\\\/image\\\/\"}}]}<\/script>\n<!-- \/ Yoast SEO plugin. -->","yoast_head_json":{"title":"South Park | Lelystad Logistics","description":"Der Zuiderpark bietet Platz f\u00fcr XXL-Logistik, schnellen Zugang zur A6 und nachhaltige Entwicklungsm\u00f6glichkeiten. Ein modernes Gewerbegebiet f\u00fcr Wachstum und Gr\u00f6\u00dfe.","robots":{"index":"index","follow":"follow","max-snippet":"max-snippet:-1","max-image-preview":"max-image-preview:large","max-video-preview":"max-video-preview:-1"},"canonical":"https:\/\/lelystadlogistics.com\/de\/ueber-lelystad\/gewerbegebiete\/south-park\/","og_locale":"de_DE","og_type":"article","og_title":"South Park | Lelystad Logistics","og_description":"Der Zuiderpark bietet Platz f\u00fcr XXL-Logistik, schnellen Zugang zur A6 und nachhaltige Entwicklungsm\u00f6glichkeiten. Ein modernes Gewerbegebiet f\u00fcr Wachstum und Gr\u00f6\u00dfe.","og_url":"https:\/\/lelystadlogistics.com\/de\/ueber-lelystad\/gewerbegebiete\/south-park\/","og_site_name":"Lelystad Logistics","article_modified_time":"2026-01-06T11:03:43+00:00","og_image":[{"width":1200,"height":675,"url":"https:\/\/lelystadlogistics.com\/wp-content\/uploads\/2025\/12\/OpenGraph-Lelystad-Logistics.jpg","type":"image\/jpeg"}],"twitter_card":"summary_large_image","twitter_misc":{"Gesch\u00e4tzte Lesezeit":"6\u00a0Minuten"},"schema":{"@context":"https:\/\/schema.org","@graph":[{"@type":"WebPage","@id":"https:\/\/lelystadlogistics.com\/de\/ueber-lelystad\/gewerbegebiete\/south-park\/","url":"https:\/\/lelystadlogistics.com\/de\/ueber-lelystad\/gewerbegebiete\/south-park\/","name":"South Park | Lelystad Logistics","isPartOf":{"@id":"https:\/\/lelystadlogistics.com\/de\/#website"},"datePublished":"2025-12-05T15:40:44+00:00","dateModified":"2026-01-06T11:03:43+00:00","description":"Der Zuiderpark bietet Platz f\u00fcr XXL-Logistik, schnellen Zugang zur A6 und nachhaltige Entwicklungsm\u00f6glichkeiten. Ein modernes Gewerbegebiet f\u00fcr Wachstum und Gr\u00f6\u00dfe.","breadcrumb":{"@id":"https:\/\/lelystadlogistics.com\/de\/ueber-lelystad\/gewerbegebiete\/south-park\/#breadcrumb"},"inLanguage":"de","potentialAction":[{"@type":"ReadAction","target":["https:\/\/lelystadlogistics.com\/de\/ueber-lelystad\/gewerbegebiete\/south-park\/"]}]},{"@type":"BreadcrumbList","@id":"https:\/\/lelystadlogistics.com\/de\/ueber-lelystad\/gewerbegebiete\/south-park\/#breadcrumb","itemListElement":[{"@type":"ListItem","position":1,"name":"Home","item":"https:\/\/lelystadlogistics.com\/de\/"},{"@type":"ListItem","position":2,"name":"\u00dcber Lelystad","item":"https:\/\/lelystadlogistics.com\/de\/ueber-lelystad\/"},{"@type":"ListItem","position":3,"name":"Gewerbegebiete","item":"https:\/\/lelystadlogistics.com\/de\/ueber-lelystad\/gewerbegebiete\/"},{"@type":"ListItem","position":4,"name":"South Park"}]},{"@type":"WebSite","@id":"https:\/\/lelystadlogistics.com\/de\/#website","url":"https:\/\/lelystadlogistics.com\/de\/","name":"Lelystad Logistics","description":"Part of Metropolitan Region Amsterdam","publisher":{"@id":"https:\/\/lelystadlogistics.com\/de\/#organization"},"potentialAction":[{"@type":"SearchAction","target":{"@type":"EntryPoint","urlTemplate":"https:\/\/lelystadlogistics.com\/de\/?s={search_term_string}"},"query-input":{"@type":"PropertyValueSpecification","valueRequired":true,"valueName":"search_term_string"}}],"inLanguage":"de"},{"@type":"Organization","@id":"https:\/\/lelystadlogistics.com\/de\/#organization","name":"Lelystad Logistics","alternateName":"Part of Metropolitan Region Amsterdam","url":"https:\/\/lelystadlogistics.com\/de\/","logo":{"@type":"ImageObject","inLanguage":"de","@id":"https:\/\/lelystadlogistics.com\/de\/#\/schema\/logo\/image\/","url":"https:\/\/lelystadlogistics.com\/wp-content\/uploads\/2025\/11\/Logo-Lelystad-Logistics-1.svg","contentUrl":"https:\/\/lelystadlogistics.com\/wp-content\/uploads\/2025\/11\/Logo-Lelystad-Logistics-1.svg","width":1,"height":1,"caption":"Lelystad Logistics"},"image":{"@id":"https:\/\/lelystadlogistics.com\/de\/#\/schema\/logo\/image\/"}}]}},"_links":{"self":[{"href":"https:\/\/lelystadlogistics.com\/de\/wp-json\/wp\/v2\/pages\/8467","targetHints":{"allow":["GET"]}}],"collection":[{"href":"https:\/\/lelystadlogistics.com\/de\/wp-json\/wp\/v2\/pages"}],"about":[{"href":"https:\/\/lelystadlogistics.com\/de\/wp-json\/wp\/v2\/types\/page"}],"author":[{"embeddable":true,"href":"https:\/\/lelystadlogistics.com\/de\/wp-json\/wp\/v2\/users\/2"}],"replies":[{"embeddable":true,"href":"https:\/\/lelystadlogistics.com\/de\/wp-json\/wp\/v2\/comments?post=8467"}],"version-history":[{"count":5,"href":"https:\/\/lelystadlogistics.com\/de\/wp-json\/wp\/v2\/pages\/8467\/revisions"}],"predecessor-version":[{"id":9271,"href":"https:\/\/lelystadlogistics.com\/de\/wp-json\/wp\/v2\/pages\/8467\/revisions\/9271"}],"up":[{"embeddable":true,"href":"https:\/\/lelystadlogistics.com\/de\/wp-json\/wp\/v2\/pages\/8412"}],"wp:attachment":[{"href":"https:\/\/lelystadlogistics.com\/de\/wp-json\/wp\/v2\/media?parent=8467"}],"curies":[{"name":"wp","href":"https:\/\/api.w.org\/{rel}","templated":true}]}}