{"id":8490,"date":"2025-12-02T16:51:49","date_gmt":"2025-12-02T15:51:49","guid":{"rendered":"https:\/\/lelystadlogistics.com\/danke-newsletter\/"},"modified":"2025-12-16T14:54:20","modified_gmt":"2025-12-16T13:54:20","slug":"danke-newsletter","status":"publish","type":"page","link":"https:\/\/lelystadlogistics.com\/de\/danke-newsletter\/","title":{"rendered":"Danke | Newsletter"},"content":{"rendered":"<p>[et_pb_section fb_built=&#8220;1&#8243; admin_label=&#8220;Contentheader&#8220; module_class=&#8220;header-divider&#8220; _builder_version=&#8220;4.27.4&#8243; _module_preset=&#8220;default&#8220; background_image=&#8220;https:\/\/lelystadlogistics.com\/wp-content\/uploads\/2025\/11\/Bataviahaven-Pleziervaart2023-768&#215;576-1-e1765804277232.jpg&#8220; height=&#8220;725px&#8220; height_tablet=&#8220;700px&#8220; height_phone=&#8220;530px&#8220; height_last_edited=&#8220;on|phone&#8220; top_divider_height=&#8220;571px&#8220; top_divider_height_tablet=&#8220;370px&#8220; top_divider_height_phone=&#8220;215px&#8220; top_divider_height_last_edited=&#8220;on|tablet&#8220; locked=&#8220;off&#8220; global_colors_info=&#8220;{}&#8220;][\/et_pb_section][et_pb_section fb_built=&#8220;1&#8243; _builder_version=&#8220;4.27.4&#8243; _module_preset=&#8220;default&#8220; locked=&#8220;off&#8220; global_colors_info=&#8220;{}&#8220;][et_pb_row column_structure=&#8220;3_5,2_5&#8243; make_equal=&#8220;on&#8220; _builder_version=&#8220;4.27.4&#8243; _module_preset=&#8220;default&#8220; custom_margin=&#8220;||55px||false|false&#8220; locked=&#8220;off&#8220; global_colors_info=&#8220;{}&#8220;][et_pb_column type=&#8220;3_5&#8243; _builder_version=&#8220;4.27.4&#8243; _module_preset=&#8220;default&#8220; custom_css_main_element=&#8220;margin: auto; &#8220; global_colors_info=&#8220;{}&#8220;][et_pb_text _builder_version=&#8220;4.27.4&#8243; _module_preset=&#8220;default&#8220; header_font=&#8220;|700|||||||&#8220; header_line_height=&#8220;1.2em&#8220; header_2_font=&#8220;|700|||||||&#8220; custom_margin=&#8220;||10px||false|false&#8220; custom_padding=&#8220;||0px||false|false&#8220; global_colors_info=&#8220;{}&#8220;]<\/p>\n<h1>Vielen Dank f\u00fcr Ihr Abonnement  <\/h1>\n<p>[\/et_pb_text][et_pb_text _builder_version=&#8220;4.27.4&#8243; _module_preset=&#8220;default&#8220; text_font=&#8220;|300|||||||&#8220; text_font_size=&#8220;18px&#8220; text_line_height=&#8220;1.4em&#8220; global_colors_info=&#8220;{}&#8220;]<\/p>\n<p>Wir haben Ihre Anmeldung erhalten.<\/p>\n<p>[\/et_pb_text][et_pb_button button_url=&#8220;@ET-DC@eyJkeW5hbWljIjp0cnVlLCJjb250ZW50IjoiaG9tZV91cmwiLCJzZXR0aW5ncyI6W119@&#8220; button_text=&#8220;Zur\u00fcck nach Hause&#8220; _builder_version=&#8220;4.27.4&#8243; _dynamic_attributes=&#8220;button_url&#8220; _module_preset=&#8220;default&#8220; custom_margin=&#8220;||50px||false|false&#8220; global_colors_info=&#8220;{}&#8220;][\/et_pb_button][\/et_pb_column][et_pb_column type=&#8220;2_5&#8243; disabled_on=&#8220;on|on|off&#8220; _builder_version=&#8220;4.27.4&#8243; _module_preset=&#8220;default&#8220; custom_css_free_form=&#8220;@media screen and (min-width: 480px) and (max-width: 980px) {||  selector {||      max-width: 460px;||  }||}&#8220; global_colors_info=&#8220;{}&#8220;][et_pb_image src=&#8220;https:\/\/lelystadlogistics.com\/wp-content\/uploads\/2025\/11\/The-Anchor-Lelystad-2-scaled.jpg&#8220; alt=&#8220;Deich und Wasser&#8220; title_text=&#8220;Der Anker, Lelystad 2&#8243; align=&#8220;center&#8220; _builder_version=&#8220;4.27.4&#8243; _module_preset=&#8220;default&#8220; width=&#8220;300px&#8220; max_width=&#8220;300px&#8220; min_height=&#8220;300px&#8220; height=&#8220;300px&#8220; border_radii=&#8220;on|50%|50%|50%|50%&#8220; global_colors_info=&#8220;{}&#8220;][\/et_pb_image][et_pb_text _builder_version=&#8220;4.27.4&#8243; _module_preset=&#8220;default&#8220; background_color=&#8220;#95BC33&#8243; positioning=&#8220;absolute&#8220; position_origin_a=&#8220;bottom_right&#8220; vertical_offset=&#8220;15px&#8220; horizontal_offset=&#8220;85px&#8220; horizontal_offset_tablet=&#8220;85px&#8220; horizontal_offset_phone=&#8220;0px&#8220; horizontal_offset_last_edited=&#8220;on|phone&#8220; width=&#8220;75px&#8220; max_width=&#8220;75px&#8220; min_height=&#8220;75px&#8220; height=&#8220;75px&#8220; border_radii=&#8220;on|50%|50%|50%|50%&#8220; global_colors_info=&#8220;{}&#8220;][\/et_pb_text][\/et_pb_column][\/et_pb_row][\/et_pb_section]<\/p>\n","protected":false},"excerpt":{"rendered":"<p>Vielen Dank f\u00fcr Ihr Abonnement Wir haben Ihre Anmeldung erhalten.<\/p>\n","protected":false},"author":1,"featured_media":0,"parent":0,"menu_order":0,"comment_status":"closed","ping_status":"closed","template":"","meta":{"_acf_changed":false,"_et_pb_use_builder":"on","_et_pb_old_content":"","_et_gb_content_width":"","footnotes":""},"class_list":["post-8490","page","type-page","status-publish","hentry"],"acf":[],"yoast_head":"<!-- This site is optimized with the Yoast SEO plugin v27.4 - https:\/\/yoast.com\/product\/yoast-seo-wordpress\/ -->\n<title>Danke | Newsletter | Lelystad Logistics<\/title>\n<meta name=\"description\" content=\"Vielen Dank, dass Sie sich f\u00fcr den Newsletter angemeldet haben. Wir werden Sie \u00fcber Entwicklungen und neue Logistikm\u00f6glichkeiten in Lelystad auf dem Laufenden halten.\" \/>\n<meta name=\"robots\" content=\"noindex, nofollow\" \/>\n<meta property=\"og:locale\" content=\"de_DE\" \/>\n<meta property=\"og:type\" content=\"article\" \/>\n<meta property=\"og:title\" content=\"Danke | Newsletter | Lelystad Logistics\" \/>\n<meta property=\"og:description\" content=\"Vielen Dank, dass Sie sich f\u00fcr den Newsletter angemeldet haben. Wir werden Sie \u00fcber Entwicklungen und neue Logistikm\u00f6glichkeiten in Lelystad auf dem Laufenden halten.\" \/>\n<meta property=\"og:url\" content=\"https:\/\/lelystadlogistics.com\/de\/danke-newsletter\/\" \/>\n<meta property=\"og:site_name\" content=\"Lelystad Logistics\" \/>\n<meta property=\"article:modified_time\" content=\"2025-12-16T13:54:20+00:00\" \/>\n<meta property=\"og:image\" content=\"https:\/\/lelystadlogistics.com\/wp-content\/uploads\/2025\/12\/OpenGraph-Lelystad-Logistics.jpg\" \/>\n\t<meta property=\"og:image:width\" content=\"1200\" \/>\n\t<meta property=\"og:image:height\" content=\"675\" \/>\n\t<meta property=\"og:image:type\" content=\"image\/jpeg\" \/>\n<meta name=\"twitter:card\" content=\"summary_large_image\" \/>\n<meta name=\"twitter:label1\" content=\"Gesch\u00e4tzte Lesezeit\" \/>\n\t<meta name=\"twitter:data1\" content=\"2\u00a0Minuten\" \/>\n<script type=\"application\/ld+json\" class=\"yoast-schema-graph\">{\"@context\":\"https:\\\/\\\/schema.org\",\"@graph\":[{\"@type\":\"WebPage\",\"@id\":\"https:\\\/\\\/lelystadlogistics.com\\\/de\\\/danke-newsletter\\\/\",\"url\":\"https:\\\/\\\/lelystadlogistics.com\\\/de\\\/danke-newsletter\\\/\",\"name\":\"Danke | Newsletter | Lelystad Logistics\",\"isPartOf\":{\"@id\":\"https:\\\/\\\/lelystadlogistics.com\\\/de\\\/#website\"},\"datePublished\":\"2025-12-02T15:51:49+00:00\",\"dateModified\":\"2025-12-16T13:54:20+00:00\",\"description\":\"Vielen Dank, dass Sie sich f\u00fcr den Newsletter angemeldet haben. Wir werden Sie \u00fcber Entwicklungen und neue Logistikm\u00f6glichkeiten in Lelystad auf dem Laufenden halten.\",\"breadcrumb\":{\"@id\":\"https:\\\/\\\/lelystadlogistics.com\\\/de\\\/danke-newsletter\\\/#breadcrumb\"},\"inLanguage\":\"de\",\"potentialAction\":[{\"@type\":\"ReadAction\",\"target\":[\"https:\\\/\\\/lelystadlogistics.com\\\/de\\\/danke-newsletter\\\/\"]}]},{\"@type\":\"BreadcrumbList\",\"@id\":\"https:\\\/\\\/lelystadlogistics.com\\\/de\\\/danke-newsletter\\\/#breadcrumb\",\"itemListElement\":[{\"@type\":\"ListItem\",\"position\":1,\"name\":\"Home\",\"item\":\"https:\\\/\\\/lelystadlogistics.com\\\/de\\\/\"},{\"@type\":\"ListItem\",\"position\":2,\"name\":\"Danke | Newsletter\"}]},{\"@type\":\"WebSite\",\"@id\":\"https:\\\/\\\/lelystadlogistics.com\\\/de\\\/#website\",\"url\":\"https:\\\/\\\/lelystadlogistics.com\\\/de\\\/\",\"name\":\"Lelystad Logistics\",\"description\":\"Part of Metropolitan Region Amsterdam\",\"publisher\":{\"@id\":\"https:\\\/\\\/lelystadlogistics.com\\\/de\\\/#organization\"},\"potentialAction\":[{\"@type\":\"SearchAction\",\"target\":{\"@type\":\"EntryPoint\",\"urlTemplate\":\"https:\\\/\\\/lelystadlogistics.com\\\/de\\\/?s={search_term_string}\"},\"query-input\":{\"@type\":\"PropertyValueSpecification\",\"valueRequired\":true,\"valueName\":\"search_term_string\"}}],\"inLanguage\":\"de\"},{\"@type\":\"Organization\",\"@id\":\"https:\\\/\\\/lelystadlogistics.com\\\/de\\\/#organization\",\"name\":\"Lelystad Logistics\",\"alternateName\":\"Part of Metropolitan Region Amsterdam\",\"url\":\"https:\\\/\\\/lelystadlogistics.com\\\/de\\\/\",\"logo\":{\"@type\":\"ImageObject\",\"inLanguage\":\"de\",\"@id\":\"https:\\\/\\\/lelystadlogistics.com\\\/de\\\/#\\\/schema\\\/logo\\\/image\\\/\",\"url\":\"https:\\\/\\\/lelystadlogistics.com\\\/wp-content\\\/uploads\\\/2025\\\/11\\\/Logo-Lelystad-Logistics-1.svg\",\"contentUrl\":\"https:\\\/\\\/lelystadlogistics.com\\\/wp-content\\\/uploads\\\/2025\\\/11\\\/Logo-Lelystad-Logistics-1.svg\",\"width\":1,\"height\":1,\"caption\":\"Lelystad Logistics\"},\"image\":{\"@id\":\"https:\\\/\\\/lelystadlogistics.com\\\/de\\\/#\\\/schema\\\/logo\\\/image\\\/\"}}]}<\/script>\n<!-- \/ Yoast SEO plugin. -->","yoast_head_json":{"title":"Danke | Newsletter | Lelystad Logistics","description":"Vielen Dank, dass Sie sich f\u00fcr den Newsletter angemeldet haben. Wir werden Sie \u00fcber Entwicklungen und neue Logistikm\u00f6glichkeiten in Lelystad auf dem Laufenden halten.","robots":{"index":"noindex","follow":"nofollow"},"og_locale":"de_DE","og_type":"article","og_title":"Danke | Newsletter | Lelystad Logistics","og_description":"Vielen Dank, dass Sie sich f\u00fcr den Newsletter angemeldet haben. Wir werden Sie \u00fcber Entwicklungen und neue Logistikm\u00f6glichkeiten in Lelystad auf dem Laufenden halten.","og_url":"https:\/\/lelystadlogistics.com\/de\/danke-newsletter\/","og_site_name":"Lelystad Logistics","article_modified_time":"2025-12-16T13:54:20+00:00","og_image":[{"width":1200,"height":675,"url":"https:\/\/lelystadlogistics.com\/wp-content\/uploads\/2025\/12\/OpenGraph-Lelystad-Logistics.jpg","type":"image\/jpeg"}],"twitter_card":"summary_large_image","twitter_misc":{"Gesch\u00e4tzte Lesezeit":"2\u00a0Minuten"},"schema":{"@context":"https:\/\/schema.org","@graph":[{"@type":"WebPage","@id":"https:\/\/lelystadlogistics.com\/de\/danke-newsletter\/","url":"https:\/\/lelystadlogistics.com\/de\/danke-newsletter\/","name":"Danke | Newsletter | Lelystad Logistics","isPartOf":{"@id":"https:\/\/lelystadlogistics.com\/de\/#website"},"datePublished":"2025-12-02T15:51:49+00:00","dateModified":"2025-12-16T13:54:20+00:00","description":"Vielen Dank, dass Sie sich f\u00fcr den Newsletter angemeldet haben. Wir werden Sie \u00fcber Entwicklungen und neue Logistikm\u00f6glichkeiten in Lelystad auf dem Laufenden halten.","breadcrumb":{"@id":"https:\/\/lelystadlogistics.com\/de\/danke-newsletter\/#breadcrumb"},"inLanguage":"de","potentialAction":[{"@type":"ReadAction","target":["https:\/\/lelystadlogistics.com\/de\/danke-newsletter\/"]}]},{"@type":"BreadcrumbList","@id":"https:\/\/lelystadlogistics.com\/de\/danke-newsletter\/#breadcrumb","itemListElement":[{"@type":"ListItem","position":1,"name":"Home","item":"https:\/\/lelystadlogistics.com\/de\/"},{"@type":"ListItem","position":2,"name":"Danke | Newsletter"}]},{"@type":"WebSite","@id":"https:\/\/lelystadlogistics.com\/de\/#website","url":"https:\/\/lelystadlogistics.com\/de\/","name":"Lelystad Logistics","description":"Part of Metropolitan Region Amsterdam","publisher":{"@id":"https:\/\/lelystadlogistics.com\/de\/#organization"},"potentialAction":[{"@type":"SearchAction","target":{"@type":"EntryPoint","urlTemplate":"https:\/\/lelystadlogistics.com\/de\/?s={search_term_string}"},"query-input":{"@type":"PropertyValueSpecification","valueRequired":true,"valueName":"search_term_string"}}],"inLanguage":"de"},{"@type":"Organization","@id":"https:\/\/lelystadlogistics.com\/de\/#organization","name":"Lelystad Logistics","alternateName":"Part of Metropolitan Region Amsterdam","url":"https:\/\/lelystadlogistics.com\/de\/","logo":{"@type":"ImageObject","inLanguage":"de","@id":"https:\/\/lelystadlogistics.com\/de\/#\/schema\/logo\/image\/","url":"https:\/\/lelystadlogistics.com\/wp-content\/uploads\/2025\/11\/Logo-Lelystad-Logistics-1.svg","contentUrl":"https:\/\/lelystadlogistics.com\/wp-content\/uploads\/2025\/11\/Logo-Lelystad-Logistics-1.svg","width":1,"height":1,"caption":"Lelystad Logistics"},"image":{"@id":"https:\/\/lelystadlogistics.com\/de\/#\/schema\/logo\/image\/"}}]}},"_links":{"self":[{"href":"https:\/\/lelystadlogistics.com\/de\/wp-json\/wp\/v2\/pages\/8490","targetHints":{"allow":["GET"]}}],"collection":[{"href":"https:\/\/lelystadlogistics.com\/de\/wp-json\/wp\/v2\/pages"}],"about":[{"href":"https:\/\/lelystadlogistics.com\/de\/wp-json\/wp\/v2\/types\/page"}],"author":[{"embeddable":true,"href":"https:\/\/lelystadlogistics.com\/de\/wp-json\/wp\/v2\/users\/1"}],"replies":[{"embeddable":true,"href":"https:\/\/lelystadlogistics.com\/de\/wp-json\/wp\/v2\/comments?post=8490"}],"version-history":[{"count":2,"href":"https:\/\/lelystadlogistics.com\/de\/wp-json\/wp\/v2\/pages\/8490\/revisions"}],"predecessor-version":[{"id":8514,"href":"https:\/\/lelystadlogistics.com\/de\/wp-json\/wp\/v2\/pages\/8490\/revisions\/8514"}],"wp:attachment":[{"href":"https:\/\/lelystadlogistics.com\/de\/wp-json\/wp\/v2\/media?parent=8490"}],"curies":[{"name":"wp","href":"https:\/\/api.w.org\/{rel}","templated":true}]}}