{"id":8531,"date":"2025-12-02T15:01:08","date_gmt":"2025-12-02T14:01:08","guid":{"rendered":"https:\/\/lelystadlogistics.com\/ueber-lelystad\/partner\/"},"modified":"2025-12-16T14:54:32","modified_gmt":"2025-12-16T13:54:32","slug":"partner","status":"publish","type":"page","link":"https:\/\/lelystadlogistics.com\/de\/ueber-lelystad\/partner\/","title":{"rendered":"Partner"},"content":{"rendered":"<p>[et_pb_section fb_built=&#8220;1&#8243; admin_label=&#8220;Contentheader&#8220; module_class=&#8220;header-divider&#8220; _builder_version=&#8220;4.27.4&#8243; _module_preset=&#8220;default&#8220; background_image=&#8220;https:\/\/lelystadlogistics.com\/wp-content\/uploads\/2025\/12\/V6_00090105-scaled.jpg&#8220; background_position=&#8220;top_center&#8220; background_vertical_offset=&#8220;11%&#8220; height=&#8220;785px&#8220; height_tablet=&#8220;700px&#8220; height_phone=&#8220;530px&#8220; height_last_edited=&#8220;on|phone&#8220; top_divider_height=&#8220;571px&#8220; top_divider_height_tablet=&#8220;370px&#8220; top_divider_height_phone=&#8220;215px&#8220; top_divider_height_last_edited=&#8220;on|tablet&#8220; hover_enabled=&#8220;0&#8243; global_colors_info=&#8220;{}&#8220; alt=&#8220;Luchtfoto Flevokust Haven&#8220; title_text=&#8220;Flevokust Haven&#8220; sticky_enabled=&#8220;0&#8243;][\/et_pb_section][et_pb_section fb_built=&#8220;1&#8243; _builder_version=&#8220;4.27.4&#8243; _module_preset=&#8220;default&#8220; overflow-x=&#8220;hidden&#8220; overflow-y=&#8220;hidden&#8220; custom_margin=&#8220;||||false|false&#8220; custom_padding=&#8220;63px||12px||false|false&#8220; global_colors_info=&#8220;{}&#8220;][et_pb_row column_structure=&#8220;2_3,1_3&#8243; _builder_version=&#8220;4.27.4&#8243; _module_preset=&#8220;default&#8220; custom_margin=&#8220;||65px||false|false&#8220; custom_margin_tablet=&#8220;||0px||false|false&#8220; custom_margin_phone=&#8220;||0px||false|false&#8220; custom_margin_last_edited=&#8220;on|tablet&#8220; custom_padding=&#8220;0px||0px||true|false&#8220; global_colors_info=&#8220;{}&#8220;][et_pb_column type=&#8220;2_3&#8243; _builder_version=&#8220;4.27.4&#8243; _module_preset=&#8220;default&#8220; global_colors_info=&#8220;{}&#8220;][et_pb_text _builder_version=&#8220;4.27.4&#8243; _module_preset=&#8220;default&#8220; header_font=&#8220;|700|||||||&#8220; custom_margin=&#8220;||10px||false|false&#8220; custom_padding=&#8220;||0px||false|false&#8220; global_colors_info=&#8220;{}&#8220;]<\/p>\n<h1>Partner<\/h1>\n<p>[\/et_pb_text][et_pb_text _builder_version=&#8220;4.27.4&#8243; _module_preset=&#8220;default&#8220; text_font=&#8220;|700|||||||&#8220; text_font_size=&#8220;20px&#8220; text_line_height=&#8220;25px&#8220; max_width=&#8220;728px&#8220; global_colors_info=&#8220;{}&#8220;]<\/p>\n<p>Die Entwicklung von Lelystad als Logistik-Hotspot ist eine gemeinsame Anstrengung. Mit Partnern wie TMA, MRA, der Gemeinde und Horizon Flevoland kombinieren wir Wissen, Netzwerke und Initiativen, um Unternehmern die besten Bedingungen f\u00fcr Wachstum und Innovation zu bieten. Diese Zusammenarbeit bildet die Grundlage f\u00fcr eine starke regionale Wirtschaft.  <\/p>\n<p>[\/et_pb_text][\/et_pb_column][et_pb_column type=&#8220;1_3&#8243; _builder_version=&#8220;4.27.4&#8243; _module_preset=&#8220;default&#8220; global_colors_info=&#8220;{}&#8220;][\/et_pb_column][\/et_pb_row][et_pb_row column_structure=&#8220;3_5,2_5&#8243; _builder_version=&#8220;4.27.4&#8243; _module_preset=&#8220;default&#8220; custom_margin=&#8220;||55px||false|false&#8220; global_colors_info=&#8220;{}&#8220;][et_pb_column type=&#8220;3_5&#8243; _builder_version=&#8220;4.27.4&#8243; _module_preset=&#8220;default&#8220; global_colors_info=&#8220;{}&#8220;][et_pb_text _builder_version=&#8220;4.27.4&#8243; _module_preset=&#8220;default&#8220; header_4_font=&#8220;|700|||||||&#8220; max_width=&#8220;820px&#8220; global_colors_info=&#8220;{}&#8220;]<\/p>\n<h4>Stadtbezirk Lelystad<\/h4>\n<p>Die Stadtverwaltung von Lelystad arbeitet aktiv an einem starken und zukunftssicheren Gesch\u00e4ftsklima. Mit kurzen Kommunikationswegen, einem pragmatischen Ansatz und einem Blick f\u00fcr die Praxis unterst\u00fctzt die Gemeinde Unternehmer bei jedem Schritt: von der Gr\u00fcndung bis zur Expansion. <\/p>\n<p>Lelystad denkt mit, handelt schnell und sucht immer nach L\u00f6sungen, die Wachstum erm\u00f6glichen. Die intensive Zusammenarbeit mit der Wirtschaft und dem Bildungswesen schafft ein Umfeld, in dem Pl\u00e4ne tats\u00e4chlich in die Tat umgesetzt und Ambitionen Wirklichkeit werden. <\/p>\n<p>[\/et_pb_text][et_pb_button button_url=&#8220;https:\/\/www.ondernemeninlelystad.nl\/nl&#8220; url_new_window=&#8220;on&#8220; button_text=&#8220;Stadtbezirk Lelystad&#8220; _builder_version=&#8220;4.27.4&#8243; _module_preset=&#8220;default&#8220; global_colors_info=&#8220;{}&#8220;][\/et_pb_button][et_pb_text _builder_version=&#8220;4.27.4&#8243; _module_preset=&#8220;default&#8220; header_4_font=&#8220;|700|||||||&#8220; max_width=&#8220;820px&#8220; global_colors_info=&#8220;{}&#8220;]<\/p>\n<h4>Horizont Flevoland<\/h4>\n<p>Horizon Flevoland ist die regionale Entwicklungsgesellschaft von Flevoland und ein wichtiger Partner f\u00fcr zukunftsorientierte Unternehmer.<\/p>\n<p>Horizon f\u00f6rdert Innovation, Investitionen und Wachstum und unterst\u00fctzt Unternehmen, die gr\u00fcnden, expandieren oder sich in der Region etablieren wollen. Mit Wissen, Netzwerken, Finanzierungsm\u00f6glichkeiten und einer starken Verbindung zu Regierung und Bildung hilft Horizon Unternehmern, etwas zu bewirken. Auf diese Weise tr\u00e4gt die Organisation zu einer Zukunft bei, in der sich Flevoland zu einer f\u00fchrenden Region f\u00fcr unternehmerische, innovative Niederlande entwickelt.  <\/p>\n<p>[\/et_pb_text][et_pb_button button_url=&#8220;https:\/\/horizonflevoland.nl\/&#8220; button_text=&#8220;Horizont Flevoland&#8220; _builder_version=&#8220;4.27.4&#8243; _module_preset=&#8220;default&#8220; global_colors_info=&#8220;{}&#8220;][\/et_pb_button][\/et_pb_column][et_pb_column type=&#8220;2_5&#8243; _builder_version=&#8220;4.27.4&#8243; _module_preset=&#8220;default&#8220; custom_css_free_form=&#8220;@media screen and (min-width: 480px) and (max-width: 980px) {||  selector {||      max-width: 460px;||  }||}&#8220; global_colors_info=&#8220;{}&#8220;][et_pb_image src=&#8220;https:\/\/lelystadlogistics.com\/wp-content\/uploads\/2025\/12\/V6_00092213-scaled.jpg&#8220; alt=&#8220;Luftaufnahme des Hafens von Flevokust&#8220; title_text=&#8220;FKH Kopfzeile&#8220; _builder_version=&#8220;4.27.4&#8243; _module_preset=&#8220;default&#8220; width=&#8220;396px&#8220; max_width=&#8220;396px&#8220; min_height=&#8220;396px&#8220; height=&#8220;396px&#8220; border_radii=&#8220;on|50%|50%|50%|50%&#8220; global_colors_info=&#8220;{}&#8220;][\/et_pb_image][et_pb_text _builder_version=&#8220;4.27.4&#8243; _module_preset=&#8220;default&#8220; background_color=&#8220;#95BC33&#8243; positioning=&#8220;absolute&#8220; position_origin_a=&#8220;bottom_right&#8220; vertical_offset=&#8220;15px&#8220; horizontal_offset=&#8220;85px&#8220; horizontal_offset_tablet=&#8220;85px&#8220; horizontal_offset_phone=&#8220;0px&#8220; horizontal_offset_last_edited=&#8220;on|phone&#8220; width=&#8220;90px&#8220; max_width=&#8220;90px&#8220; min_height=&#8220;90px&#8220; height=&#8220;90px&#8220; border_radii=&#8220;on|50%|50%|50%|50%&#8220; global_colors_info=&#8220;{}&#8220;][\/et_pb_text][\/et_pb_column][\/et_pb_row][et_pb_row _builder_version=&#8220;4.27.4&#8243; _module_preset=&#8220;default&#8220; global_colors_info=&#8220;{}&#8220;][et_pb_column type=&#8220;4_4&#8243; _builder_version=&#8220;4.27.4&#8243; _module_preset=&#8220;default&#8220; global_colors_info=&#8220;{}&#8220;][et_pb_text _builder_version=&#8220;4.27.4&#8243; _module_preset=&#8220;default&#8220; header_4_font=&#8220;|700|||||||&#8220; global_colors_info=&#8220;{}&#8220;]<\/p>\n<h4>Metropolregion Amsterdam (MRA)<\/h4>\n<p>Die Amsterdam Metropolitan Area ist eine Partnerschaft der Provinzen Nordholland und Flevoland, 30 Gemeinden und der Amsterdam Transport Region. Die St\u00e4rke der MRA liegt in der Vielfalt der St\u00e4dte, Volkswirtschaften und Landschaften, die sich innerhalb einer integrierten Region gegenseitig verst\u00e4rken. <\/p>\n<p>Innerhalb dieses Netzwerks arbeitet Lelystad in Fragen der Wirtschaft, des Raums und der Mobilit\u00e4t zusammen, damit Unternehmen von einem stark vernetzten Markt und einer breiten regionalen Arbeits- und Wissensbasis profitieren. Durch die Koordinierung sowohl auf subregionaler als auch auf MRA-Ebene f\u00fcgen sich Projekte und Entwicklungen nahtlos in die Ambitionen der Region ein und schaffen eine solide Grundlage f\u00fcr nachhaltiges Wachstum und Erreichbarkeit. <\/p>\n<p>[\/et_pb_text][et_pb_button button_url=&#8220;https:\/\/www.metropoolregioamsterdam.nl\/&#8220; button_text=&#8220;Metropolregion Amsterdam&#8220; _builder_version=&#8220;4.27.4&#8243; _module_preset=&#8220;default&#8220; global_colors_info=&#8220;{}&#8220;][\/et_pb_button][\/et_pb_column][\/et_pb_row][et_pb_row column_structure=&#8220;1_2,1_2&#8243; _builder_version=&#8220;4.27.4&#8243; _module_preset=&#8220;default&#8220; global_colors_info=&#8220;{}&#8220;][et_pb_column type=&#8220;1_2&#8243; _builder_version=&#8220;4.27.4&#8243; _module_preset=&#8220;default&#8220; global_colors_info=&#8220;{}&#8220;][et_pb_image src=&#8220;https:\/\/lelystadlogistics.com\/wp-content\/uploads\/2025\/12\/V6_00095078-scaled.jpg&#8220; alt=&#8220;Luftaufnahme des Containerterminals&#8220; title_text=&#8220;Flevokust Hafen&#8220; _builder_version=&#8220;4.27.4&#8243; _module_preset=&#8220;default&#8220; width=&#8220;396px&#8220; max_width=&#8220;396px&#8220; min_height=&#8220;396px&#8220; height=&#8220;396px&#8220; border_radii=&#8220;on|50%|50%|50%|50%&#8220; global_colors_info=&#8220;{}&#8220;][\/et_pb_image][\/et_pb_column][et_pb_column type=&#8220;1_2&#8243; _builder_version=&#8220;4.27.4&#8243; _module_preset=&#8220;default&#8220; global_colors_info=&#8220;{}&#8220;][et_pb_text _builder_version=&#8220;4.27.4&#8243; _module_preset=&#8220;default&#8220; header_4_font=&#8220;|700|||||||&#8220; global_colors_info=&#8220;{}&#8220;]<\/p>\n<h4>TMA Multimodal<\/h4>\n<p>TMA Multimodal ist ein Logistikdienstleister mit mehreren Containerterminals und einem starken Fokus auf Binnenschiffsverbindungen zwischen Rotterdam, Antwerpen und den n\u00f6rdlichen Niederlanden.<\/p>\n<p>Mit der \u00dcbernahme von CTU Flevokust hat TMA sein Dienstleistungsangebot weiter ausgebaut und bietet im Flevokust Haven moderne Einrichtungen f\u00fcr Lagerung und Umschlag, K\u00fchlanschl\u00fcsse und effizienten Containertransport \u00fcber Wasser, Schiene und Stra\u00dfe. Dank seiner Gr\u00f6\u00dfe, Flexibilit\u00e4t und Anpassungsf\u00e4higkeit bietet TMA Unternehmen eine optimale logistische Unterst\u00fctzung, sowohl f\u00fcr die t\u00e4glichen Abl\u00e4ufe als auch f\u00fcr spezielle oder kurzfristige Logistikanforderungen. Von Lelystad aus arbeitet TMA an weiterem Wachstum und Expansion, damit Unternehmen auf zukunftsorientierte, nachhaltige und effiziente Logistikl\u00f6sungen z\u00e4hlen k\u00f6nnen.  <\/p>\n<p>[\/et_pb_text][et_pb_button button_url=&#8220;https:\/\/www.ondernemeninlelystad.nl\/nl\/locaties\/4275619385\/ctu-flevokust&#8220; button_text=&#8220;TMA Multimodal&#8220; _builder_version=&#8220;4.27.4&#8243; _module_preset=&#8220;default&#8220; global_colors_info=&#8220;{}&#8220;][\/et_pb_button][\/et_pb_column][\/et_pb_row][et_pb_row _builder_version=&#8220;4.27.4&#8243; _module_preset=&#8220;default&#8220; global_colors_info=&#8220;{}&#8220;][et_pb_column type=&#8220;4_4&#8243; _builder_version=&#8220;4.27.4&#8243; _module_preset=&#8220;default&#8220; global_colors_info=&#8220;{}&#8220;][et_pb_text _builder_version=&#8220;4.27.4&#8243; _module_preset=&#8220;default&#8220; header_4_font=&#8220;|700|||||||&#8220; global_colors_info=&#8220;{}&#8220;]<\/p>\n<h4>Provinz Flevoland<\/h4>\n<p>Die Provinz unterst\u00fctzt die Unternehmen in Flevoland bei ihrem Schritt in die Zukunft, was sowohl den Unternehmern als auch der Gesellschaft zugute kommt. Viele Unternehmen investieren bereits in Digitalisierung, Nachhaltigkeit und Innovation, angetrieben durch die wachsende Nachfrage nach klimabewussten, energieeffizienten und zirkul\u00e4ren Gesch\u00e4ftsmodellen. <\/p>\n<h5>Digitale Wirtschaft<\/h5>\n<p>Die Wirtschaft wird zunehmend digital. Technologien wie 5G, IoT, Cloud, KI, Big Data, Quantencomputing und Blockchain bieten neue Chancen, bergen aber auch Risiken. Wir helfen Unternehmern, darin zu wachsen.  <\/p>\n<h5>Plattform Rundschreiben Flevoland<\/h5>\n<p>Mit der Plattform Circular Flevoland f\u00f6rdern wir Kreislaufinitiativen. Unternehmer, Experten, Studenten und Beh\u00f6rden arbeiten hier zusammen, tauschen ihr Wissen aus und entwickeln neue kreislauforientierte Gesch\u00e4ftsmodelle. <\/p>\n<p>[\/et_pb_text][et_pb_button button_url=&#8220;https:\/\/flevoland.nl\/wat-doen-we\/economie\/toekomstbestendig-bedrijfsleven&#8220; url_new_window=&#8220;on&#8220; button_text=&#8220;Provinz Flevoland&#8220; _builder_version=&#8220;4.27.4&#8243; _module_preset=&#8220;default&#8220; global_colors_info=&#8220;{}&#8220;][\/et_pb_button][\/et_pb_column][\/et_pb_row][\/et_pb_section][et_pb_section fb_built=&#8220;1&#8243; admin_label=&#8220;Partners&#8220; _builder_version=&#8220;4.27.4&#8243; _module_preset=&#8220;default&#8220; custom_margin=&#8220;||||false|false&#8220; custom_padding=&#8220;99px|||||&#8220; global_module=&#8220;426&#8243; locked=&#8220;off&#8220; global_colors_info=&#8220;{}&#8220;][et_pb_row column_structure=&#8220;2_3,1_3&#8243; _builder_version=&#8220;4.27.4&#8243; _module_preset=&#8220;default&#8220; custom_padding=&#8220;5px||0px||false|false&#8220; border_width_top=&#8220;3px&#8220; border_color_top=&#8220;#002B51&#8243; global_colors_info=&#8220;{}&#8220;][et_pb_column type=&#8220;2_3&#8243; _builder_version=&#8220;4.27.4&#8243; _module_preset=&#8220;default&#8220; global_colors_info=&#8220;{}&#8220;][et_pb_text _builder_version=&#8220;4.27.4&#8243; _module_preset=&#8220;default&#8220; header_2_font=&#8220;|700|||||||&#8220; header_2_text_color=&#8220;#95BC33&#8243; global_colors_info=&#8220;{}&#8220;]<\/p>\n<h2>Partner<\/h2>\n<p>[\/et_pb_text][\/et_pb_column][et_pb_column type=&#8220;1_3&#8243; _builder_version=&#8220;4.27.4&#8243; _module_preset=&#8220;default&#8220; global_colors_info=&#8220;{}&#8220;][\/et_pb_column][\/et_pb_row][et_pb_row _builder_version=&#8220;4.27.4&#8243; _module_preset=&#8220;default&#8220; custom_padding=&#8220;||0px||false|false&#8220; custom_css_free_form=&#8220;@media (max-width: 980px) {||   selector .et_pb_column .et_pb_row_inner, .et_pb_row {||        padding: 0!important;||    }||}&#8220; global_colors_info=&#8220;{}&#8220;][et_pb_column type=&#8220;4_4&#8243; _builder_version=&#8220;4.27.4&#8243; _module_preset=&#8220;default&#8220; global_colors_info=&#8220;{}&#8220;][dsm_image_carousel gallery_ids=&#8220;7685,7691,7694,7697,7699,7581,7874&#8243; slide_to_show=&#8220;5&#8243; arrows=&#8220;off&#8220; dots=&#8220;off&#8220; slide_to_show_tablet=&#8220;3&#8243; slide_to_show_phone=&#8220;2&#8243; slide_to_show_last_edited=&#8220;on|phone&#8220; _builder_version=&#8220;4.27.4&#8243; _module_preset=&#8220;default&#8220; custom_padding=&#8220;0px|0px|0px|0px|true|true&#8220; global_colors_info=&#8220;{}&#8220;][\/dsm_image_carousel][\/et_pb_column][\/et_pb_row][\/et_pb_section]<\/p>\n","protected":false},"excerpt":{"rendered":"<p>PartnerDie Entwicklung von Lelystad als Logistik-Hotspot ist eine gemeinsame Anstrengung. Mit Partnern wie TMA, MRA, der Gemeinde und Horizon Flevoland kombinieren wir Wissen, Netzwerke und Initiativen, um Unternehmern die besten Bedingungen f\u00fcr Wachstum und Innovation zu bieten. Diese Zusammenarbeit bildet die Grundlage f\u00fcr eine starke regionale Wirtschaft. Stadtbezirk Lelystad Die Stadtverwaltung von Lelystad arbeitet aktiv an einem starken und zukunftssicheren Gesch\u00e4ftsklima. Mit kurzen Kommunikationswegen, einem pragmatischen Ansatz und einem Blick f\u00fcr die Praxis unterst\u00fctzt die Gemeinde Unternehmer bei jedem Schritt: von der Gr\u00fcndung bis zur Expansion. Lelystad denkt mit, handelt schnell und sucht immer nach L\u00f6sungen, die Wachstum erm\u00f6glichen. Die intensive Zusammenarbeit mit der Wirtschaft und dem Bildungswesen schafft ein Umfeld, in dem Pl\u00e4ne tats\u00e4chlich in die Tat umgesetzt und Ambitionen Wirklichkeit werden. Horizont Flevoland Horizon Flevoland ist die regionale Entwicklungsgesellschaft von Flevoland und ein wichtiger Partner f\u00fcr zukunftsorientierte Unternehmer. Horizon f\u00f6rdert Innovation, Investitionen und Wachstum und unterst\u00fctzt Unternehmen, die gr\u00fcnden, expandieren oder sich in der Region etablieren wollen. Mit Wissen, Netzwerken, Finanzierungsm\u00f6glichkeiten und einer starken Verbindung zu Regierung und Bildung hilft Horizon Unternehmern, etwas zu bewirken. Auf diese Weise tr\u00e4gt die Organisation zu einer Zukunft bei, in der sich Flevoland zu einer f\u00fchrenden Region f\u00fcr unternehmerische, innovative Niederlande entwickelt. [&hellip;]<\/p>\n","protected":false},"author":2,"featured_media":0,"parent":8260,"menu_order":0,"comment_status":"closed","ping_status":"closed","template":"","meta":{"_acf_changed":false,"_et_pb_use_builder":"on","_et_pb_old_content":"","_et_gb_content_width":"","footnotes":""},"class_list":["post-8531","page","type-page","status-publish","hentry"],"acf":[],"yoast_head":"<!-- This site is optimized with the Yoast SEO plugin v27.4 - https:\/\/yoast.com\/product\/yoast-seo-wordpress\/ -->\n<title>Partner | Lelystad Logistics<\/title>\n<meta name=\"description\" content=\"Entdecken Sie die Partner hinter Lelystad Logistics. Kommune, Provinz und regionale Organisationen arbeiten gemeinsam am Aufbau einer starken, zukunftsorientierten Logistikregion.\" \/>\n<meta name=\"robots\" content=\"index, follow, max-snippet:-1, max-image-preview:large, max-video-preview:-1\" \/>\n<link rel=\"canonical\" href=\"https:\/\/lelystadlogistics.com\/de\/ueber-lelystad\/partner\/\" \/>\n<meta property=\"og:locale\" content=\"de_DE\" \/>\n<meta property=\"og:type\" content=\"article\" \/>\n<meta property=\"og:title\" content=\"Partner | Lelystad Logistics\" \/>\n<meta property=\"og:description\" content=\"Entdecken Sie die Partner hinter Lelystad Logistics. Kommune, Provinz und regionale Organisationen arbeiten gemeinsam am Aufbau einer starken, zukunftsorientierten Logistikregion.\" \/>\n<meta property=\"og:url\" content=\"https:\/\/lelystadlogistics.com\/de\/ueber-lelystad\/partner\/\" \/>\n<meta property=\"og:site_name\" content=\"Lelystad Logistics\" \/>\n<meta property=\"article:modified_time\" content=\"2025-12-16T13:54:32+00:00\" \/>\n<meta property=\"og:image\" content=\"https:\/\/lelystadlogistics.com\/wp-content\/uploads\/2025\/12\/OpenGraph-Lelystad-Logistics.jpg\" \/>\n\t<meta property=\"og:image:width\" content=\"1200\" \/>\n\t<meta property=\"og:image:height\" content=\"675\" \/>\n\t<meta property=\"og:image:type\" content=\"image\/jpeg\" \/>\n<meta name=\"twitter:card\" content=\"summary_large_image\" \/>\n<meta name=\"twitter:label1\" content=\"Gesch\u00e4tzte Lesezeit\" \/>\n\t<meta name=\"twitter:data1\" content=\"8\u00a0Minuten\" \/>\n<script type=\"application\/ld+json\" class=\"yoast-schema-graph\">{\"@context\":\"https:\\\/\\\/schema.org\",\"@graph\":[{\"@type\":\"WebPage\",\"@id\":\"https:\\\/\\\/lelystadlogistics.com\\\/de\\\/ueber-lelystad\\\/partner\\\/\",\"url\":\"https:\\\/\\\/lelystadlogistics.com\\\/de\\\/ueber-lelystad\\\/partner\\\/\",\"name\":\"Partner | Lelystad Logistics\",\"isPartOf\":{\"@id\":\"https:\\\/\\\/lelystadlogistics.com\\\/de\\\/#website\"},\"datePublished\":\"2025-12-02T14:01:08+00:00\",\"dateModified\":\"2025-12-16T13:54:32+00:00\",\"description\":\"Entdecken Sie die Partner hinter Lelystad Logistics. Kommune, Provinz und regionale Organisationen arbeiten gemeinsam am Aufbau einer starken, zukunftsorientierten Logistikregion.\",\"breadcrumb\":{\"@id\":\"https:\\\/\\\/lelystadlogistics.com\\\/de\\\/ueber-lelystad\\\/partner\\\/#breadcrumb\"},\"inLanguage\":\"de\",\"potentialAction\":[{\"@type\":\"ReadAction\",\"target\":[\"https:\\\/\\\/lelystadlogistics.com\\\/de\\\/ueber-lelystad\\\/partner\\\/\"]}]},{\"@type\":\"BreadcrumbList\",\"@id\":\"https:\\\/\\\/lelystadlogistics.com\\\/de\\\/ueber-lelystad\\\/partner\\\/#breadcrumb\",\"itemListElement\":[{\"@type\":\"ListItem\",\"position\":1,\"name\":\"Home\",\"item\":\"https:\\\/\\\/lelystadlogistics.com\\\/de\\\/\"},{\"@type\":\"ListItem\",\"position\":2,\"name\":\"\u00dcber Lelystad\",\"item\":\"https:\\\/\\\/lelystadlogistics.com\\\/de\\\/ueber-lelystad\\\/\"},{\"@type\":\"ListItem\",\"position\":3,\"name\":\"Partner\"}]},{\"@type\":\"WebSite\",\"@id\":\"https:\\\/\\\/lelystadlogistics.com\\\/de\\\/#website\",\"url\":\"https:\\\/\\\/lelystadlogistics.com\\\/de\\\/\",\"name\":\"Lelystad Logistics\",\"description\":\"Part of Metropolitan Region Amsterdam\",\"publisher\":{\"@id\":\"https:\\\/\\\/lelystadlogistics.com\\\/de\\\/#organization\"},\"potentialAction\":[{\"@type\":\"SearchAction\",\"target\":{\"@type\":\"EntryPoint\",\"urlTemplate\":\"https:\\\/\\\/lelystadlogistics.com\\\/de\\\/?s={search_term_string}\"},\"query-input\":{\"@type\":\"PropertyValueSpecification\",\"valueRequired\":true,\"valueName\":\"search_term_string\"}}],\"inLanguage\":\"de\"},{\"@type\":\"Organization\",\"@id\":\"https:\\\/\\\/lelystadlogistics.com\\\/de\\\/#organization\",\"name\":\"Lelystad Logistics\",\"alternateName\":\"Part of Metropolitan Region Amsterdam\",\"url\":\"https:\\\/\\\/lelystadlogistics.com\\\/de\\\/\",\"logo\":{\"@type\":\"ImageObject\",\"inLanguage\":\"de\",\"@id\":\"https:\\\/\\\/lelystadlogistics.com\\\/de\\\/#\\\/schema\\\/logo\\\/image\\\/\",\"url\":\"https:\\\/\\\/lelystadlogistics.com\\\/wp-content\\\/uploads\\\/2025\\\/11\\\/Logo-Lelystad-Logistics-1.svg\",\"contentUrl\":\"https:\\\/\\\/lelystadlogistics.com\\\/wp-content\\\/uploads\\\/2025\\\/11\\\/Logo-Lelystad-Logistics-1.svg\",\"width\":1,\"height\":1,\"caption\":\"Lelystad Logistics\"},\"image\":{\"@id\":\"https:\\\/\\\/lelystadlogistics.com\\\/de\\\/#\\\/schema\\\/logo\\\/image\\\/\"}}]}<\/script>\n<!-- \/ Yoast SEO plugin. -->","yoast_head_json":{"title":"Partner | Lelystad Logistics","description":"Entdecken Sie die Partner hinter Lelystad Logistics. Kommune, Provinz und regionale Organisationen arbeiten gemeinsam am Aufbau einer starken, zukunftsorientierten Logistikregion.","robots":{"index":"index","follow":"follow","max-snippet":"max-snippet:-1","max-image-preview":"max-image-preview:large","max-video-preview":"max-video-preview:-1"},"canonical":"https:\/\/lelystadlogistics.com\/de\/ueber-lelystad\/partner\/","og_locale":"de_DE","og_type":"article","og_title":"Partner | Lelystad Logistics","og_description":"Entdecken Sie die Partner hinter Lelystad Logistics. Kommune, Provinz und regionale Organisationen arbeiten gemeinsam am Aufbau einer starken, zukunftsorientierten Logistikregion.","og_url":"https:\/\/lelystadlogistics.com\/de\/ueber-lelystad\/partner\/","og_site_name":"Lelystad Logistics","article_modified_time":"2025-12-16T13:54:32+00:00","og_image":[{"width":1200,"height":675,"url":"https:\/\/lelystadlogistics.com\/wp-content\/uploads\/2025\/12\/OpenGraph-Lelystad-Logistics.jpg","type":"image\/jpeg"}],"twitter_card":"summary_large_image","twitter_misc":{"Gesch\u00e4tzte Lesezeit":"8\u00a0Minuten"},"schema":{"@context":"https:\/\/schema.org","@graph":[{"@type":"WebPage","@id":"https:\/\/lelystadlogistics.com\/de\/ueber-lelystad\/partner\/","url":"https:\/\/lelystadlogistics.com\/de\/ueber-lelystad\/partner\/","name":"Partner | Lelystad Logistics","isPartOf":{"@id":"https:\/\/lelystadlogistics.com\/de\/#website"},"datePublished":"2025-12-02T14:01:08+00:00","dateModified":"2025-12-16T13:54:32+00:00","description":"Entdecken Sie die Partner hinter Lelystad Logistics. Kommune, Provinz und regionale Organisationen arbeiten gemeinsam am Aufbau einer starken, zukunftsorientierten Logistikregion.","breadcrumb":{"@id":"https:\/\/lelystadlogistics.com\/de\/ueber-lelystad\/partner\/#breadcrumb"},"inLanguage":"de","potentialAction":[{"@type":"ReadAction","target":["https:\/\/lelystadlogistics.com\/de\/ueber-lelystad\/partner\/"]}]},{"@type":"BreadcrumbList","@id":"https:\/\/lelystadlogistics.com\/de\/ueber-lelystad\/partner\/#breadcrumb","itemListElement":[{"@type":"ListItem","position":1,"name":"Home","item":"https:\/\/lelystadlogistics.com\/de\/"},{"@type":"ListItem","position":2,"name":"\u00dcber Lelystad","item":"https:\/\/lelystadlogistics.com\/de\/ueber-lelystad\/"},{"@type":"ListItem","position":3,"name":"Partner"}]},{"@type":"WebSite","@id":"https:\/\/lelystadlogistics.com\/de\/#website","url":"https:\/\/lelystadlogistics.com\/de\/","name":"Lelystad Logistics","description":"Part of Metropolitan Region Amsterdam","publisher":{"@id":"https:\/\/lelystadlogistics.com\/de\/#organization"},"potentialAction":[{"@type":"SearchAction","target":{"@type":"EntryPoint","urlTemplate":"https:\/\/lelystadlogistics.com\/de\/?s={search_term_string}"},"query-input":{"@type":"PropertyValueSpecification","valueRequired":true,"valueName":"search_term_string"}}],"inLanguage":"de"},{"@type":"Organization","@id":"https:\/\/lelystadlogistics.com\/de\/#organization","name":"Lelystad Logistics","alternateName":"Part of Metropolitan Region Amsterdam","url":"https:\/\/lelystadlogistics.com\/de\/","logo":{"@type":"ImageObject","inLanguage":"de","@id":"https:\/\/lelystadlogistics.com\/de\/#\/schema\/logo\/image\/","url":"https:\/\/lelystadlogistics.com\/wp-content\/uploads\/2025\/11\/Logo-Lelystad-Logistics-1.svg","contentUrl":"https:\/\/lelystadlogistics.com\/wp-content\/uploads\/2025\/11\/Logo-Lelystad-Logistics-1.svg","width":1,"height":1,"caption":"Lelystad Logistics"},"image":{"@id":"https:\/\/lelystadlogistics.com\/de\/#\/schema\/logo\/image\/"}}]}},"_links":{"self":[{"href":"https:\/\/lelystadlogistics.com\/de\/wp-json\/wp\/v2\/pages\/8531","targetHints":{"allow":["GET"]}}],"collection":[{"href":"https:\/\/lelystadlogistics.com\/de\/wp-json\/wp\/v2\/pages"}],"about":[{"href":"https:\/\/lelystadlogistics.com\/de\/wp-json\/wp\/v2\/types\/page"}],"author":[{"embeddable":true,"href":"https:\/\/lelystadlogistics.com\/de\/wp-json\/wp\/v2\/users\/2"}],"replies":[{"embeddable":true,"href":"https:\/\/lelystadlogistics.com\/de\/wp-json\/wp\/v2\/comments?post=8531"}],"version-history":[{"count":9,"href":"https:\/\/lelystadlogistics.com\/de\/wp-json\/wp\/v2\/pages\/8531\/revisions"}],"predecessor-version":[{"id":8575,"href":"https:\/\/lelystadlogistics.com\/de\/wp-json\/wp\/v2\/pages\/8531\/revisions\/8575"}],"up":[{"embeddable":true,"href":"https:\/\/lelystadlogistics.com\/de\/wp-json\/wp\/v2\/pages\/8260"}],"wp:attachment":[{"href":"https:\/\/lelystadlogistics.com\/de\/wp-json\/wp\/v2\/media?parent=8531"}],"curies":[{"name":"wp","href":"https:\/\/api.w.org\/{rel}","templated":true}]}}