{"id":8557,"date":"2025-12-02T13:42:30","date_gmt":"2025-12-02T12:42:30","guid":{"rendered":"https:\/\/lelystadlogistics.com\/ueber-lelystad\/arbeitsmarkt-bildung\/"},"modified":"2026-04-17T14:22:05","modified_gmt":"2026-04-17T12:22:05","slug":"arbeitsmarkt-bildung","status":"publish","type":"page","link":"https:\/\/lelystadlogistics.com\/de\/ueber-lelystad\/arbeitsmarkt-bildung\/","title":{"rendered":"Arbeitsmarkt &amp; Bildung"},"content":{"rendered":"<p>[et_pb_section fb_built=&#8220;1&#8243; admin_label=&#8220;Contentheader&#8220; module_class=&#8220;header-divider&#8220; _builder_version=&#8220;4.27.4&#8243; _module_preset=&#8220;default&#8220; background_image=&#8220;https:\/\/lelystadlogistics.com\/wp-content\/uploads\/2025\/12\/LAB-2025-Pluim-Fotografie-36-scaled.jpg&#8220; background_position=&#8220;top_center&#8220; background_vertical_offset=&#8220;11%&#8220; height=&#8220;785px&#8220; height_tablet=&#8220;700px&#8220; height_phone=&#8220;530px&#8220; height_last_edited=&#8220;on|phone&#8220; top_divider_height=&#8220;571px&#8220; top_divider_height_tablet=&#8220;370px&#8220; top_divider_height_phone=&#8220;215px&#8220; top_divider_height_last_edited=&#8220;on|tablet&#8220; global_colors_info=&#8220;{}&#8220;][\/et_pb_section][et_pb_section fb_built=&#8220;1&#8243; _builder_version=&#8220;4.27.4&#8243; _module_preset=&#8220;default&#8220; overflow-x=&#8220;hidden&#8220; overflow-y=&#8220;hidden&#8220; custom_margin=&#8220;||||false|false&#8220; custom_padding=&#8220;63px||||false|false&#8220; global_colors_info=&#8220;{}&#8220;][et_pb_row column_structure=&#8220;2_3,1_3&#8243; _builder_version=&#8220;4.27.4&#8243; _module_preset=&#8220;default&#8220; custom_margin=&#8220;||65px||false|false&#8220; custom_margin_tablet=&#8220;||0px||false|false&#8220; custom_margin_phone=&#8220;||0px||false|false&#8220; custom_margin_last_edited=&#8220;on|tablet&#8220; custom_padding=&#8220;0px||0px||true|false&#8220; global_colors_info=&#8220;{}&#8220;][et_pb_column type=&#8220;2_3&#8243; _builder_version=&#8220;4.27.4&#8243; _module_preset=&#8220;default&#8220; global_colors_info=&#8220;{}&#8220;][et_pb_text _builder_version=&#8220;4.27.4&#8243; _module_preset=&#8220;default&#8220; header_font=&#8220;|700|||||||&#8220; custom_margin=&#8220;||10px||false|false&#8220; custom_padding=&#8220;||0px||false|false&#8220; global_colors_info=&#8220;{}&#8220;]<\/p>\n<h1>Arbeitsmarkt &amp; Bildung<\/h1>\n<p>[\/et_pb_text][et_pb_text _builder_version=&#8220;4.27.4&#8243; _module_preset=&#8220;default&#8220; text_font=&#8220;|700|||||||&#8220; text_font_size=&#8220;20px&#8220; text_line_height=&#8220;25px&#8220; max_width=&#8220;728px&#8220; global_colors_info=&#8220;{}&#8220;]<\/p>\n<p>Lelystad w\u00e4chst, und auch der Arbeitsmarkt bewegt sich mit. Es gibt zahlreiche tolle Jobs, die es den Einwohnern von Lelystad und den Flevolanern erm\u00f6glichen, in ihrer eigenen Region zu arbeiten. Die Region ist bekannt f\u00fcr ihre bodenst\u00e4ndige Mentalit\u00e4t, ihre praktische Einstellung und f\u00fcr Menschen, die gerne die \u00c4rmel hochkrempeln. Das macht Lelystad attraktiv f\u00fcr Unternehmen, die engagierte und tatkr\u00e4ftige Mitarbeiter suchen.   <\/p>\n<p>[\/et_pb_text][\/et_pb_column][et_pb_column type=&#8220;1_3&#8243; _builder_version=&#8220;4.27.4&#8243; _module_preset=&#8220;default&#8220; global_colors_info=&#8220;{}&#8220;][\/et_pb_column][\/et_pb_row][et_pb_row column_structure=&#8220;3_5,2_5&#8243; _builder_version=&#8220;4.27.4&#8243; _module_preset=&#8220;default&#8220; custom_margin=&#8220;||||false|false&#8220; global_colors_info=&#8220;{}&#8220;][et_pb_column type=&#8220;3_5&#8243; _builder_version=&#8220;4.27.4&#8243; _module_preset=&#8220;default&#8220; global_colors_info=&#8220;{}&#8220;][et_pb_text _builder_version=&#8220;4.27.4&#8243; _module_preset=&#8220;default&#8220; header_2_font=&#8220;|700|||||||&#8220; custom_margin=&#8220;||10px||false|false&#8220; custom_padding=&#8220;||0px||false|false&#8220; global_colors_info=&#8220;{}&#8220;]<\/p>\n<h2><strong>Ein Arbeitsmarkt, der sich mit Ihnen bewegt<\/strong><\/h2>\n<p>[\/et_pb_text][et_pb_text _builder_version=&#8220;4.27.4&#8243; _module_preset=&#8220;default&#8220; custom_margin=&#8220;||0px||false|false&#8220; custom_padding=&#8220;||0px||false|false&#8220; global_colors_info=&#8220;{}&#8220;]<\/p>\n<h4><strong>Kurze Wege zwischen Unternehmen und Ausbildung<br \/><\/strong><\/h4>\n<p>&nbsp;<\/p>\n<p>[\/et_pb_text][et_pb_text _builder_version=&#8220;4.27.4&#8243; _module_preset=&#8220;default&#8220; max_width=&#8220;820px&#8220; global_colors_info=&#8220;{}&#8220;]<\/p>\n<p>Die Zusammenarbeit zwischen Bildungseinrichtungen, Regierung und Industrie ist eng und zielgerichtet. Dank dieser kurzen Kommunikationswege werden die Kurse st\u00e4ndig an die Marktnachfrage angepasst. Praktische Praktika, hybride Lernumgebungen und ma\u00dfgeschneiderte Programme sorgen daf\u00fcr, dass die Studenten sofort einsatzf\u00e4hig sind und die Unternehmen schnell expandieren k\u00f6nnen.  <\/p>\n<p>[\/et_pb_text][et_pb_text _builder_version=&#8220;4.27.4&#8243; _module_preset=&#8220;default&#8220; max_width=&#8220;820px&#8220; global_colors_info=&#8220;{}&#8220;]<\/p>\n<h4>Zukunftsorientierte Ausbildung<\/h4>\n<p>In Lelystad und der Region finden Unternehmen ein breites Angebot an Studieng\u00e4ngen in den Bereichen Logistik, Technik, IKT, Gesundheitswesen und Dienstleistungen. Von mbo bis hbo arbeiten die Bildungseinrichtungen an Talenten, die f\u00fcr die Zukunft ger\u00fcstet sind: digital ausgebildet, praktisch veranlagt und gewohnt, mit Unternehmen zusammenzuarbeiten. <\/p>\n<p>[\/et_pb_text][et_pb_button button_url=&#8220;https:\/\/www.inflevoland.nl\/groei\/werk-leer-in-flevoland&#8220; url_new_window=&#8220;on&#8220; button_text=&#8220;Ausbildungskurse in Flevoland&#8220; _builder_version=&#8220;4.27.4&#8243; _module_preset=&#8220;default&#8220; global_colors_info=&#8220;{}&#8220;][\/et_pb_button][et_pb_button button_text=&#8220;Haus der Logistik Flevoland&#8220; _builder_version=&#8220;4.27.6&#8243; _module_preset=&#8220;default&#8220; button_url=&#8220;https:\/\/www.houseoflogisticsflevoland.nl\/&#8220; url_new_window=&#8220;on&#8220; hover_enabled=&#8220;0&#8243; sticky_enabled=&#8220;0&#8243;][\/et_pb_button][\/et_pb_column][et_pb_column type=&#8220;2_5&#8243; _builder_version=&#8220;4.27.4&#8243; _module_preset=&#8220;default&#8220; custom_css_free_form=&#8220;@media screen and (min-width: 480px) and (max-width: 980px) {||  selector {||      max-width: 460px;||  }||}&#8220; global_colors_info=&#8220;{}&#8220;][et_pb_image src=&#8220;https:\/\/lelystadlogistics.com\/wp-content\/uploads\/2025\/12\/ROC00002.jpg&#8220; alt=&#8220;ROC Lelystad&#8220; title_text=&#8220;ROC00002&#8243; _builder_version=&#8220;4.27.4&#8243; _module_preset=&#8220;default&#8220; width=&#8220;396px&#8220; max_width=&#8220;396px&#8220; min_height=&#8220;396px&#8220; height=&#8220;396px&#8220; border_radii=&#8220;on|50%|50%|50%|50%&#8220; global_colors_info=&#8220;{}&#8220;][\/et_pb_image][et_pb_text _builder_version=&#8220;4.27.4&#8243; _module_preset=&#8220;default&#8220; background_color=&#8220;#95BC33&#8243; positioning=&#8220;absolute&#8220; position_origin_a=&#8220;bottom_right&#8220; vertical_offset=&#8220;15px&#8220; horizontal_offset=&#8220;85px&#8220; horizontal_offset_tablet=&#8220;85px&#8220; horizontal_offset_phone=&#8220;0px&#8220; horizontal_offset_last_edited=&#8220;on|phone&#8220; width=&#8220;90px&#8220; max_width=&#8220;90px&#8220; min_height=&#8220;90px&#8220; height=&#8220;90px&#8220; border_radii=&#8220;on|50%|50%|50%|50%&#8220; global_colors_info=&#8220;{}&#8220;][\/et_pb_text][\/et_pb_column][\/et_pb_row][et_pb_row _builder_version=&#8220;4.27.4&#8243; _module_preset=&#8220;default&#8220; global_colors_info=&#8220;{}&#8220;][et_pb_column type=&#8220;4_4&#8243; _builder_version=&#8220;4.27.4&#8243; _module_preset=&#8220;default&#8220; global_colors_info=&#8220;{}&#8220;][et_pb_text _builder_version=&#8220;4.27.4&#8243; _module_preset=&#8220;default&#8220; global_colors_info=&#8220;{}&#8220;]<\/p>\n<h4>Besch\u00e4ftigung nimmt weiter zu<\/h4>\n<p>Das Wachstum des Logistiksektors, die Entwicklung von Gewerbegebieten und Investitionen in Energie und Infrastruktur schaffen strukturell neue Arbeitspl\u00e4tze. Die Unternehmen k\u00f6nnen sich also auf einen Arbeitsmarkt verlassen, der mit ihren Ambitionen w\u00e4chst. In Flevoland gibt es Raum zum Arbeiten, Lernen und Wachsen.  <\/p>\n<p>[\/et_pb_text][et_pb_button button_url=&#8220;https:\/\/www.bedrijfskring.nl\/&#8220; url_new_window=&#8220;on&#8220; button_text=&#8220;Gesch\u00e4ftskreis Lelystad&#8220; _builder_version=&#8220;4.27.4&#8243; _module_preset=&#8220;default&#8220; global_colors_info=&#8220;{}&#8220;][\/et_pb_button][\/et_pb_column][\/et_pb_row][et_pb_row column_structure=&#8220;1_2,1_2&#8243; _builder_version=&#8220;4.27.4&#8243; _module_preset=&#8220;default&#8220; global_colors_info=&#8220;{}&#8220;][et_pb_column type=&#8220;1_2&#8243; _builder_version=&#8220;4.27.4&#8243; _module_preset=&#8220;default&#8220; global_colors_info=&#8220;{}&#8220;][et_pb_image src=&#8220;https:\/\/lelystadlogistics.com\/wp-content\/uploads\/2025\/12\/Parkwijk_1.jpg&#8220; alt=&#8220;H\u00e4user in Parkwijk Lelystad&#8220; title_text=&#8220;Parkviertel_1&#8243; _builder_version=&#8220;4.27.4&#8243; _module_preset=&#8220;default&#8220; width=&#8220;396px&#8220; max_width=&#8220;396px&#8220; min_height=&#8220;396px&#8220; height=&#8220;396px&#8220; border_radii=&#8220;on|50%|50%|50%|50%&#8220; global_colors_info=&#8220;{}&#8220;][\/et_pb_image][\/et_pb_column][et_pb_column type=&#8220;1_2&#8243; _builder_version=&#8220;4.27.4&#8243; _module_preset=&#8220;default&#8220; global_colors_info=&#8220;{}&#8220;][et_pb_text _builder_version=&#8220;4.27.4&#8243; _module_preset=&#8220;default&#8220; global_colors_info=&#8220;{}&#8220;]<\/p>\n<h4 data-start=\"730\" data-end=\"774\"><strong data-start=\"734\" data-end=\"774\">Wachstumsstadt mit Platz zum Leben<\/strong><\/h4>\n<p data-start=\"775\" data-end=\"1230\">Lelystad w\u00e4chst, weil Unternehmer, Beh\u00f6rden und Entwickler wissen, wie sie hier zueinander finden k\u00f6nnen. Der Austausch von Wissen, die B\u00fcndelung von Ambitionen und gemeinsame Investitionen schaffen eine Region, die bereit ist, den n\u00e4chsten Schritt zu tun. <\/p>\n<p data-start=\"775\" data-end=\"1230\">Gleichzeitig entwickelt sich die Stadt zu einer der gr\u00f6\u00dften Wachstumsgemeinden in den Niederlanden mit einem ehrgeizigen Wohnungsbauprogramm, das in den kommenden Jahren Tausende von neuen Wohnungen vorsieht. Infolgedessen w\u00e4chst nicht nur die Zahl der Einwohner, sondern auch die Zahl der Arbeitskr\u00e4fte und des Talentpools, wovon die Unternehmen direkt profitieren. <\/p>\n<p data-start=\"775\" data-end=\"1230\">Diese Kombination aus st\u00e4dtischem Wachstum und wirtschaftlicher Zusammenarbeit macht Lelystad zu einem Ort, an dem sowohl Unternehmen als auch Einwohner eine nachhaltige Zukunft aufbauen k\u00f6nnen.<\/p>\n<p>[\/et_pb_text][\/et_pb_column][\/et_pb_row][\/et_pb_section][et_pb_section fb_built=&#8220;1&#8243; admin_label=&#8220;Partners&#8220; _builder_version=&#8220;4.27.4&#8243; _module_preset=&#8220;default&#8220; custom_margin=&#8220;||||false|false&#8220; custom_padding=&#8220;99px|||||&#8220; global_module=&#8220;426&#8243; locked=&#8220;off&#8220; global_colors_info=&#8220;{}&#8220;][et_pb_row column_structure=&#8220;2_3,1_3&#8243; _builder_version=&#8220;4.27.4&#8243; _module_preset=&#8220;default&#8220; custom_padding=&#8220;5px||0px||false|false&#8220; border_width_top=&#8220;3px&#8220; border_color_top=&#8220;#002B51&#8243; global_colors_info=&#8220;{}&#8220;][et_pb_column type=&#8220;2_3&#8243; _builder_version=&#8220;4.27.4&#8243; _module_preset=&#8220;default&#8220; global_colors_info=&#8220;{}&#8220;][et_pb_text _builder_version=&#8220;4.27.4&#8243; _module_preset=&#8220;default&#8220; header_2_font=&#8220;|700|||||||&#8220; header_2_text_color=&#8220;#95BC33&#8243; global_colors_info=&#8220;{}&#8220;]<\/p>\n<h2>Partner<\/h2>\n<p>[\/et_pb_text][\/et_pb_column][et_pb_column type=&#8220;1_3&#8243; _builder_version=&#8220;4.27.4&#8243; _module_preset=&#8220;default&#8220; global_colors_info=&#8220;{}&#8220;][\/et_pb_column][\/et_pb_row][et_pb_row _builder_version=&#8220;4.27.4&#8243; _module_preset=&#8220;default&#8220; custom_padding=&#8220;||0px||false|false&#8220; custom_css_free_form=&#8220;@media (max-width: 980px) {||   selector .et_pb_column .et_pb_row_inner, .et_pb_row {||        padding: 0!important;||    }||}&#8220; global_colors_info=&#8220;{}&#8220;][et_pb_column type=&#8220;4_4&#8243; _builder_version=&#8220;4.27.4&#8243; _module_preset=&#8220;default&#8220; global_colors_info=&#8220;{}&#8220;][dsm_image_carousel gallery_ids=&#8220;7581,7685,7694,7697,7699,7691,7874&#8243; slide_to_show=&#8220;7&#8243; arrows=&#8220;off&#8220; dots=&#8220;off&#8220; slide_to_show_tablet=&#8220;5&#8243; slide_to_show_phone=&#8220;3&#8243; slide_to_show_last_edited=&#8220;on|phone&#8220; _builder_version=&#8220;4.27.5&#8243; _module_preset=&#8220;default&#8220; custom_padding=&#8220;0px|0px|0px|0px|true|true&#8220; global_colors_info=&#8220;{}&#8220;][\/dsm_image_carousel][\/et_pb_column][\/et_pb_row][\/et_pb_section]<\/p>\n","protected":false},"excerpt":{"rendered":"<p>Arbeitsmarkt &amp; BildungLelystad w\u00e4chst, und auch der Arbeitsmarkt bewegt sich mit. Es gibt zahlreiche tolle Jobs, die es den Einwohnern von Lelystad und den Flevolanern erm\u00f6glichen, in ihrer eigenen Region zu arbeiten. Die Region ist bekannt f\u00fcr ihre bodenst\u00e4ndige Mentalit\u00e4t, ihre praktische Einstellung und f\u00fcr Menschen, die gerne die \u00c4rmel hochkrempeln. Das macht Lelystad attraktiv f\u00fcr Unternehmen, die engagierte und tatkr\u00e4ftige Mitarbeiter suchen. Ein Arbeitsmarkt, der sich mit Ihnen bewegtKurze Wege zwischen Unternehmen und Ausbildung &nbsp;Die Zusammenarbeit zwischen Bildungseinrichtungen, Regierung und Industrie ist eng und zielgerichtet. Dank dieser kurzen Kommunikationswege werden die Kurse st\u00e4ndig an die Marktnachfrage angepasst. Praktische Praktika, hybride Lernumgebungen und ma\u00dfgeschneiderte Programme sorgen daf\u00fcr, dass die Studenten sofort einsatzf\u00e4hig sind und die Unternehmen schnell expandieren k\u00f6nnen. Zukunftsorientierte Ausbildung In Lelystad und der Region finden Unternehmen ein breites Angebot an Studieng\u00e4ngen in den Bereichen Logistik, Technik, IKT, Gesundheitswesen und Dienstleistungen. Von mbo bis hbo arbeiten die Bildungseinrichtungen an Talenten, die f\u00fcr die Zukunft ger\u00fcstet sind: digital ausgebildet, praktisch veranlagt und gewohnt, mit Unternehmen zusammenzuarbeiten. Besch\u00e4ftigung nimmt weiter zu Das Wachstum des Logistiksektors, die Entwicklung von Gewerbegebieten und Investitionen in Energie und Infrastruktur schaffen strukturell neue Arbeitspl\u00e4tze. Die Unternehmen k\u00f6nnen sich also auf einen Arbeitsmarkt verlassen, der mit ihren [&hellip;]<\/p>\n","protected":false},"author":2,"featured_media":0,"parent":8260,"menu_order":0,"comment_status":"closed","ping_status":"closed","template":"","meta":{"_acf_changed":false,"_et_pb_use_builder":"on","_et_pb_old_content":"","_et_gb_content_width":"","footnotes":""},"class_list":["post-8557","page","type-page","status-publish","hentry"],"acf":[],"yoast_head":"<!-- This site is optimized with the Yoast SEO plugin v27.4 - https:\/\/yoast.com\/product\/yoast-seo-wordpress\/ -->\n<title>Arbeitsmarkt &amp; Bildung | Lelystad Logistics<\/title>\n<meta name=\"description\" content=\"Entdecken Sie den Arbeitsmarkt in Lelystad: praktische Talente, gute Ausbildung und wachsende Besch\u00e4ftigungsm\u00f6glichkeiten in einer sich schnell entwickelnden Wachstumsstadt.\" \/>\n<meta name=\"robots\" content=\"index, follow, max-snippet:-1, max-image-preview:large, max-video-preview:-1\" \/>\n<link rel=\"canonical\" href=\"https:\/\/lelystadlogistics.com\/de\/ueber-lelystad\/arbeitsmarkt-bildung\/\" \/>\n<meta property=\"og:locale\" content=\"de_DE\" \/>\n<meta property=\"og:type\" content=\"article\" \/>\n<meta property=\"og:title\" content=\"Arbeitsmarkt &amp; Bildung | Lelystad Logistics\" \/>\n<meta property=\"og:description\" content=\"Entdecken Sie den Arbeitsmarkt in Lelystad: praktische Talente, gute Ausbildung und wachsende Besch\u00e4ftigungsm\u00f6glichkeiten in einer sich schnell entwickelnden Wachstumsstadt.\" \/>\n<meta property=\"og:url\" content=\"https:\/\/lelystadlogistics.com\/de\/ueber-lelystad\/arbeitsmarkt-bildung\/\" \/>\n<meta property=\"og:site_name\" content=\"Lelystad Logistics\" \/>\n<meta property=\"article:modified_time\" content=\"2026-04-17T12:22:05+00:00\" \/>\n<meta property=\"og:image\" content=\"https:\/\/lelystadlogistics.com\/wp-content\/uploads\/2025\/12\/OpenGraph-Lelystad-Logistics.jpg\" \/>\n\t<meta property=\"og:image:width\" content=\"1200\" \/>\n\t<meta property=\"og:image:height\" content=\"675\" \/>\n\t<meta property=\"og:image:type\" content=\"image\/jpeg\" \/>\n<meta name=\"twitter:card\" content=\"summary_large_image\" \/>\n<meta name=\"twitter:label1\" content=\"Gesch\u00e4tzte Lesezeit\" \/>\n\t<meta name=\"twitter:data1\" content=\"6\u00a0Minuten\" \/>\n<script type=\"application\/ld+json\" class=\"yoast-schema-graph\">{\"@context\":\"https:\\\/\\\/schema.org\",\"@graph\":[{\"@type\":\"WebPage\",\"@id\":\"https:\\\/\\\/lelystadlogistics.com\\\/de\\\/ueber-lelystad\\\/arbeitsmarkt-bildung\\\/\",\"url\":\"https:\\\/\\\/lelystadlogistics.com\\\/de\\\/ueber-lelystad\\\/arbeitsmarkt-bildung\\\/\",\"name\":\"Arbeitsmarkt &amp; Bildung | Lelystad Logistics\",\"isPartOf\":{\"@id\":\"https:\\\/\\\/lelystadlogistics.com\\\/de\\\/#website\"},\"datePublished\":\"2025-12-02T12:42:30+00:00\",\"dateModified\":\"2026-04-17T12:22:05+00:00\",\"description\":\"Entdecken Sie den Arbeitsmarkt in Lelystad: praktische Talente, gute Ausbildung und wachsende Besch\u00e4ftigungsm\u00f6glichkeiten in einer sich schnell entwickelnden Wachstumsstadt.\",\"breadcrumb\":{\"@id\":\"https:\\\/\\\/lelystadlogistics.com\\\/de\\\/ueber-lelystad\\\/arbeitsmarkt-bildung\\\/#breadcrumb\"},\"inLanguage\":\"de\",\"potentialAction\":[{\"@type\":\"ReadAction\",\"target\":[\"https:\\\/\\\/lelystadlogistics.com\\\/de\\\/ueber-lelystad\\\/arbeitsmarkt-bildung\\\/\"]}]},{\"@type\":\"BreadcrumbList\",\"@id\":\"https:\\\/\\\/lelystadlogistics.com\\\/de\\\/ueber-lelystad\\\/arbeitsmarkt-bildung\\\/#breadcrumb\",\"itemListElement\":[{\"@type\":\"ListItem\",\"position\":1,\"name\":\"Home\",\"item\":\"https:\\\/\\\/lelystadlogistics.com\\\/de\\\/\"},{\"@type\":\"ListItem\",\"position\":2,\"name\":\"\u00dcber Lelystad\",\"item\":\"https:\\\/\\\/lelystadlogistics.com\\\/de\\\/ueber-lelystad\\\/\"},{\"@type\":\"ListItem\",\"position\":3,\"name\":\"Arbeitsmarkt &amp; Bildung\"}]},{\"@type\":\"WebSite\",\"@id\":\"https:\\\/\\\/lelystadlogistics.com\\\/de\\\/#website\",\"url\":\"https:\\\/\\\/lelystadlogistics.com\\\/de\\\/\",\"name\":\"Lelystad Logistics\",\"description\":\"Part of Metropolitan Region Amsterdam\",\"publisher\":{\"@id\":\"https:\\\/\\\/lelystadlogistics.com\\\/de\\\/#organization\"},\"potentialAction\":[{\"@type\":\"SearchAction\",\"target\":{\"@type\":\"EntryPoint\",\"urlTemplate\":\"https:\\\/\\\/lelystadlogistics.com\\\/de\\\/?s={search_term_string}\"},\"query-input\":{\"@type\":\"PropertyValueSpecification\",\"valueRequired\":true,\"valueName\":\"search_term_string\"}}],\"inLanguage\":\"de\"},{\"@type\":\"Organization\",\"@id\":\"https:\\\/\\\/lelystadlogistics.com\\\/de\\\/#organization\",\"name\":\"Lelystad Logistics\",\"alternateName\":\"Part of Metropolitan Region Amsterdam\",\"url\":\"https:\\\/\\\/lelystadlogistics.com\\\/de\\\/\",\"logo\":{\"@type\":\"ImageObject\",\"inLanguage\":\"de\",\"@id\":\"https:\\\/\\\/lelystadlogistics.com\\\/de\\\/#\\\/schema\\\/logo\\\/image\\\/\",\"url\":\"https:\\\/\\\/lelystadlogistics.com\\\/wp-content\\\/uploads\\\/2025\\\/11\\\/Logo-Lelystad-Logistics-1.svg\",\"contentUrl\":\"https:\\\/\\\/lelystadlogistics.com\\\/wp-content\\\/uploads\\\/2025\\\/11\\\/Logo-Lelystad-Logistics-1.svg\",\"width\":1,\"height\":1,\"caption\":\"Lelystad Logistics\"},\"image\":{\"@id\":\"https:\\\/\\\/lelystadlogistics.com\\\/de\\\/#\\\/schema\\\/logo\\\/image\\\/\"}}]}<\/script>\n<!-- \/ Yoast SEO plugin. -->","yoast_head_json":{"title":"Arbeitsmarkt &amp; Bildung | Lelystad Logistics","description":"Entdecken Sie den Arbeitsmarkt in Lelystad: praktische Talente, gute Ausbildung und wachsende Besch\u00e4ftigungsm\u00f6glichkeiten in einer sich schnell entwickelnden Wachstumsstadt.","robots":{"index":"index","follow":"follow","max-snippet":"max-snippet:-1","max-image-preview":"max-image-preview:large","max-video-preview":"max-video-preview:-1"},"canonical":"https:\/\/lelystadlogistics.com\/de\/ueber-lelystad\/arbeitsmarkt-bildung\/","og_locale":"de_DE","og_type":"article","og_title":"Arbeitsmarkt &amp; Bildung | Lelystad Logistics","og_description":"Entdecken Sie den Arbeitsmarkt in Lelystad: praktische Talente, gute Ausbildung und wachsende Besch\u00e4ftigungsm\u00f6glichkeiten in einer sich schnell entwickelnden Wachstumsstadt.","og_url":"https:\/\/lelystadlogistics.com\/de\/ueber-lelystad\/arbeitsmarkt-bildung\/","og_site_name":"Lelystad Logistics","article_modified_time":"2026-04-17T12:22:05+00:00","og_image":[{"width":1200,"height":675,"url":"https:\/\/lelystadlogistics.com\/wp-content\/uploads\/2025\/12\/OpenGraph-Lelystad-Logistics.jpg","type":"image\/jpeg"}],"twitter_card":"summary_large_image","twitter_misc":{"Gesch\u00e4tzte Lesezeit":"6\u00a0Minuten"},"schema":{"@context":"https:\/\/schema.org","@graph":[{"@type":"WebPage","@id":"https:\/\/lelystadlogistics.com\/de\/ueber-lelystad\/arbeitsmarkt-bildung\/","url":"https:\/\/lelystadlogistics.com\/de\/ueber-lelystad\/arbeitsmarkt-bildung\/","name":"Arbeitsmarkt &amp; Bildung | Lelystad Logistics","isPartOf":{"@id":"https:\/\/lelystadlogistics.com\/de\/#website"},"datePublished":"2025-12-02T12:42:30+00:00","dateModified":"2026-04-17T12:22:05+00:00","description":"Entdecken Sie den Arbeitsmarkt in Lelystad: praktische Talente, gute Ausbildung und wachsende Besch\u00e4ftigungsm\u00f6glichkeiten in einer sich schnell entwickelnden Wachstumsstadt.","breadcrumb":{"@id":"https:\/\/lelystadlogistics.com\/de\/ueber-lelystad\/arbeitsmarkt-bildung\/#breadcrumb"},"inLanguage":"de","potentialAction":[{"@type":"ReadAction","target":["https:\/\/lelystadlogistics.com\/de\/ueber-lelystad\/arbeitsmarkt-bildung\/"]}]},{"@type":"BreadcrumbList","@id":"https:\/\/lelystadlogistics.com\/de\/ueber-lelystad\/arbeitsmarkt-bildung\/#breadcrumb","itemListElement":[{"@type":"ListItem","position":1,"name":"Home","item":"https:\/\/lelystadlogistics.com\/de\/"},{"@type":"ListItem","position":2,"name":"\u00dcber Lelystad","item":"https:\/\/lelystadlogistics.com\/de\/ueber-lelystad\/"},{"@type":"ListItem","position":3,"name":"Arbeitsmarkt &amp; Bildung"}]},{"@type":"WebSite","@id":"https:\/\/lelystadlogistics.com\/de\/#website","url":"https:\/\/lelystadlogistics.com\/de\/","name":"Lelystad Logistics","description":"Part of Metropolitan Region Amsterdam","publisher":{"@id":"https:\/\/lelystadlogistics.com\/de\/#organization"},"potentialAction":[{"@type":"SearchAction","target":{"@type":"EntryPoint","urlTemplate":"https:\/\/lelystadlogistics.com\/de\/?s={search_term_string}"},"query-input":{"@type":"PropertyValueSpecification","valueRequired":true,"valueName":"search_term_string"}}],"inLanguage":"de"},{"@type":"Organization","@id":"https:\/\/lelystadlogistics.com\/de\/#organization","name":"Lelystad Logistics","alternateName":"Part of Metropolitan Region Amsterdam","url":"https:\/\/lelystadlogistics.com\/de\/","logo":{"@type":"ImageObject","inLanguage":"de","@id":"https:\/\/lelystadlogistics.com\/de\/#\/schema\/logo\/image\/","url":"https:\/\/lelystadlogistics.com\/wp-content\/uploads\/2025\/11\/Logo-Lelystad-Logistics-1.svg","contentUrl":"https:\/\/lelystadlogistics.com\/wp-content\/uploads\/2025\/11\/Logo-Lelystad-Logistics-1.svg","width":1,"height":1,"caption":"Lelystad Logistics"},"image":{"@id":"https:\/\/lelystadlogistics.com\/de\/#\/schema\/logo\/image\/"}}]}},"_links":{"self":[{"href":"https:\/\/lelystadlogistics.com\/de\/wp-json\/wp\/v2\/pages\/8557","targetHints":{"allow":["GET"]}}],"collection":[{"href":"https:\/\/lelystadlogistics.com\/de\/wp-json\/wp\/v2\/pages"}],"about":[{"href":"https:\/\/lelystadlogistics.com\/de\/wp-json\/wp\/v2\/types\/page"}],"author":[{"embeddable":true,"href":"https:\/\/lelystadlogistics.com\/de\/wp-json\/wp\/v2\/users\/2"}],"replies":[{"embeddable":true,"href":"https:\/\/lelystadlogistics.com\/de\/wp-json\/wp\/v2\/comments?post=8557"}],"version-history":[{"count":6,"href":"https:\/\/lelystadlogistics.com\/de\/wp-json\/wp\/v2\/pages\/8557\/revisions"}],"predecessor-version":[{"id":9834,"href":"https:\/\/lelystadlogistics.com\/de\/wp-json\/wp\/v2\/pages\/8557\/revisions\/9834"}],"up":[{"embeddable":true,"href":"https:\/\/lelystadlogistics.com\/de\/wp-json\/wp\/v2\/pages\/8260"}],"wp:attachment":[{"href":"https:\/\/lelystadlogistics.com\/de\/wp-json\/wp\/v2\/media?parent=8557"}],"curies":[{"name":"wp","href":"https:\/\/api.w.org\/{rel}","templated":true}]}}