{"id":8578,"date":"2025-12-11T13:45:49","date_gmt":"2025-12-11T12:45:49","guid":{"rendered":"https:\/\/lelystadlogistics.com\/frasers-property-industrial\/"},"modified":"2025-12-16T14:54:57","modified_gmt":"2025-12-16T13:54:57","slug":"frasers-property-industrial","status":"publish","type":"page","link":"https:\/\/lelystadlogistics.com\/de\/ueber-uns\/frasers-property-industrial\/","title":{"rendered":"Frasers Property Industrial"},"content":{"rendered":"<p>[et_pb_section fb_built=&#8220;1&#8243; admin_label=&#8220;Contentheader&#8220; module_class=&#8220;header-divider&#8220; _builder_version=&#8220;4.27.4&#8243; _module_preset=&#8220;default&#8220; background_image=&#8220;https:\/\/lelystadlogistics.com\/wp-content\/uploads\/2025\/12\/LAB-2025-Pluim-Fotografie-36-scaled.jpg&#8220; background_position=&#8220;top_center&#8220; background_vertical_offset=&#8220;-25%&#8220; height=&#8220;785px&#8220; height_tablet=&#8220;700px&#8220; height_phone=&#8220;530px&#8220; height_last_edited=&#8220;on|phone&#8220; top_divider_height=&#8220;571px&#8220; top_divider_height_tablet=&#8220;370px&#8220; top_divider_height_phone=&#8220;215px&#8220; top_divider_height_last_edited=&#8220;on|tablet&#8220; global_colors_info=&#8220;{}&#8220; theme_builder_area=&#8220;post_content&#8220;][\/et_pb_section][et_pb_section fb_built=&#8220;1&#8243; admin_label=&#8220;Content&#8220; _builder_version=&#8220;4.27.4&#8243; _module_preset=&#8220;default&#8220; overflow-x=&#8220;hidden&#8220; overflow-y=&#8220;hidden&#8220; custom_margin=&#8220;||||false|false&#8220; custom_padding=&#8220;63px||||false|false&#8220; global_colors_info=&#8220;{}&#8220; theme_builder_area=&#8220;post_content&#8220;][et_pb_row column_structure=&#8220;3_5,2_5&#8243; _builder_version=&#8220;4.27.4&#8243; _module_preset=&#8220;default&#8220; custom_margin=&#8220;||||false|false&#8220; locked=&#8220;off&#8220; global_colors_info=&#8220;{}&#8220; theme_builder_area=&#8220;post_content&#8220;][et_pb_column type=&#8220;3_5&#8243; _builder_version=&#8220;4.27.4&#8243; _module_preset=&#8220;default&#8220; global_colors_info=&#8220;{}&#8220; theme_builder_area=&#8220;post_content&#8220;][et_pb_text _builder_version=&#8220;4.27.4&#8243; _module_preset=&#8220;default&#8220; header_2_font=&#8220;|700|||||||&#8220; custom_margin=&#8220;||10px||false|false&#8220; custom_padding=&#8220;||0px||false|false&#8220; hover_enabled=&#8220;0&#8243; global_colors_info=&#8220;{}&#8220; theme_builder_area=&#8220;post_content&#8220; sticky_enabled=&#8220;0&#8243;]<\/p>\n<h2>Frasers Property Industrial<\/h2>\n<p>[\/et_pb_text][et_pb_text _builder_version=&#8220;4.27.4&#8243; _module_preset=&#8220;default&#8220; max_width=&#8220;820px&#8220; hover_enabled=&#8220;0&#8243; global_colors_info=&#8220;{}&#8220; theme_builder_area=&#8220;post_content&#8220; sticky_enabled=&#8220;0&#8243;]<\/p>\n<p data-start=\"1478\" data-end=\"1863\">Frasers Property Industrial, der europ\u00e4ische Zweig von Frasers Property Ltd, ist ein Investor, Entwickler und Verm\u00f6gensverwalter f\u00fcr Logistik- und leichte Industrieimmobilien in den Niederlanden und Deutschland.<\/p>\n<p data-start=\"1478\" data-end=\"1863\">Als Experte f\u00fcr Greenfield- und Brownfield-Entwicklungen verf\u00fcgt FPI \u00fcber eine langj\u00e4hrige Erfolgsbilanz.<\/p>\n<p data-start=\"1478\" data-end=\"1863\">Etwa ein Drittel unserer Projektentwicklungen sind sogenannte &#8222;Brownfield-Projekte&#8220;. In der Entwicklungspipeline von FPI machen Brownfield-Neubauprojekte etwa 50% des gesamten Entwicklungsvolumens aus. <\/p>\n<p data-start=\"1478\" data-end=\"1863\">Unsere Kunden k\u00f6nnen von uns erwarten, dass wir Strategien f\u00fcr das Immobilienmanagement entwickeln und diese auch tats\u00e4chlich umsetzen. Partnerschaftliche Wertsch\u00f6pfung durch aktives Immobilienmanagement steht bei FPI im Mittelpunkt. <\/p>\n<p data-start=\"1478\" data-end=\"1863\">Mit ca. 75 Mitarbeitern an zwei Standorten - Amsterdam (Hauptsitz) und K\u00f6ln - verwaltet FPI ein Portfolio von Logistik- und Leichtindustrieimmobilien mit einer Fl\u00e4che von mehr als 2 Millionen m\u00b2.<\/p>\n<p>[\/et_pb_text][et_pb_button button_url=&#8220;https:\/\/www.fraserspropertyindustrial.com\/&#8220; button_text=&#8220;Website Frasers Property Industrial&#8220; _builder_version=&#8220;4.27.4&#8243; _module_preset=&#8220;default&#8220; hover_enabled=&#8220;0&#8243; global_colors_info=&#8220;{}&#8220; theme_builder_area=&#8220;post_content&#8220; sticky_enabled=&#8220;0&#8243;][\/et_pb_button][\/et_pb_column][et_pb_column type=&#8220;2_5&#8243; _builder_version=&#8220;4.27.4&#8243; _module_preset=&#8220;default&#8220; custom_css_free_form=&#8220;@media screen and (min-width: 480px) and (max-width: 980px) {||  selector {||      max-width: 460px;||  }||}&#8220; global_colors_info=&#8220;{}&#8220; theme_builder_area=&#8220;post_content&#8220;][et_pb_image src=&#8220;https:\/\/lelystadlogistics.com\/wp-content\/uploads\/2025\/11\/FF17916_2025-03-25_FF17916_2025-03-21_DJI_0391-scaled.jpg&#8220; alt=&#8220;Foto vor dem Geb\u00e4ude mit 3 Fahnen&#8220; title_text=&#8220;Frasers 4&#8243; _builder_version=&#8220;4.27.4&#8243; _module_preset=&#8220;default&#8220; width=&#8220;396px&#8220; max_width=&#8220;396px&#8220; min_height=&#8220;396px&#8220; height=&#8220;396px&#8220; hover_enabled=&#8220;0&#8243; border_radii=&#8220;on|50%|50%|50%|50%&#8220; global_colors_info=&#8220;{}&#8220; theme_builder_area=&#8220;post_content&#8220; sticky_enabled=&#8220;0&#8243;][\/et_pb_image][et_pb_text _builder_version=&#8220;4.27.4&#8243; _module_preset=&#8220;default&#8220; background_color=&#8220;#95BC33&#8243; positioning=&#8220;absolute&#8220; position_origin_a=&#8220;bottom_right&#8220; vertical_offset=&#8220;15px&#8220; horizontal_offset=&#8220;85px&#8220; horizontal_offset_tablet=&#8220;85px&#8220; horizontal_offset_phone=&#8220;0px&#8220; horizontal_offset_last_edited=&#8220;on|phone&#8220; width=&#8220;90px&#8220; max_width=&#8220;90px&#8220; min_height=&#8220;90px&#8220; height=&#8220;90px&#8220; border_radii=&#8220;on|50%|50%|50%|50%&#8220; global_colors_info=&#8220;{}&#8220; theme_builder_area=&#8220;post_content&#8220;][\/et_pb_text][\/et_pb_column][\/et_pb_row][\/et_pb_section][et_pb_section fb_built=&#8220;1&#8243; admin_label=&#8220;Partners&#8220; _builder_version=&#8220;4.27.4&#8243; _module_preset=&#8220;default&#8220; custom_margin=&#8220;||||false|false&#8220; custom_padding=&#8220;99px|||||&#8220; global_module=&#8220;426&#8243; locked=&#8220;off&#8220; global_colors_info=&#8220;{}&#8220; theme_builder_area=&#8220;post_content&#8220;][et_pb_row column_structure=&#8220;2_3,1_3&#8243; _builder_version=&#8220;4.27.4&#8243; _module_preset=&#8220;default&#8220; custom_padding=&#8220;5px||0px||false|false&#8220; border_width_top=&#8220;3px&#8220; border_color_top=&#8220;#002B51&#8243; global_colors_info=&#8220;{}&#8220; theme_builder_area=&#8220;post_content&#8220;][et_pb_column type=&#8220;2_3&#8243; _builder_version=&#8220;4.27.4&#8243; _module_preset=&#8220;default&#8220; global_colors_info=&#8220;{}&#8220; theme_builder_area=&#8220;post_content&#8220;][et_pb_text _builder_version=&#8220;4.27.4&#8243; _module_preset=&#8220;default&#8220; header_2_font=&#8220;|700|||||||&#8220; header_2_text_color=&#8220;#95BC33&#8243; global_colors_info=&#8220;{}&#8220; theme_builder_area=&#8220;post_content&#8220;]<\/p>\n<h2>Partner<\/h2>\n<p>[\/et_pb_text][\/et_pb_column][et_pb_column type=&#8220;1_3&#8243; _builder_version=&#8220;4.27.4&#8243; _module_preset=&#8220;default&#8220; global_colors_info=&#8220;{}&#8220; theme_builder_area=&#8220;post_content&#8220;][\/et_pb_column][\/et_pb_row][et_pb_row _builder_version=&#8220;4.27.4&#8243; _module_preset=&#8220;default&#8220; custom_padding=&#8220;||0px||false|false&#8220; custom_css_free_form=&#8220;@media (max-width: 980px) {||   selector .et_pb_column .et_pb_row_inner, .et_pb_row {||        padding: 0!important;||    }||}&#8220; global_colors_info=&#8220;{}&#8220; theme_builder_area=&#8220;post_content&#8220;][et_pb_column type=&#8220;4_4&#8243; _builder_version=&#8220;4.27.4&#8243; _module_preset=&#8220;default&#8220; global_colors_info=&#8220;{}&#8220; theme_builder_area=&#8220;post_content&#8220;][dsm_image_carousel gallery_ids=&#8220;7685,7691,7694,7697,7699,7581,7874&#8243; slide_to_show=&#8220;5&#8243; arrows=&#8220;off&#8220; dots=&#8220;off&#8220; slide_to_show_tablet=&#8220;3&#8243; slide_to_show_phone=&#8220;2&#8243; slide_to_show_last_edited=&#8220;on|phone&#8220; _builder_version=&#8220;4.27.4&#8243; _module_preset=&#8220;default&#8220; custom_padding=&#8220;0px|0px|0px|0px|true|true&#8220; global_colors_info=&#8220;{}&#8220; theme_builder_area=&#8220;post_content&#8220;][\/dsm_image_carousel][\/et_pb_column][\/et_pb_row][\/et_pb_section]<\/p>\n","protected":false},"excerpt":{"rendered":"<p>Frasers Property IndustrialFrasers Property Industrial, der europ\u00e4ische Zweig von Frasers Property Ltd, ist ein Investor, Entwickler und Verm\u00f6gensverwalter f\u00fcr Logistik- und leichte Industrieimmobilien in den Niederlanden und Deutschland. Als Experte f\u00fcr Greenfield- und Brownfield-Entwicklungen verf\u00fcgt FPI \u00fcber eine langj\u00e4hrige Erfolgsbilanz. Etwa ein Drittel unserer Projektentwicklungen sind sogenannte &#8222;Brownfield-Projekte&#8220;. In der Entwicklungspipeline von FPI machen Brownfield-Neubauprojekte etwa 50% des gesamten Entwicklungsvolumens aus. Unsere Kunden k\u00f6nnen von uns erwarten, dass wir Strategien f\u00fcr das Immobilienmanagement entwickeln und diese auch tats\u00e4chlich umsetzen. Partnerschaftliche Wertsch\u00f6pfung durch aktives Immobilienmanagement steht bei FPI im Mittelpunkt. Mit ca. 75 Mitarbeitern an zwei Standorten - Amsterdam (Hauptsitz) und K\u00f6ln - verwaltet FPI ein Portfolio von Logistik- und Leichtindustrieimmobilien mit einer Fl\u00e4che von mehr als 2 Millionen m\u00b2.Partner<div class=\"et_pb_module dsm_image_carousel dsm_image_carousel_0 dsm_image_carousel_arrow_outside dsm_image_carousel_arrow_mobile_inside \">\n\t\t\t\t\n\t\t\t\t\n\t\t\t\t\n\t\t\t\t\n\t\t\t\t\n\t\t\t\t\n\t\t\t\t<div class=\"et_pb_module_inner\">\n\t\t\t\t\t<div class=\"swiper-container dsm_image_carousel_container  dsm_image_carousel_carousel\" dir=\"ltr\"data-effect=\"default\"\n\t\t\tdata-slider-effect-shadows=\"false\"\n\t\t\tdata-slider-effect-coverflow-rotate=\"30\"\n\t\t\tdata-slider-effect-coverflow-depth=\"0\"\n\t\t\tdata-loop=\"true\"\n\t\t\tdata-slide-to-show=\"5\"\n\t\t\tdata-slide-to-show-tablet=\"3\"\n\t\t\tdata-slide-to-show-phone=\"2\"\n\t\t\tdata-slide-to-scroll=\"1\"\n\t\t\tdata-slide-to-scroll-tablet=\"1\"\n\t\t\tdata-slide-to-scroll-phone=\"1\"\n\t\t\tdata-space-between=\"15\"\n\t\t\tdata-space-between-tablet=\"15\"\n\t\t\tdata-space-between-phone=\"15\"\n\t\t\tdata-slide-row=\"1\"\n\t\t\tdata-centered-slides=\"false\"\n\t\t\tdata-speed=\"300\"\n\t\t\tdata-autoplay=\"true\"\n\t\t\tdata-autoplay-speed=\"3000\"\n\t\t\tdata-touch-move=\"true\"\n\t\t\tdata-grab=\"true\"\n\t\t\tdata-pause-on-hover=\"false\"\n\t\t\tdata-show-lightbox=\"false\"\n\t\t\tdata-lightbox-gallery=\"false\"\n\t\t\tdata-lightbox-caption=\"false\"\n\t\t\tdata-infinite-scrolling=\"false\"\n\t\t\tdata-slide-row-tablet=\"1\"\n\t\t\tdata-slide-row-phone=\"1\"\n\t\t\tdata-autoplay-viewport=80%\n\t\t\tdata-mousewheel=\"false\"\n\t\t\tdata-lazyload=\"false\"\n\t\t\tdata-type=\"carousel\"\n\t\t\tdata-slideshow-effect=\"default\"\n\t\t\tdata-slideshow-to-show=\"4\"\n\t\t\tdata-slideshow-to-show-tablet=\"4\"\n\t\t\tdata-slideshow-to-show-phone=\"\"\n\t\t\tdata-slider-orientation=\"horizontal\"\n\t\t\t\t\t\tdata-lightbox-title=\"false\"\n\n\t\t\t><div class=\"swiper-wrapper\"><div class=\"swiper-slide dsm_image_carousel_item\"><img loading=\"lazy\" decoding=\"async\" src=\"https:\/\/lelystadlogistics.com\/wp-content\/uploads\/2025\/11\/Ontwerp-zonder-titel-e1764586345212.png\" alt=\"Logo DHG\" title=\"Logo DHG vierkant\" width=\"276\" height=\"109\" data-dsm-image-description=\"\" class=\" skip-lazy\" \/><\/div><div class=\"swiper-slide dsm_image_carousel_item\"><img loading=\"lazy\" decoding=\"async\" src=\"https:\/\/lelystadlogistics.com\/wp-content\/uploads\/2025\/11\/Logo-Frasers-Property-vierkant-e1764586367845.png\" alt=\"Logo Frasers\" title=\"Logo Frasers Property vierkant\" width=\"276\" height=\"109\" data-dsm-image-description=\"\" class=\" skip-lazy\" \/><\/div><div class=\"swiper-slide dsm_image_carousel_item\"><img loading=\"lazy\" decoding=\"async\" src=\"https:\/\/lelystadlogistics.com\/wp-content\/uploads\/2025\/11\/Logo-intospace-vierkant-e1764586394319.png\" alt=\"\" title=\"Logo intospace vierkant\" width=\"276\" height=\"109\" data-dsm-image-description=\"\" class=\" skip-lazy\" \/><\/div><div class=\"swiper-slide dsm_image_carousel_item\"><img loading=\"lazy\" decoding=\"async\" src=\"https:\/\/lelystadlogistics.com\/wp-content\/uploads\/2025\/11\/Logo-Logicor-vierkant-e1764586411348.png\" alt=\"Logo Logicor\" title=\"Logo Logicor vierkant\" width=\"276\" height=\"109\" data-dsm-image-description=\"\" class=\" skip-lazy\" \/><\/div><div class=\"swiper-slide dsm_image_carousel_item\"><img loading=\"lazy\" decoding=\"async\" src=\"https:\/\/lelystadlogistics.com\/wp-content\/uploads\/2025\/11\/Logo-Necron-vierkant-e1764586429670.png\" alt=\"Logo Necron\" title=\"Logo Necron vierkant\" width=\"276\" height=\"109\" data-dsm-image-description=\"\" class=\" skip-lazy\" \/><\/div><div class=\"swiper-slide dsm_image_carousel_item\"><img loading=\"lazy\" decoding=\"async\" src=\"https:\/\/lelystadlogistics.com\/wp-content\/uploads\/2025\/12\/P3-liggend.png\" alt=\"Logo P3\" title=\"P3 liggend\" width=\"500\" height=\"250\" data-dsm-image-description=\"\" srcset=\"https:\/\/lelystadlogistics.com\/wp-content\/uploads\/2025\/12\/P3-liggend.png 500w, https:\/\/lelystadlogistics.com\/wp-content\/uploads\/2025\/12\/P3-liggend-480x240.png 480w\" sizes=\"(min-width: 0px) and (max-width: 480px) 480px, (min-width: 481px) 500px, 100vw\" class=\" skip-lazy\" \/><\/div><div class=\"swiper-slide dsm_image_carousel_item\"><img loading=\"lazy\" decoding=\"async\" src=\"https:\/\/lelystadlogistics.com\/wp-content\/uploads\/2025\/12\/Logo-gemeente-Lelystad.png\" alt=\"Logo gemeente Lelystad\" title=\"Logo gemeente Lelystad\" width=\"1063\" height=\"464\" data-dsm-image-description=\"\" srcset=\"https:\/\/lelystadlogistics.com\/wp-content\/uploads\/2025\/12\/Logo-gemeente-Lelystad.png 1063w, https:\/\/lelystadlogistics.com\/wp-content\/uploads\/2025\/12\/Logo-gemeente-Lelystad-980x428.png 980w, https:\/\/lelystadlogistics.com\/wp-content\/uploads\/2025\/12\/Logo-gemeente-Lelystad-480x210.png 480w\" sizes=\"(min-width: 0px) and (max-width: 480px) 480px, (min-width: 481px) and (max-width: 980px) 980px, (min-width: 981px) 1063px, 100vw\" class=\" skip-lazy\" \/><\/div><\/div><\/div>\n\t\t\t\t<\/div>\n\t\t\t<\/div><\/p>\n","protected":false},"author":2,"featured_media":0,"parent":8630,"menu_order":0,"comment_status":"closed","ping_status":"closed","template":"","meta":{"_acf_changed":false,"_et_pb_use_builder":"on","_et_pb_old_content":"","_et_gb_content_width":"","footnotes":""},"class_list":["post-8578","page","type-page","status-publish","hentry"],"acf":[],"yoast_head":"<!-- This site is optimized with the Yoast SEO plugin v27.4 - https:\/\/yoast.com\/product\/yoast-seo-wordpress\/ -->\n<title>Frasers Property Industrial | Lelystad Logistics<\/title>\n<meta name=\"description\" content=\"Frasers Property Industrial entwickelt und verwaltet nachhaltige Logistikimmobilien in den Niederlanden und Deutschland.\" \/>\n<meta name=\"robots\" content=\"index, follow, max-snippet:-1, max-image-preview:large, max-video-preview:-1\" \/>\n<link rel=\"canonical\" href=\"https:\/\/lelystadlogistics.com\/de\/ueber-uns\/frasers-property-industrial\/\" \/>\n<meta property=\"og:locale\" content=\"de_DE\" \/>\n<meta property=\"og:type\" content=\"article\" \/>\n<meta property=\"og:title\" content=\"Frasers Property Industrial | Lelystad Logistics\" \/>\n<meta property=\"og:description\" content=\"Frasers Property Industrial entwickelt und verwaltet nachhaltige Logistikimmobilien in den Niederlanden und Deutschland.\" \/>\n<meta property=\"og:url\" content=\"https:\/\/lelystadlogistics.com\/de\/ueber-uns\/frasers-property-industrial\/\" \/>\n<meta property=\"og:site_name\" content=\"Lelystad Logistics\" \/>\n<meta property=\"article:modified_time\" content=\"2025-12-16T13:54:57+00:00\" \/>\n<meta property=\"og:image\" content=\"https:\/\/lelystadlogistics.com\/wp-content\/uploads\/2025\/12\/OpenGraph-Lelystad-Logistics.jpg\" \/>\n\t<meta property=\"og:image:width\" content=\"1200\" \/>\n\t<meta property=\"og:image:height\" content=\"675\" \/>\n\t<meta property=\"og:image:type\" content=\"image\/jpeg\" \/>\n<meta name=\"twitter:card\" content=\"summary_large_image\" \/>\n<meta name=\"twitter:label1\" content=\"Gesch\u00e4tzte Lesezeit\" \/>\n\t<meta name=\"twitter:data1\" content=\"4\u00a0Minuten\" \/>\n<script type=\"application\/ld+json\" class=\"yoast-schema-graph\">{\"@context\":\"https:\\\/\\\/schema.org\",\"@graph\":[{\"@type\":\"WebPage\",\"@id\":\"https:\\\/\\\/lelystadlogistics.com\\\/de\\\/ueber-uns\\\/frasers-property-industrial\\\/\",\"url\":\"https:\\\/\\\/lelystadlogistics.com\\\/de\\\/ueber-uns\\\/frasers-property-industrial\\\/\",\"name\":\"Frasers Property Industrial | Lelystad Logistics\",\"isPartOf\":{\"@id\":\"https:\\\/\\\/lelystadlogistics.com\\\/de\\\/#website\"},\"datePublished\":\"2025-12-11T12:45:49+00:00\",\"dateModified\":\"2025-12-16T13:54:57+00:00\",\"description\":\"Frasers Property Industrial entwickelt und verwaltet nachhaltige Logistikimmobilien in den Niederlanden und Deutschland.\",\"breadcrumb\":{\"@id\":\"https:\\\/\\\/lelystadlogistics.com\\\/de\\\/ueber-uns\\\/frasers-property-industrial\\\/#breadcrumb\"},\"inLanguage\":\"de\",\"potentialAction\":[{\"@type\":\"ReadAction\",\"target\":[\"https:\\\/\\\/lelystadlogistics.com\\\/de\\\/ueber-uns\\\/frasers-property-industrial\\\/\"]}]},{\"@type\":\"BreadcrumbList\",\"@id\":\"https:\\\/\\\/lelystadlogistics.com\\\/de\\\/ueber-uns\\\/frasers-property-industrial\\\/#breadcrumb\",\"itemListElement\":[{\"@type\":\"ListItem\",\"position\":1,\"name\":\"Home\",\"item\":\"https:\\\/\\\/lelystadlogistics.com\\\/de\\\/\"},{\"@type\":\"ListItem\",\"position\":2,\"name\":\"\u00dcber uns\",\"item\":\"https:\\\/\\\/lelystadlogistics.com\\\/de\\\/ueber-uns\\\/\"},{\"@type\":\"ListItem\",\"position\":3,\"name\":\"Frasers Property Industrial\"}]},{\"@type\":\"WebSite\",\"@id\":\"https:\\\/\\\/lelystadlogistics.com\\\/de\\\/#website\",\"url\":\"https:\\\/\\\/lelystadlogistics.com\\\/de\\\/\",\"name\":\"Lelystad Logistics\",\"description\":\"Part of Metropolitan Region Amsterdam\",\"publisher\":{\"@id\":\"https:\\\/\\\/lelystadlogistics.com\\\/de\\\/#organization\"},\"potentialAction\":[{\"@type\":\"SearchAction\",\"target\":{\"@type\":\"EntryPoint\",\"urlTemplate\":\"https:\\\/\\\/lelystadlogistics.com\\\/de\\\/?s={search_term_string}\"},\"query-input\":{\"@type\":\"PropertyValueSpecification\",\"valueRequired\":true,\"valueName\":\"search_term_string\"}}],\"inLanguage\":\"de\"},{\"@type\":\"Organization\",\"@id\":\"https:\\\/\\\/lelystadlogistics.com\\\/de\\\/#organization\",\"name\":\"Lelystad Logistics\",\"alternateName\":\"Part of Metropolitan Region Amsterdam\",\"url\":\"https:\\\/\\\/lelystadlogistics.com\\\/de\\\/\",\"logo\":{\"@type\":\"ImageObject\",\"inLanguage\":\"de\",\"@id\":\"https:\\\/\\\/lelystadlogistics.com\\\/de\\\/#\\\/schema\\\/logo\\\/image\\\/\",\"url\":\"https:\\\/\\\/lelystadlogistics.com\\\/wp-content\\\/uploads\\\/2025\\\/11\\\/Logo-Lelystad-Logistics-1.svg\",\"contentUrl\":\"https:\\\/\\\/lelystadlogistics.com\\\/wp-content\\\/uploads\\\/2025\\\/11\\\/Logo-Lelystad-Logistics-1.svg\",\"width\":1,\"height\":1,\"caption\":\"Lelystad Logistics\"},\"image\":{\"@id\":\"https:\\\/\\\/lelystadlogistics.com\\\/de\\\/#\\\/schema\\\/logo\\\/image\\\/\"}}]}<\/script>\n<!-- \/ Yoast SEO plugin. -->","yoast_head_json":{"title":"Frasers Property Industrial | Lelystad Logistics","description":"Frasers Property Industrial entwickelt und verwaltet nachhaltige Logistikimmobilien in den Niederlanden und Deutschland.","robots":{"index":"index","follow":"follow","max-snippet":"max-snippet:-1","max-image-preview":"max-image-preview:large","max-video-preview":"max-video-preview:-1"},"canonical":"https:\/\/lelystadlogistics.com\/de\/ueber-uns\/frasers-property-industrial\/","og_locale":"de_DE","og_type":"article","og_title":"Frasers Property Industrial | Lelystad Logistics","og_description":"Frasers Property Industrial entwickelt und verwaltet nachhaltige Logistikimmobilien in den Niederlanden und Deutschland.","og_url":"https:\/\/lelystadlogistics.com\/de\/ueber-uns\/frasers-property-industrial\/","og_site_name":"Lelystad Logistics","article_modified_time":"2025-12-16T13:54:57+00:00","og_image":[{"width":1200,"height":675,"url":"https:\/\/lelystadlogistics.com\/wp-content\/uploads\/2025\/12\/OpenGraph-Lelystad-Logistics.jpg","type":"image\/jpeg"}],"twitter_card":"summary_large_image","twitter_misc":{"Gesch\u00e4tzte Lesezeit":"4\u00a0Minuten"},"schema":{"@context":"https:\/\/schema.org","@graph":[{"@type":"WebPage","@id":"https:\/\/lelystadlogistics.com\/de\/ueber-uns\/frasers-property-industrial\/","url":"https:\/\/lelystadlogistics.com\/de\/ueber-uns\/frasers-property-industrial\/","name":"Frasers Property Industrial | Lelystad Logistics","isPartOf":{"@id":"https:\/\/lelystadlogistics.com\/de\/#website"},"datePublished":"2025-12-11T12:45:49+00:00","dateModified":"2025-12-16T13:54:57+00:00","description":"Frasers Property Industrial entwickelt und verwaltet nachhaltige Logistikimmobilien in den Niederlanden und Deutschland.","breadcrumb":{"@id":"https:\/\/lelystadlogistics.com\/de\/ueber-uns\/frasers-property-industrial\/#breadcrumb"},"inLanguage":"de","potentialAction":[{"@type":"ReadAction","target":["https:\/\/lelystadlogistics.com\/de\/ueber-uns\/frasers-property-industrial\/"]}]},{"@type":"BreadcrumbList","@id":"https:\/\/lelystadlogistics.com\/de\/ueber-uns\/frasers-property-industrial\/#breadcrumb","itemListElement":[{"@type":"ListItem","position":1,"name":"Home","item":"https:\/\/lelystadlogistics.com\/de\/"},{"@type":"ListItem","position":2,"name":"\u00dcber uns","item":"https:\/\/lelystadlogistics.com\/de\/ueber-uns\/"},{"@type":"ListItem","position":3,"name":"Frasers Property Industrial"}]},{"@type":"WebSite","@id":"https:\/\/lelystadlogistics.com\/de\/#website","url":"https:\/\/lelystadlogistics.com\/de\/","name":"Lelystad Logistics","description":"Part of Metropolitan Region Amsterdam","publisher":{"@id":"https:\/\/lelystadlogistics.com\/de\/#organization"},"potentialAction":[{"@type":"SearchAction","target":{"@type":"EntryPoint","urlTemplate":"https:\/\/lelystadlogistics.com\/de\/?s={search_term_string}"},"query-input":{"@type":"PropertyValueSpecification","valueRequired":true,"valueName":"search_term_string"}}],"inLanguage":"de"},{"@type":"Organization","@id":"https:\/\/lelystadlogistics.com\/de\/#organization","name":"Lelystad Logistics","alternateName":"Part of Metropolitan Region Amsterdam","url":"https:\/\/lelystadlogistics.com\/de\/","logo":{"@type":"ImageObject","inLanguage":"de","@id":"https:\/\/lelystadlogistics.com\/de\/#\/schema\/logo\/image\/","url":"https:\/\/lelystadlogistics.com\/wp-content\/uploads\/2025\/11\/Logo-Lelystad-Logistics-1.svg","contentUrl":"https:\/\/lelystadlogistics.com\/wp-content\/uploads\/2025\/11\/Logo-Lelystad-Logistics-1.svg","width":1,"height":1,"caption":"Lelystad Logistics"},"image":{"@id":"https:\/\/lelystadlogistics.com\/de\/#\/schema\/logo\/image\/"}}]}},"_links":{"self":[{"href":"https:\/\/lelystadlogistics.com\/de\/wp-json\/wp\/v2\/pages\/8578","targetHints":{"allow":["GET"]}}],"collection":[{"href":"https:\/\/lelystadlogistics.com\/de\/wp-json\/wp\/v2\/pages"}],"about":[{"href":"https:\/\/lelystadlogistics.com\/de\/wp-json\/wp\/v2\/types\/page"}],"author":[{"embeddable":true,"href":"https:\/\/lelystadlogistics.com\/de\/wp-json\/wp\/v2\/users\/2"}],"replies":[{"embeddable":true,"href":"https:\/\/lelystadlogistics.com\/de\/wp-json\/wp\/v2\/comments?post=8578"}],"version-history":[{"count":11,"href":"https:\/\/lelystadlogistics.com\/de\/wp-json\/wp\/v2\/pages\/8578\/revisions"}],"predecessor-version":[{"id":8617,"href":"https:\/\/lelystadlogistics.com\/de\/wp-json\/wp\/v2\/pages\/8578\/revisions\/8617"}],"up":[{"embeddable":true,"href":"https:\/\/lelystadlogistics.com\/de\/wp-json\/wp\/v2\/pages\/8630"}],"wp:attachment":[{"href":"https:\/\/lelystadlogistics.com\/de\/wp-json\/wp\/v2\/media?parent=8578"}],"curies":[{"name":"wp","href":"https:\/\/api.w.org\/{rel}","templated":true}]}}