{"id":8598,"date":"2025-12-02T12:22:52","date_gmt":"2025-12-02T11:22:52","guid":{"rendered":"https:\/\/lelystadlogistics.com\/ueber-lelystad\/geschaeftsklima\/"},"modified":"2025-12-16T14:54:47","modified_gmt":"2025-12-16T13:54:47","slug":"geschaeftsklima","status":"publish","type":"page","link":"https:\/\/lelystadlogistics.com\/de\/ueber-lelystad\/geschaeftsklima\/","title":{"rendered":"Gesch\u00e4ftsklima"},"content":{"rendered":"<p>[et_pb_section fb_built=&#8220;1&#8243; admin_label=&#8220;Contentheader&#8220; module_class=&#8220;header-divider&#8220; _builder_version=&#8220;4.27.4&#8243; _module_preset=&#8220;default&#8220; background_image=&#8220;https:\/\/lelystadlogistics.com\/wp-content\/uploads\/2025\/12\/LAB-2025-Pluim-Fotografie-36-scaled.jpg&#8220; background_position=&#8220;top_center&#8220; background_vertical_offset=&#8220;11%&#8220; height=&#8220;785px&#8220; height_tablet=&#8220;700px&#8220; height_phone=&#8220;530px&#8220; height_last_edited=&#8220;on|phone&#8220; top_divider_height=&#8220;571px&#8220; top_divider_height_tablet=&#8220;370px&#8220; top_divider_height_phone=&#8220;215px&#8220; top_divider_height_last_edited=&#8220;on|tablet&#8220; global_colors_info=&#8220;{}&#8220;][\/et_pb_section][et_pb_section fb_built=&#8220;1&#8243; _builder_version=&#8220;4.27.4&#8243; _module_preset=&#8220;default&#8220; overflow-x=&#8220;hidden&#8220; overflow-y=&#8220;hidden&#8220; custom_margin=&#8220;||||false|false&#8220; custom_padding=&#8220;63px||||false|false&#8220; global_colors_info=&#8220;{}&#8220;][et_pb_row column_structure=&#8220;2_3,1_3&#8243; _builder_version=&#8220;4.27.4&#8243; _module_preset=&#8220;default&#8220; custom_margin=&#8220;||65px||false|false&#8220; custom_margin_tablet=&#8220;||0px||false|false&#8220; custom_margin_phone=&#8220;||0px||false|false&#8220; custom_margin_last_edited=&#8220;on|tablet&#8220; custom_padding=&#8220;0px||0px||true|false&#8220; global_colors_info=&#8220;{}&#8220;][et_pb_column type=&#8220;2_3&#8243; _builder_version=&#8220;4.27.4&#8243; _module_preset=&#8220;default&#8220; global_colors_info=&#8220;{}&#8220;][et_pb_text _builder_version=&#8220;4.27.4&#8243; _module_preset=&#8220;default&#8220; header_font=&#8220;|700|||||||&#8220; custom_margin=&#8220;||10px||false|false&#8220; custom_padding=&#8220;||0px||false|false&#8220; global_colors_info=&#8220;{}&#8220;]<\/p>\n<h1>Gesch\u00e4ftsklima<\/h1>\n<p>[\/et_pb_text][et_pb_text _builder_version=&#8220;4.27.4&#8243; _module_preset=&#8220;default&#8220; text_font=&#8220;|700|||||||&#8220; text_font_size=&#8220;20px&#8220; text_line_height=&#8220;25px&#8220; max_width=&#8220;728px&#8220; global_colors_info=&#8220;{}&#8220;]<\/p>\n<p>Lelystad ist der Ort, an dem Sie Ihre Gesch\u00e4fte so f\u00fchren, wie Sie es m\u00f6chten. Mit Raum zum Bauen, Testen und Wachsen. Ohne die chaotischen Menschenmassen und die hohen monatlichen Kosten der Randstad. Hier bekommen Sie buchst\u00e4blich und im \u00fcbertragenen Sinne Luft zum Atmen. Das macht Lelystad sowohl f\u00fcr nationale als auch f\u00fcr internationale Unternehmen attraktiv, die in die Zukunft investieren wollen. Au\u00dferdem gibt es nicht nur Platz, sondern auch Strom, der anderswo im Land immer knapper wird.<\/p>\n<p>[\/et_pb_text][\/et_pb_column][et_pb_column type=&#8220;1_3&#8243; _builder_version=&#8220;4.27.4&#8243; _module_preset=&#8220;default&#8220; global_colors_info=&#8220;{}&#8220;][\/et_pb_column][\/et_pb_row][et_pb_row column_structure=&#8220;3_5,2_5&#8243; _builder_version=&#8220;4.27.4&#8243; _module_preset=&#8220;default&#8220; custom_margin=&#8220;||||false|false&#8220; global_colors_info=&#8220;{}&#8220;][et_pb_column type=&#8220;3_5&#8243; _builder_version=&#8220;4.27.4&#8243; _module_preset=&#8220;default&#8220; global_colors_info=&#8220;{}&#8220;][et_pb_text _builder_version=&#8220;4.27.4&#8243; _module_preset=&#8220;default&#8220; header_2_font=&#8220;|700|||||||&#8220; custom_margin=&#8220;||10px||false|false&#8220; custom_padding=&#8220;||0px||false|false&#8220; global_colors_info=&#8220;{}&#8220;]<\/p>\n<h2>Raum f\u00fcr Gesch\u00e4fte<\/h2>\n<p>[\/et_pb_text][et_pb_text _builder_version=&#8220;4.27.4&#8243; _module_preset=&#8220;default&#8220; custom_margin=&#8220;||0px||false|false&#8220; custom_padding=&#8220;||0px||false|false&#8220; global_colors_info=&#8220;{}&#8220;]<\/p>\n<h4><strong>DNA der K\u00fchnheit und der Taten<\/strong><\/h4>\n<p>&nbsp;<\/p>\n<p>[\/et_pb_text][et_pb_text _builder_version=&#8220;4.27.4&#8243; _module_preset=&#8220;default&#8220; max_width=&#8220;820px&#8220; global_colors_info=&#8220;{}&#8220;]<\/p>\n<p>Flevoland ist auf Visionen, Mut und Entschlossenheit aufgebaut, und das liegt den Unternehmern hier im Blut. In Lelystad finden Sie Macher und Macherinnen, die Raum bekommen und sich nehmen, um ihre Ambitionen zu verwirklichen. Unternehmer wagen es, zu experimentieren, innovativ zu denken und ihren eigenen Weg zu gehen. Es ist ein Ort der Wirkung, Inspiration und Verbindung, an dem eine praktische Mentalit\u00e4t die Norm ist.<\/p>\n<p>Hier arbeiten Unternehmen, Regierungen und Partner zusammen, um eine innovative Zukunft zu gestalten. Mit einer langfristigen Vision und einer offenen Unternehmenskultur schafft es ein \u00d6kosystem, in dem die unternehmerischen Niederl\u00e4nder zusammenkommen, um aufzubauen, zu testen und zu wachsen.<\/p>\n<p>[\/et_pb_text][et_pb_text _builder_version=&#8220;4.27.4&#8243; _module_preset=&#8220;default&#8220; max_width=&#8220;820px&#8220; global_colors_info=&#8220;{}&#8220;]<\/p>\n<h4><strong>Teil der Metropolregion Amsterdam<\/strong><\/h4>\n<p>F\u00fcr internationale Unternehmen ist Lelystad aufgrund seiner Kombination aus Platz, Zug\u00e4nglichkeit und strategischer Lage innerhalb des <a href=\"https:\/\/www.metropoolregioamsterdam.nl\/\">Gro\u00dfraums Amsterdam (MRA<\/a>) attraktiv. Unternehmen profitieren von der N\u00e4he zu einer der st\u00e4rksten Wirtschaftsregionen Europas, ohne die Einschr\u00e4nkungen und hohen Kosten der traditionellen Randstad-Standorte.<\/p>\n<p>[\/et_pb_text][\/et_pb_column][et_pb_column type=&#8220;2_5&#8243; _builder_version=&#8220;4.27.4&#8243; _module_preset=&#8220;default&#8220; custom_css_free_form=&#8220;@media screen and (min-width: 480px) and (max-width: 980px) {||  selector {||      max-width: 460px;||  }||}&#8220; global_colors_info=&#8220;{}&#8220;][et_pb_image src=&#8220;https:\/\/lelystadlogistics.com\/wp-content\/uploads\/2025\/12\/Station_9.jpg&#8220; alt=&#8220;Blick auf Lelystad vom Bahnhof aus&#8220; title_text=&#8220;Bahnhof_9&#8243; _builder_version=&#8220;4.27.4&#8243; _module_preset=&#8220;default&#8220; width=&#8220;396px&#8220; max_width=&#8220;396px&#8220; min_height=&#8220;396px&#8220; height=&#8220;396px&#8220; hover_enabled=&#8220;0&#8243; border_radii=&#8220;on|50%|50%|50%|50%&#8220; global_colors_info=&#8220;{}&#8220; sticky_enabled=&#8220;0&#8243;][\/et_pb_image][et_pb_text _builder_version=&#8220;4.27.4&#8243; _module_preset=&#8220;default&#8220; background_color=&#8220;#95BC33&#8243; positioning=&#8220;absolute&#8220; position_origin_a=&#8220;bottom_right&#8220; vertical_offset=&#8220;15px&#8220; horizontal_offset=&#8220;85px&#8220; horizontal_offset_tablet=&#8220;85px&#8220; horizontal_offset_phone=&#8220;0px&#8220; horizontal_offset_last_edited=&#8220;on|phone&#8220; width=&#8220;90px&#8220; max_width=&#8220;90px&#8220; min_height=&#8220;90px&#8220; height=&#8220;90px&#8220; border_radii=&#8220;on|50%|50%|50%|50%&#8220; global_colors_info=&#8220;{}&#8220;][\/et_pb_text][\/et_pb_column][\/et_pb_row][et_pb_row _builder_version=&#8220;4.27.4&#8243; _module_preset=&#8220;default&#8220; global_colors_info=&#8220;{}&#8220;][et_pb_column type=&#8220;4_4&#8243; _builder_version=&#8220;4.27.4&#8243; _module_preset=&#8220;default&#8220; global_colors_info=&#8220;{}&#8220;][et_pb_text _builder_version=&#8220;4.27.4&#8243; _module_preset=&#8220;default&#8220; global_colors_info=&#8220;{}&#8220;]<\/p>\n<h4>Zusammenarbeit mit Gemeinden und Partnern<\/h4>\n<p>Die Gemeinde Lelystad arbeitet niedrigschwellig und l\u00f6sungsorientiert. Unternehmer erleben kurze Wege, klare Kommunikation und Unterst\u00fctzung in Wort und Tat. Die intensive Zusammenarbeit mit Bautr\u00e4gern, Immobilienparteien und regionalen Partnern schafft ein Umfeld, in dem Pl\u00e4ne schneller realisiert werden k\u00f6nnen: ein entscheidender Vorteil in einem Markt, in dem Zeit und Flexibilit\u00e4t immer wichtiger werden.<\/p>\n<h4>Platz f\u00fcr gro\u00dfe Namen und Z\u00fcchter<\/h4>\n<p>Immer mehr nationale und internationale Unternehmen siedeln sich in Lelystad an. Und das aus gutem Grund. Unter anderem haben sich BESTSELLER, Inditex und JYSK aufgrund der Gr\u00f6\u00dfe, der Lage und der nachhaltigen Entwicklungsm\u00f6glichkeiten f\u00fcr Lelystad entschieden. Ihre Pr\u00e4senz unterstreicht die Attraktivit\u00e4t Lelystads als Logistik- und Wirtschaftsstandort und bietet neuen Unternehmern ein starkes Netzwerk, auf das sie zur\u00fcckgreifen k\u00f6nnen.<\/p>\n<h4>Zukunftssichere Einrichtungen<\/h4>\n<p>Lelystad investiert kontinuierlich in ein starkes und zuverl\u00e4ssiges Gesch\u00e4ftsklima. So ist beispielsweise der Bau eines neuen Umspannwerks im Gange, das die Energiekapazit\u00e4t f\u00fcr Unternehmen weiter erh\u00f6ht. Dies bereitet die Region auf das Wachstum von nachhaltiger Logistik, Produktion und modernen Gesch\u00e4ftsabl\u00e4ufen vor.<\/p>\n<h4>Attraktive Alternative zur Randstad<\/h4>\n<p>Unternehmer, die sich f\u00fcr Lelystad entscheiden, profitieren von dem Besten aus beiden Welten:<\/p>\n<ul>\n<li>den Platz, die Ruhe und die Flexibilit\u00e4t, die anderswo immer seltener zu finden sind;<\/li>\n<li>die N\u00e4he zu Amsterdam, dem Flughafen Schiphol und dem <a href=\"https:\/\/www.metropoolregioamsterdam.nl\/\" target=\"_blank\" rel=\"noopener\">Gro\u00dfraum Amsterdam (MRA<\/a> ) mit Verbindungen in die \u00fcbrigen Niederlande, nach Europa und weit dar\u00fcber hinaus.<\/li>\n<\/ul>\n<p>Hier k\u00f6nnen Sie f\u00fcr die Zukunft bauen, ohne sich von Platzmangel, komplexen Verfahren oder horrenden Kosten aufhalten zu lassen.<\/p>\n<p>[\/et_pb_text][\/et_pb_column][\/et_pb_row][\/et_pb_section][et_pb_section fb_built=&#8220;1&#8243; admin_label=&#8220;Partners&#8220; _builder_version=&#8220;4.27.4&#8243; _module_preset=&#8220;default&#8220; custom_margin=&#8220;||||false|false&#8220; custom_padding=&#8220;99px|||||&#8220; global_module=&#8220;426&#8243; locked=&#8220;off&#8220; global_colors_info=&#8220;{}&#8220;][et_pb_row column_structure=&#8220;2_3,1_3&#8243; _builder_version=&#8220;4.27.4&#8243; _module_preset=&#8220;default&#8220; custom_padding=&#8220;5px||0px||false|false&#8220; border_width_top=&#8220;3px&#8220; border_color_top=&#8220;#002B51&#8243; global_colors_info=&#8220;{}&#8220;][et_pb_column type=&#8220;2_3&#8243; _builder_version=&#8220;4.27.4&#8243; _module_preset=&#8220;default&#8220; global_colors_info=&#8220;{}&#8220;][et_pb_text _builder_version=&#8220;4.27.4&#8243; _module_preset=&#8220;default&#8220; header_2_font=&#8220;|700|||||||&#8220; header_2_text_color=&#8220;#95BC33&#8243; global_colors_info=&#8220;{}&#8220;]<\/p>\n<h2>Partner<\/h2>\n<p>[\/et_pb_text][\/et_pb_column][et_pb_column type=&#8220;1_3&#8243; _builder_version=&#8220;4.27.4&#8243; _module_preset=&#8220;default&#8220; global_colors_info=&#8220;{}&#8220;][\/et_pb_column][\/et_pb_row][et_pb_row _builder_version=&#8220;4.27.4&#8243; _module_preset=&#8220;default&#8220; custom_padding=&#8220;||0px||false|false&#8220; custom_css_free_form=&#8220;@media (max-width: 980px) {||   selector .et_pb_column .et_pb_row_inner, .et_pb_row {||        padding: 0!important;||    }||}&#8220; global_colors_info=&#8220;{}&#8220;][et_pb_column type=&#8220;4_4&#8243; _builder_version=&#8220;4.27.4&#8243; _module_preset=&#8220;default&#8220; global_colors_info=&#8220;{}&#8220;][dsm_image_carousel gallery_ids=&#8220;7685,7691,7694,7697,7699,7581,7874&#8243; slide_to_show=&#8220;5&#8243; arrows=&#8220;off&#8220; dots=&#8220;off&#8220; slide_to_show_tablet=&#8220;3&#8243; slide_to_show_phone=&#8220;2&#8243; slide_to_show_last_edited=&#8220;on|phone&#8220; _builder_version=&#8220;4.27.4&#8243; _module_preset=&#8220;default&#8220; custom_padding=&#8220;0px|0px|0px|0px|true|true&#8220; global_colors_info=&#8220;{}&#8220;][\/dsm_image_carousel][\/et_pb_column][\/et_pb_row][\/et_pb_section]<\/p>\n","protected":false},"excerpt":{"rendered":"<p>Gesch\u00e4ftsklimaLelystad ist der Ort, an dem Sie Ihre Gesch\u00e4fte so f\u00fchren, wie Sie es m\u00f6chten. Mit Raum zum Bauen, Testen und Wachsen. Ohne die chaotischen Menschenmassen und die hohen monatlichen Kosten der Randstad. Hier bekommen Sie buchst\u00e4blich und im \u00fcbertragenen Sinne Luft zum Atmen. Das macht Lelystad sowohl f\u00fcr nationale als auch f\u00fcr internationale Unternehmen attraktiv, die in die Zukunft investieren wollen. Au\u00dferdem gibt es nicht nur Platz, sondern auch Strom, der anderswo im Land immer knapper wird.Raum f\u00fcr Gesch\u00e4fteDNA der K\u00fchnheit und der Taten &nbsp;Flevoland ist auf Visionen, Mut und Entschlossenheit aufgebaut, und das liegt den Unternehmern hier im Blut. In Lelystad finden Sie Macher und Macherinnen, die Raum bekommen und sich nehmen, um ihre Ambitionen zu verwirklichen. Unternehmer wagen es, zu experimentieren, innovativ zu denken und ihren eigenen Weg zu gehen. Es ist ein Ort der Wirkung, Inspiration und Verbindung, an dem eine praktische Mentalit\u00e4t die Norm ist. Hier arbeiten Unternehmen, Regierungen und Partner zusammen, um eine innovative Zukunft zu gestalten. Mit einer langfristigen Vision und einer offenen Unternehmenskultur schafft es ein \u00d6kosystem, in dem die unternehmerischen Niederl\u00e4nder zusammenkommen, um aufzubauen, zu testen und zu wachsen.Teil der Metropolregion Amsterdam F\u00fcr internationale Unternehmen ist Lelystad aufgrund seiner Kombination aus [&hellip;]<\/p>\n","protected":false},"author":2,"featured_media":0,"parent":8260,"menu_order":0,"comment_status":"closed","ping_status":"closed","template":"","meta":{"_acf_changed":false,"_et_pb_use_builder":"on","_et_pb_old_content":"","_et_gb_content_width":"","footnotes":""},"class_list":["post-8598","page","type-page","status-publish","hentry"],"acf":[],"yoast_head":"<!-- This site is optimized with the Yoast SEO plugin v27.4 - https:\/\/yoast.com\/product\/yoast-seo-wordpress\/ -->\n<title>Gesch\u00e4ftsklima | Lelystad Logistics<\/title>\n<meta name=\"description\" content=\"Entdecken Sie das Gesch\u00e4ftsklima von Lelystad: Platz, Zug\u00e4nglichkeit und eine unternehmerische Region innerhalb der Metropolregion Amsterdam, ideal f\u00fcr nachhaltiges Wachstum.\" \/>\n<meta name=\"robots\" content=\"index, follow, max-snippet:-1, max-image-preview:large, max-video-preview:-1\" \/>\n<link rel=\"canonical\" href=\"https:\/\/lelystadlogistics.com\/de\/ueber-lelystad\/geschaeftsklima\/\" \/>\n<meta property=\"og:locale\" content=\"de_DE\" \/>\n<meta property=\"og:type\" content=\"article\" \/>\n<meta property=\"og:title\" content=\"Gesch\u00e4ftsklima | Lelystad Logistics\" \/>\n<meta property=\"og:description\" content=\"Entdecken Sie das Gesch\u00e4ftsklima von Lelystad: Platz, Zug\u00e4nglichkeit und eine unternehmerische Region innerhalb der Metropolregion Amsterdam, ideal f\u00fcr nachhaltiges Wachstum.\" \/>\n<meta property=\"og:url\" content=\"https:\/\/lelystadlogistics.com\/de\/ueber-lelystad\/geschaeftsklima\/\" \/>\n<meta property=\"og:site_name\" content=\"Lelystad Logistics\" \/>\n<meta property=\"article:modified_time\" content=\"2025-12-16T13:54:47+00:00\" \/>\n<meta property=\"og:image\" content=\"https:\/\/lelystadlogistics.com\/wp-content\/uploads\/2025\/12\/OpenGraph-Lelystad-Logistics.jpg\" \/>\n\t<meta property=\"og:image:width\" content=\"1200\" \/>\n\t<meta property=\"og:image:height\" content=\"675\" \/>\n\t<meta property=\"og:image:type\" content=\"image\/jpeg\" \/>\n<meta name=\"twitter:card\" content=\"summary_large_image\" \/>\n<meta name=\"twitter:label1\" content=\"Gesch\u00e4tzte Lesezeit\" \/>\n\t<meta name=\"twitter:data1\" content=\"6\u00a0Minuten\" \/>\n<script type=\"application\/ld+json\" class=\"yoast-schema-graph\">{\"@context\":\"https:\\\/\\\/schema.org\",\"@graph\":[{\"@type\":\"WebPage\",\"@id\":\"https:\\\/\\\/lelystadlogistics.com\\\/de\\\/ueber-lelystad\\\/geschaeftsklima\\\/\",\"url\":\"https:\\\/\\\/lelystadlogistics.com\\\/de\\\/ueber-lelystad\\\/geschaeftsklima\\\/\",\"name\":\"Gesch\u00e4ftsklima | Lelystad Logistics\",\"isPartOf\":{\"@id\":\"https:\\\/\\\/lelystadlogistics.com\\\/de\\\/#website\"},\"datePublished\":\"2025-12-02T11:22:52+00:00\",\"dateModified\":\"2025-12-16T13:54:47+00:00\",\"description\":\"Entdecken Sie das Gesch\u00e4ftsklima von Lelystad: Platz, Zug\u00e4nglichkeit und eine unternehmerische Region innerhalb der Metropolregion Amsterdam, ideal f\u00fcr nachhaltiges Wachstum.\",\"breadcrumb\":{\"@id\":\"https:\\\/\\\/lelystadlogistics.com\\\/de\\\/ueber-lelystad\\\/geschaeftsklima\\\/#breadcrumb\"},\"inLanguage\":\"de\",\"potentialAction\":[{\"@type\":\"ReadAction\",\"target\":[\"https:\\\/\\\/lelystadlogistics.com\\\/de\\\/ueber-lelystad\\\/geschaeftsklima\\\/\"]}]},{\"@type\":\"BreadcrumbList\",\"@id\":\"https:\\\/\\\/lelystadlogistics.com\\\/de\\\/ueber-lelystad\\\/geschaeftsklima\\\/#breadcrumb\",\"itemListElement\":[{\"@type\":\"ListItem\",\"position\":1,\"name\":\"Home\",\"item\":\"https:\\\/\\\/lelystadlogistics.com\\\/de\\\/\"},{\"@type\":\"ListItem\",\"position\":2,\"name\":\"\u00dcber Lelystad\",\"item\":\"https:\\\/\\\/lelystadlogistics.com\\\/de\\\/ueber-lelystad\\\/\"},{\"@type\":\"ListItem\",\"position\":3,\"name\":\"Gesch\u00e4ftsklima\"}]},{\"@type\":\"WebSite\",\"@id\":\"https:\\\/\\\/lelystadlogistics.com\\\/de\\\/#website\",\"url\":\"https:\\\/\\\/lelystadlogistics.com\\\/de\\\/\",\"name\":\"Lelystad Logistics\",\"description\":\"Part of Metropolitan Region Amsterdam\",\"publisher\":{\"@id\":\"https:\\\/\\\/lelystadlogistics.com\\\/de\\\/#organization\"},\"potentialAction\":[{\"@type\":\"SearchAction\",\"target\":{\"@type\":\"EntryPoint\",\"urlTemplate\":\"https:\\\/\\\/lelystadlogistics.com\\\/de\\\/?s={search_term_string}\"},\"query-input\":{\"@type\":\"PropertyValueSpecification\",\"valueRequired\":true,\"valueName\":\"search_term_string\"}}],\"inLanguage\":\"de\"},{\"@type\":\"Organization\",\"@id\":\"https:\\\/\\\/lelystadlogistics.com\\\/de\\\/#organization\",\"name\":\"Lelystad Logistics\",\"alternateName\":\"Part of Metropolitan Region Amsterdam\",\"url\":\"https:\\\/\\\/lelystadlogistics.com\\\/de\\\/\",\"logo\":{\"@type\":\"ImageObject\",\"inLanguage\":\"de\",\"@id\":\"https:\\\/\\\/lelystadlogistics.com\\\/de\\\/#\\\/schema\\\/logo\\\/image\\\/\",\"url\":\"https:\\\/\\\/lelystadlogistics.com\\\/wp-content\\\/uploads\\\/2025\\\/11\\\/Logo-Lelystad-Logistics-1.svg\",\"contentUrl\":\"https:\\\/\\\/lelystadlogistics.com\\\/wp-content\\\/uploads\\\/2025\\\/11\\\/Logo-Lelystad-Logistics-1.svg\",\"width\":1,\"height\":1,\"caption\":\"Lelystad Logistics\"},\"image\":{\"@id\":\"https:\\\/\\\/lelystadlogistics.com\\\/de\\\/#\\\/schema\\\/logo\\\/image\\\/\"}}]}<\/script>\n<!-- \/ Yoast SEO plugin. -->","yoast_head_json":{"title":"Gesch\u00e4ftsklima | Lelystad Logistics","description":"Entdecken Sie das Gesch\u00e4ftsklima von Lelystad: Platz, Zug\u00e4nglichkeit und eine unternehmerische Region innerhalb der Metropolregion Amsterdam, ideal f\u00fcr nachhaltiges Wachstum.","robots":{"index":"index","follow":"follow","max-snippet":"max-snippet:-1","max-image-preview":"max-image-preview:large","max-video-preview":"max-video-preview:-1"},"canonical":"https:\/\/lelystadlogistics.com\/de\/ueber-lelystad\/geschaeftsklima\/","og_locale":"de_DE","og_type":"article","og_title":"Gesch\u00e4ftsklima | Lelystad Logistics","og_description":"Entdecken Sie das Gesch\u00e4ftsklima von Lelystad: Platz, Zug\u00e4nglichkeit und eine unternehmerische Region innerhalb der Metropolregion Amsterdam, ideal f\u00fcr nachhaltiges Wachstum.","og_url":"https:\/\/lelystadlogistics.com\/de\/ueber-lelystad\/geschaeftsklima\/","og_site_name":"Lelystad Logistics","article_modified_time":"2025-12-16T13:54:47+00:00","og_image":[{"width":1200,"height":675,"url":"https:\/\/lelystadlogistics.com\/wp-content\/uploads\/2025\/12\/OpenGraph-Lelystad-Logistics.jpg","type":"image\/jpeg"}],"twitter_card":"summary_large_image","twitter_misc":{"Gesch\u00e4tzte Lesezeit":"6\u00a0Minuten"},"schema":{"@context":"https:\/\/schema.org","@graph":[{"@type":"WebPage","@id":"https:\/\/lelystadlogistics.com\/de\/ueber-lelystad\/geschaeftsklima\/","url":"https:\/\/lelystadlogistics.com\/de\/ueber-lelystad\/geschaeftsklima\/","name":"Gesch\u00e4ftsklima | Lelystad Logistics","isPartOf":{"@id":"https:\/\/lelystadlogistics.com\/de\/#website"},"datePublished":"2025-12-02T11:22:52+00:00","dateModified":"2025-12-16T13:54:47+00:00","description":"Entdecken Sie das Gesch\u00e4ftsklima von Lelystad: Platz, Zug\u00e4nglichkeit und eine unternehmerische Region innerhalb der Metropolregion Amsterdam, ideal f\u00fcr nachhaltiges Wachstum.","breadcrumb":{"@id":"https:\/\/lelystadlogistics.com\/de\/ueber-lelystad\/geschaeftsklima\/#breadcrumb"},"inLanguage":"de","potentialAction":[{"@type":"ReadAction","target":["https:\/\/lelystadlogistics.com\/de\/ueber-lelystad\/geschaeftsklima\/"]}]},{"@type":"BreadcrumbList","@id":"https:\/\/lelystadlogistics.com\/de\/ueber-lelystad\/geschaeftsklima\/#breadcrumb","itemListElement":[{"@type":"ListItem","position":1,"name":"Home","item":"https:\/\/lelystadlogistics.com\/de\/"},{"@type":"ListItem","position":2,"name":"\u00dcber Lelystad","item":"https:\/\/lelystadlogistics.com\/de\/ueber-lelystad\/"},{"@type":"ListItem","position":3,"name":"Gesch\u00e4ftsklima"}]},{"@type":"WebSite","@id":"https:\/\/lelystadlogistics.com\/de\/#website","url":"https:\/\/lelystadlogistics.com\/de\/","name":"Lelystad Logistics","description":"Part of Metropolitan Region Amsterdam","publisher":{"@id":"https:\/\/lelystadlogistics.com\/de\/#organization"},"potentialAction":[{"@type":"SearchAction","target":{"@type":"EntryPoint","urlTemplate":"https:\/\/lelystadlogistics.com\/de\/?s={search_term_string}"},"query-input":{"@type":"PropertyValueSpecification","valueRequired":true,"valueName":"search_term_string"}}],"inLanguage":"de"},{"@type":"Organization","@id":"https:\/\/lelystadlogistics.com\/de\/#organization","name":"Lelystad Logistics","alternateName":"Part of Metropolitan Region Amsterdam","url":"https:\/\/lelystadlogistics.com\/de\/","logo":{"@type":"ImageObject","inLanguage":"de","@id":"https:\/\/lelystadlogistics.com\/de\/#\/schema\/logo\/image\/","url":"https:\/\/lelystadlogistics.com\/wp-content\/uploads\/2025\/11\/Logo-Lelystad-Logistics-1.svg","contentUrl":"https:\/\/lelystadlogistics.com\/wp-content\/uploads\/2025\/11\/Logo-Lelystad-Logistics-1.svg","width":1,"height":1,"caption":"Lelystad Logistics"},"image":{"@id":"https:\/\/lelystadlogistics.com\/de\/#\/schema\/logo\/image\/"}}]}},"_links":{"self":[{"href":"https:\/\/lelystadlogistics.com\/de\/wp-json\/wp\/v2\/pages\/8598","targetHints":{"allow":["GET"]}}],"collection":[{"href":"https:\/\/lelystadlogistics.com\/de\/wp-json\/wp\/v2\/pages"}],"about":[{"href":"https:\/\/lelystadlogistics.com\/de\/wp-json\/wp\/v2\/types\/page"}],"author":[{"embeddable":true,"href":"https:\/\/lelystadlogistics.com\/de\/wp-json\/wp\/v2\/users\/2"}],"replies":[{"embeddable":true,"href":"https:\/\/lelystadlogistics.com\/de\/wp-json\/wp\/v2\/comments?post=8598"}],"version-history":[{"count":2,"href":"https:\/\/lelystadlogistics.com\/de\/wp-json\/wp\/v2\/pages\/8598\/revisions"}],"predecessor-version":[{"id":8620,"href":"https:\/\/lelystadlogistics.com\/de\/wp-json\/wp\/v2\/pages\/8598\/revisions\/8620"}],"up":[{"embeddable":true,"href":"https:\/\/lelystadlogistics.com\/de\/wp-json\/wp\/v2\/pages\/8260"}],"wp:attachment":[{"href":"https:\/\/lelystadlogistics.com\/de\/wp-json\/wp\/v2\/media?parent=8598"}],"curies":[{"name":"wp","href":"https:\/\/api.w.org\/{rel}","templated":true}]}}