{"id":8605,"date":"2025-12-11T13:56:49","date_gmt":"2025-12-11T12:56:49","guid":{"rendered":"https:\/\/lelystadlogistics.com\/stadtbezirk-lelystad\/"},"modified":"2025-12-16T14:54:57","modified_gmt":"2025-12-16T13:54:57","slug":"stadtbezirk-lelystad","status":"publish","type":"page","link":"https:\/\/lelystadlogistics.com\/de\/ueber-uns\/stadtbezirk-lelystad\/","title":{"rendered":"Stadtbezirk Lelystad"},"content":{"rendered":"<p>[et_pb_section fb_built=&#8220;1&#8243; admin_label=&#8220;Contentheader&#8220; module_class=&#8220;header-divider&#8220; _builder_version=&#8220;4.27.4&#8243; _module_preset=&#8220;default&#8220; background_image=&#8220;https:\/\/lelystadlogistics.com\/wp-content\/uploads\/2025\/12\/LAB-2025-Pluim-Fotografie-36-scaled.jpg&#8220; background_position=&#8220;top_center&#8220; background_vertical_offset=&#8220;-25%&#8220; height=&#8220;785px&#8220; height_tablet=&#8220;700px&#8220; height_phone=&#8220;530px&#8220; height_last_edited=&#8220;on|phone&#8220; top_divider_height=&#8220;571px&#8220; top_divider_height_tablet=&#8220;370px&#8220; top_divider_height_phone=&#8220;215px&#8220; top_divider_height_last_edited=&#8220;on|tablet&#8220; global_colors_info=&#8220;{}&#8220;][\/et_pb_section][et_pb_section fb_built=&#8220;1&#8243; admin_label=&#8220;Content&#8220; _builder_version=&#8220;4.27.4&#8243; _module_preset=&#8220;default&#8220; overflow-x=&#8220;hidden&#8220; overflow-y=&#8220;hidden&#8220; custom_margin=&#8220;||||false|false&#8220; custom_padding=&#8220;63px||||false|false&#8220; global_colors_info=&#8220;{}&#8220;][et_pb_row column_structure=&#8220;3_5,2_5&#8243; _builder_version=&#8220;4.27.4&#8243; _module_preset=&#8220;default&#8220; custom_margin=&#8220;||||false|false&#8220; locked=&#8220;off&#8220; global_colors_info=&#8220;{}&#8220;][et_pb_column type=&#8220;3_5&#8243; _builder_version=&#8220;4.27.4&#8243; _module_preset=&#8220;default&#8220; global_colors_info=&#8220;{}&#8220;][et_pb_text _builder_version=&#8220;4.27.4&#8243; _module_preset=&#8220;default&#8220; header_2_font=&#8220;|700|||||||&#8220; custom_margin=&#8220;||10px||false|false&#8220; custom_padding=&#8220;||0px||false|false&#8220; global_colors_info=&#8220;{}&#8220;]<\/p>\n<h2>Stadtbezirk Lelystad<\/h2>\n<p>[\/et_pb_text][et_pb_text _builder_version=&#8220;4.27.4&#8243; _module_preset=&#8220;default&#8220; max_width=&#8220;820px&#8220; hover_enabled=&#8220;0&#8243; global_colors_info=&#8220;{}&#8220; sticky_enabled=&#8220;0&#8243;]<\/p>\n<p data-start=\"1478\" data-end=\"1863\">Die Hauptstadt der j\u00fcngsten Provinz w\u00e4chst. In den kommenden Jahren werden \u00fcber 15.000 H\u00e4user hinzukommen und die Stadt soll bis 2030 auf 125.000 Einwohner anwachsen. Dar\u00fcber hinaus gehen die Einrichtungen Hand in Hand und auch die Unternehmen profitieren von diesem Wachstum. Die Gemeinde investiert in eine starke Verbindung mit dem <a href=\"https:\/\/lelystadlogistics.com\/de\/ueber-lelystad\/arbeitsmarkt-bildung\/\">Arbeitsmarkt und der Bildung<\/a>. Um Talenten einen Platz und Einwohnern sch\u00f6ne Arbeitspl\u00e4tze zu geben.    <\/p>\n<p data-start=\"1478\" data-end=\"1863\">Die Gemeinde Lelystad arbeitet an einem starken und zukunftsorientierten Gesch\u00e4ftsklima. Die Ansiedlung neuer Unternehmen gibt der Stadt und der Region Auftrieb. <\/p>\n<p data-start=\"1478\" data-end=\"1863\">Hier finden Unternehmer den Raum, um aufzubauen, zu testen und zu wachsen, ohne die Hektik und die hohen Kosten der Randstad. Mit gut angebundenen Gewerbegebieten, wettbewerbsf\u00e4higen Grundst\u00fcckspreisen und Verbindungen \u00fcber Stra\u00dfe, Wasser, Schiene und Luft bietet Lelystad eine \u00fcberzeugende Grundlage f\u00fcr nachhaltiges Wachstum. <\/p>\n<p data-start=\"1478\" data-end=\"1863\">Mut und Entschlossenheit liegen in der DNA von Flevoland. Die Unternehmer hier haben eine zupackende Mentalit\u00e4t und teilen aktiv ihr Wissen und ihren Erfolg. Die Gemeinde unterst\u00fctzt dies mit kurzen Kommunikationswegen und einem l\u00f6sungsorientierten Ansatz, so dass Pl\u00e4ne schneller Realit\u00e4t werden.  <\/p>\n<p data-start=\"1478\" data-end=\"1863\">Mit der Lelystad Economic Perspective 2030 und der Structure Vision Location Policy 2013-2025 gibt Lelystad einen klaren Kurs vor. Diese <a href=\"https:\/\/www.gemeentelelystad.nl\/Ondernemersbeleid\" target=\"_blank\" rel=\"noopener\">Vision<\/a> sorgt f\u00fcr sorgf\u00e4ltig gestaltete Arbeitsstandorte und l\u00e4dt Unternehmen und Partner dazu ein, am Aufbau einer starken Wirtschaft f\u00fcr die Zukunft mitzuwirken. <\/p>\n<p>[\/et_pb_text][et_pb_button button_url=&#8220;https:\/\/www.ondernemeninlelystad.nl\/nl&#8220; url_new_window=&#8220;on&#8220; button_text=&#8220;Website der Gemeinde Lelystad&#8220; _builder_version=&#8220;4.27.4&#8243; _module_preset=&#8220;default&#8220; global_colors_info=&#8220;{}&#8220;][\/et_pb_button][\/et_pb_column][et_pb_column type=&#8220;2_5&#8243; _builder_version=&#8220;4.27.4&#8243; _module_preset=&#8220;default&#8220; custom_css_free_form=&#8220;@media screen and (min-width: 480px) and (max-width: 980px) {||  selector {||      max-width: 460px;||  }||}&#8220; global_colors_info=&#8220;{}&#8220;][et_pb_image src=&#8220;https:\/\/lelystadlogistics.com\/wp-content\/uploads\/2025\/12\/36b-jvWmGO7rxT0-unsplash.jpg&#8220; alt=&#8220;Wohnungen am Wasser&#8220; title_text=&#8220;Wohnen in Lelystad&#8220; _builder_version=&#8220;4.27.4&#8243; _module_preset=&#8220;default&#8220; width=&#8220;396px&#8220; max_width=&#8220;396px&#8220; min_height=&#8220;396px&#8220; height=&#8220;396px&#8220; border_radii=&#8220;on|50%|50%|50%|50%&#8220; global_colors_info=&#8220;{}&#8220;][\/et_pb_image][et_pb_text _builder_version=&#8220;4.27.4&#8243; _module_preset=&#8220;default&#8220; background_color=&#8220;#95BC33&#8243; positioning=&#8220;absolute&#8220; position_origin_a=&#8220;bottom_right&#8220; vertical_offset=&#8220;15px&#8220; horizontal_offset=&#8220;85px&#8220; horizontal_offset_tablet=&#8220;85px&#8220; horizontal_offset_phone=&#8220;0px&#8220; horizontal_offset_last_edited=&#8220;on|phone&#8220; width=&#8220;90px&#8220; max_width=&#8220;90px&#8220; min_height=&#8220;90px&#8220; height=&#8220;90px&#8220; border_radii=&#8220;on|50%|50%|50%|50%&#8220; global_colors_info=&#8220;{}&#8220;][\/et_pb_text][\/et_pb_column][\/et_pb_row][\/et_pb_section][et_pb_section fb_built=&#8220;1&#8243; admin_label=&#8220;Partners&#8220; _builder_version=&#8220;4.27.4&#8243; _module_preset=&#8220;default&#8220; custom_margin=&#8220;||||false|false&#8220; custom_padding=&#8220;99px|||||&#8220; global_module=&#8220;426&#8243; locked=&#8220;off&#8220; global_colors_info=&#8220;{}&#8220;][et_pb_row column_structure=&#8220;2_3,1_3&#8243; _builder_version=&#8220;4.27.4&#8243; _module_preset=&#8220;default&#8220; custom_padding=&#8220;5px||0px||false|false&#8220; border_width_top=&#8220;3px&#8220; border_color_top=&#8220;#002B51&#8243; global_colors_info=&#8220;{}&#8220;][et_pb_column type=&#8220;2_3&#8243; _builder_version=&#8220;4.27.4&#8243; _module_preset=&#8220;default&#8220; global_colors_info=&#8220;{}&#8220;][et_pb_text _builder_version=&#8220;4.27.4&#8243; _module_preset=&#8220;default&#8220; header_2_font=&#8220;|700|||||||&#8220; header_2_text_color=&#8220;#95BC33&#8243; global_colors_info=&#8220;{}&#8220;]<\/p>\n<h2>Partner<\/h2>\n<p>[\/et_pb_text][\/et_pb_column][et_pb_column type=&#8220;1_3&#8243; _builder_version=&#8220;4.27.4&#8243; _module_preset=&#8220;default&#8220; global_colors_info=&#8220;{}&#8220;][\/et_pb_column][\/et_pb_row][et_pb_row _builder_version=&#8220;4.27.4&#8243; _module_preset=&#8220;default&#8220; custom_padding=&#8220;||0px||false|false&#8220; custom_css_free_form=&#8220;@media (max-width: 980px) {||   selector .et_pb_column .et_pb_row_inner, .et_pb_row {||        padding: 0!important;||    }||}&#8220; global_colors_info=&#8220;{}&#8220;][et_pb_column type=&#8220;4_4&#8243; _builder_version=&#8220;4.27.4&#8243; _module_preset=&#8220;default&#8220; global_colors_info=&#8220;{}&#8220;][dsm_image_carousel gallery_ids=&#8220;7685,7691,7694,7697,7699,7581,7874&#8243; slide_to_show=&#8220;5&#8243; arrows=&#8220;off&#8220; dots=&#8220;off&#8220; slide_to_show_tablet=&#8220;3&#8243; slide_to_show_phone=&#8220;2&#8243; slide_to_show_last_edited=&#8220;on|phone&#8220; _builder_version=&#8220;4.27.4&#8243; _module_preset=&#8220;default&#8220; custom_padding=&#8220;0px|0px|0px|0px|true|true&#8220; global_colors_info=&#8220;{}&#8220;][\/dsm_image_carousel][\/et_pb_column][\/et_pb_row][\/et_pb_section]<\/p>\n","protected":false},"excerpt":{"rendered":"<p>Stadtbezirk LelystadDie Hauptstadt der j\u00fcngsten Provinz w\u00e4chst. In den kommenden Jahren werden \u00fcber 15.000 H\u00e4user hinzukommen und die Stadt soll bis 2030 auf 125.000 Einwohner anwachsen. Dar\u00fcber hinaus gehen die Einrichtungen Hand in Hand und auch die Unternehmen profitieren von diesem Wachstum. Die Gemeinde investiert in eine starke Verbindung mit dem Arbeitsmarkt und der Bildung. Um Talenten einen Platz und Einwohnern sch\u00f6ne Arbeitspl\u00e4tze zu geben. Die Gemeinde Lelystad arbeitet an einem starken und zukunftsorientierten Gesch\u00e4ftsklima. Die Ansiedlung neuer Unternehmen gibt der Stadt und der Region Auftrieb. Hier finden Unternehmer den Raum, um aufzubauen, zu testen und zu wachsen, ohne die Hektik und die hohen Kosten der Randstad. Mit gut angebundenen Gewerbegebieten, wettbewerbsf\u00e4higen Grundst\u00fcckspreisen und Verbindungen \u00fcber Stra\u00dfe, Wasser, Schiene und Luft bietet Lelystad eine \u00fcberzeugende Grundlage f\u00fcr nachhaltiges Wachstum. Mut und Entschlossenheit liegen in der DNA von Flevoland. Die Unternehmer hier haben eine zupackende Mentalit\u00e4t und teilen aktiv ihr Wissen und ihren Erfolg. Die Gemeinde unterst\u00fctzt dies mit kurzen Kommunikationswegen und einem l\u00f6sungsorientierten Ansatz, so dass Pl\u00e4ne schneller Realit\u00e4t werden. Mit der Lelystad Economic Perspective 2030 und der Structure Vision Location Policy 2013-2025 gibt Lelystad einen klaren Kurs vor. Diese Vision sorgt f\u00fcr sorgf\u00e4ltig gestaltete Arbeitsstandorte und l\u00e4dt Unternehmen und [&hellip;]<\/p>\n","protected":false},"author":2,"featured_media":0,"parent":8630,"menu_order":0,"comment_status":"closed","ping_status":"closed","template":"","meta":{"_acf_changed":false,"_et_pb_use_builder":"on","_et_pb_old_content":"","_et_gb_content_width":"","footnotes":""},"class_list":["post-8605","page","type-page","status-publish","hentry"],"acf":[],"yoast_head":"<!-- This site is optimized with the Yoast SEO plugin v27.4 - https:\/\/yoast.com\/product\/yoast-seo-wordpress\/ -->\n<title>Stadtbezirk Lelystad | Lelystad Logistics<\/title>\n<meta name=\"description\" content=\"Lelystad investiert in Bildung, Arbeitsmarkt und Arbeitsorte. Lelystad bietet Platz, Zug\u00e4nglichkeit und ein gutes Gesch\u00e4ftsklima.\" \/>\n<meta name=\"robots\" content=\"index, follow, max-snippet:-1, max-image-preview:large, max-video-preview:-1\" \/>\n<link rel=\"canonical\" href=\"https:\/\/lelystadlogistics.com\/de\/ueber-uns\/stadtbezirk-lelystad\/\" \/>\n<meta property=\"og:locale\" content=\"de_DE\" \/>\n<meta property=\"og:type\" content=\"article\" \/>\n<meta property=\"og:title\" content=\"Stadtbezirk Lelystad | Lelystad Logistics\" \/>\n<meta property=\"og:description\" content=\"Lelystad investiert in Bildung, Arbeitsmarkt und Arbeitsorte. Lelystad bietet Platz, Zug\u00e4nglichkeit und ein gutes Gesch\u00e4ftsklima.\" \/>\n<meta property=\"og:url\" content=\"https:\/\/lelystadlogistics.com\/de\/ueber-uns\/stadtbezirk-lelystad\/\" \/>\n<meta property=\"og:site_name\" content=\"Lelystad Logistics\" \/>\n<meta property=\"article:modified_time\" content=\"2025-12-16T13:54:57+00:00\" \/>\n<meta property=\"og:image\" content=\"https:\/\/lelystadlogistics.com\/wp-content\/uploads\/2025\/12\/OpenGraph-Lelystad-Logistics.jpg\" \/>\n\t<meta property=\"og:image:width\" content=\"1200\" \/>\n\t<meta property=\"og:image:height\" content=\"675\" \/>\n\t<meta property=\"og:image:type\" content=\"image\/jpeg\" \/>\n<meta name=\"twitter:card\" content=\"summary_large_image\" \/>\n<meta name=\"twitter:label1\" content=\"Gesch\u00e4tzte Lesezeit\" \/>\n\t<meta name=\"twitter:data1\" content=\"4\u00a0Minuten\" \/>\n<script type=\"application\/ld+json\" class=\"yoast-schema-graph\">{\"@context\":\"https:\\\/\\\/schema.org\",\"@graph\":[{\"@type\":\"WebPage\",\"@id\":\"https:\\\/\\\/lelystadlogistics.com\\\/de\\\/ueber-uns\\\/stadtbezirk-lelystad\\\/\",\"url\":\"https:\\\/\\\/lelystadlogistics.com\\\/de\\\/ueber-uns\\\/stadtbezirk-lelystad\\\/\",\"name\":\"Stadtbezirk Lelystad | Lelystad Logistics\",\"isPartOf\":{\"@id\":\"https:\\\/\\\/lelystadlogistics.com\\\/de\\\/#website\"},\"datePublished\":\"2025-12-11T12:56:49+00:00\",\"dateModified\":\"2025-12-16T13:54:57+00:00\",\"description\":\"Lelystad investiert in Bildung, Arbeitsmarkt und Arbeitsorte. Lelystad bietet Platz, Zug\u00e4nglichkeit und ein gutes Gesch\u00e4ftsklima.\",\"breadcrumb\":{\"@id\":\"https:\\\/\\\/lelystadlogistics.com\\\/de\\\/ueber-uns\\\/stadtbezirk-lelystad\\\/#breadcrumb\"},\"inLanguage\":\"de\",\"potentialAction\":[{\"@type\":\"ReadAction\",\"target\":[\"https:\\\/\\\/lelystadlogistics.com\\\/de\\\/ueber-uns\\\/stadtbezirk-lelystad\\\/\"]}]},{\"@type\":\"BreadcrumbList\",\"@id\":\"https:\\\/\\\/lelystadlogistics.com\\\/de\\\/ueber-uns\\\/stadtbezirk-lelystad\\\/#breadcrumb\",\"itemListElement\":[{\"@type\":\"ListItem\",\"position\":1,\"name\":\"Home\",\"item\":\"https:\\\/\\\/lelystadlogistics.com\\\/de\\\/\"},{\"@type\":\"ListItem\",\"position\":2,\"name\":\"\u00dcber uns\",\"item\":\"https:\\\/\\\/lelystadlogistics.com\\\/de\\\/ueber-uns\\\/\"},{\"@type\":\"ListItem\",\"position\":3,\"name\":\"Stadtbezirk Lelystad\"}]},{\"@type\":\"WebSite\",\"@id\":\"https:\\\/\\\/lelystadlogistics.com\\\/de\\\/#website\",\"url\":\"https:\\\/\\\/lelystadlogistics.com\\\/de\\\/\",\"name\":\"Lelystad Logistics\",\"description\":\"Part of Metropolitan Region Amsterdam\",\"publisher\":{\"@id\":\"https:\\\/\\\/lelystadlogistics.com\\\/de\\\/#organization\"},\"potentialAction\":[{\"@type\":\"SearchAction\",\"target\":{\"@type\":\"EntryPoint\",\"urlTemplate\":\"https:\\\/\\\/lelystadlogistics.com\\\/de\\\/?s={search_term_string}\"},\"query-input\":{\"@type\":\"PropertyValueSpecification\",\"valueRequired\":true,\"valueName\":\"search_term_string\"}}],\"inLanguage\":\"de\"},{\"@type\":\"Organization\",\"@id\":\"https:\\\/\\\/lelystadlogistics.com\\\/de\\\/#organization\",\"name\":\"Lelystad Logistics\",\"alternateName\":\"Part of Metropolitan Region Amsterdam\",\"url\":\"https:\\\/\\\/lelystadlogistics.com\\\/de\\\/\",\"logo\":{\"@type\":\"ImageObject\",\"inLanguage\":\"de\",\"@id\":\"https:\\\/\\\/lelystadlogistics.com\\\/de\\\/#\\\/schema\\\/logo\\\/image\\\/\",\"url\":\"https:\\\/\\\/lelystadlogistics.com\\\/wp-content\\\/uploads\\\/2025\\\/11\\\/Logo-Lelystad-Logistics-1.svg\",\"contentUrl\":\"https:\\\/\\\/lelystadlogistics.com\\\/wp-content\\\/uploads\\\/2025\\\/11\\\/Logo-Lelystad-Logistics-1.svg\",\"width\":1,\"height\":1,\"caption\":\"Lelystad Logistics\"},\"image\":{\"@id\":\"https:\\\/\\\/lelystadlogistics.com\\\/de\\\/#\\\/schema\\\/logo\\\/image\\\/\"}}]}<\/script>\n<!-- \/ Yoast SEO plugin. -->","yoast_head_json":{"title":"Stadtbezirk Lelystad | Lelystad Logistics","description":"Lelystad investiert in Bildung, Arbeitsmarkt und Arbeitsorte. Lelystad bietet Platz, Zug\u00e4nglichkeit und ein gutes Gesch\u00e4ftsklima.","robots":{"index":"index","follow":"follow","max-snippet":"max-snippet:-1","max-image-preview":"max-image-preview:large","max-video-preview":"max-video-preview:-1"},"canonical":"https:\/\/lelystadlogistics.com\/de\/ueber-uns\/stadtbezirk-lelystad\/","og_locale":"de_DE","og_type":"article","og_title":"Stadtbezirk Lelystad | Lelystad Logistics","og_description":"Lelystad investiert in Bildung, Arbeitsmarkt und Arbeitsorte. Lelystad bietet Platz, Zug\u00e4nglichkeit und ein gutes Gesch\u00e4ftsklima.","og_url":"https:\/\/lelystadlogistics.com\/de\/ueber-uns\/stadtbezirk-lelystad\/","og_site_name":"Lelystad Logistics","article_modified_time":"2025-12-16T13:54:57+00:00","og_image":[{"width":1200,"height":675,"url":"https:\/\/lelystadlogistics.com\/wp-content\/uploads\/2025\/12\/OpenGraph-Lelystad-Logistics.jpg","type":"image\/jpeg"}],"twitter_card":"summary_large_image","twitter_misc":{"Gesch\u00e4tzte Lesezeit":"4\u00a0Minuten"},"schema":{"@context":"https:\/\/schema.org","@graph":[{"@type":"WebPage","@id":"https:\/\/lelystadlogistics.com\/de\/ueber-uns\/stadtbezirk-lelystad\/","url":"https:\/\/lelystadlogistics.com\/de\/ueber-uns\/stadtbezirk-lelystad\/","name":"Stadtbezirk Lelystad | Lelystad Logistics","isPartOf":{"@id":"https:\/\/lelystadlogistics.com\/de\/#website"},"datePublished":"2025-12-11T12:56:49+00:00","dateModified":"2025-12-16T13:54:57+00:00","description":"Lelystad investiert in Bildung, Arbeitsmarkt und Arbeitsorte. Lelystad bietet Platz, Zug\u00e4nglichkeit und ein gutes Gesch\u00e4ftsklima.","breadcrumb":{"@id":"https:\/\/lelystadlogistics.com\/de\/ueber-uns\/stadtbezirk-lelystad\/#breadcrumb"},"inLanguage":"de","potentialAction":[{"@type":"ReadAction","target":["https:\/\/lelystadlogistics.com\/de\/ueber-uns\/stadtbezirk-lelystad\/"]}]},{"@type":"BreadcrumbList","@id":"https:\/\/lelystadlogistics.com\/de\/ueber-uns\/stadtbezirk-lelystad\/#breadcrumb","itemListElement":[{"@type":"ListItem","position":1,"name":"Home","item":"https:\/\/lelystadlogistics.com\/de\/"},{"@type":"ListItem","position":2,"name":"\u00dcber uns","item":"https:\/\/lelystadlogistics.com\/de\/ueber-uns\/"},{"@type":"ListItem","position":3,"name":"Stadtbezirk Lelystad"}]},{"@type":"WebSite","@id":"https:\/\/lelystadlogistics.com\/de\/#website","url":"https:\/\/lelystadlogistics.com\/de\/","name":"Lelystad Logistics","description":"Part of Metropolitan Region Amsterdam","publisher":{"@id":"https:\/\/lelystadlogistics.com\/de\/#organization"},"potentialAction":[{"@type":"SearchAction","target":{"@type":"EntryPoint","urlTemplate":"https:\/\/lelystadlogistics.com\/de\/?s={search_term_string}"},"query-input":{"@type":"PropertyValueSpecification","valueRequired":true,"valueName":"search_term_string"}}],"inLanguage":"de"},{"@type":"Organization","@id":"https:\/\/lelystadlogistics.com\/de\/#organization","name":"Lelystad Logistics","alternateName":"Part of Metropolitan Region Amsterdam","url":"https:\/\/lelystadlogistics.com\/de\/","logo":{"@type":"ImageObject","inLanguage":"de","@id":"https:\/\/lelystadlogistics.com\/de\/#\/schema\/logo\/image\/","url":"https:\/\/lelystadlogistics.com\/wp-content\/uploads\/2025\/11\/Logo-Lelystad-Logistics-1.svg","contentUrl":"https:\/\/lelystadlogistics.com\/wp-content\/uploads\/2025\/11\/Logo-Lelystad-Logistics-1.svg","width":1,"height":1,"caption":"Lelystad Logistics"},"image":{"@id":"https:\/\/lelystadlogistics.com\/de\/#\/schema\/logo\/image\/"}}]}},"_links":{"self":[{"href":"https:\/\/lelystadlogistics.com\/de\/wp-json\/wp\/v2\/pages\/8605","targetHints":{"allow":["GET"]}}],"collection":[{"href":"https:\/\/lelystadlogistics.com\/de\/wp-json\/wp\/v2\/pages"}],"about":[{"href":"https:\/\/lelystadlogistics.com\/de\/wp-json\/wp\/v2\/types\/page"}],"author":[{"embeddable":true,"href":"https:\/\/lelystadlogistics.com\/de\/wp-json\/wp\/v2\/users\/2"}],"replies":[{"embeddable":true,"href":"https:\/\/lelystadlogistics.com\/de\/wp-json\/wp\/v2\/comments?post=8605"}],"version-history":[{"count":2,"href":"https:\/\/lelystadlogistics.com\/de\/wp-json\/wp\/v2\/pages\/8605\/revisions"}],"predecessor-version":[{"id":8625,"href":"https:\/\/lelystadlogistics.com\/de\/wp-json\/wp\/v2\/pages\/8605\/revisions\/8625"}],"up":[{"embeddable":true,"href":"https:\/\/lelystadlogistics.com\/de\/wp-json\/wp\/v2\/pages\/8630"}],"wp:attachment":[{"href":"https:\/\/lelystadlogistics.com\/de\/wp-json\/wp\/v2\/media?parent=8605"}],"curies":[{"name":"wp","href":"https:\/\/api.w.org\/{rel}","templated":true}]}}