{"id":8627,"date":"2025-12-02T10:29:05","date_gmt":"2025-12-02T09:29:05","guid":{"rendered":"https:\/\/lelystadlogistics.com\/ueber-lelystad\/erreichbarkeit-standort\/"},"modified":"2025-12-16T14:54:57","modified_gmt":"2025-12-16T13:54:57","slug":"erreichbarkeit-standort","status":"publish","type":"page","link":"https:\/\/lelystadlogistics.com\/de\/ueber-lelystad\/erreichbarkeit-standort\/","title":{"rendered":"Erreichbarkeit &amp; Standort"},"content":{"rendered":"<p>[et_pb_section fb_built=&#8220;1&#8243; admin_label=&#8220;Contentheader&#8220; module_class=&#8220;header-divider&#8220; _builder_version=&#8220;4.27.4&#8243; _module_preset=&#8220;default&#8220; background_image=&#8220;https:\/\/lelystadlogistics.com\/wp-content\/uploads\/2025\/12\/LAB-2025-Pluim-Fotografie-36-scaled.jpg&#8220; background_position=&#8220;top_center&#8220; background_vertical_offset=&#8220;11%&#8220; height=&#8220;785px&#8220; height_tablet=&#8220;700px&#8220; height_phone=&#8220;530px&#8220; height_last_edited=&#8220;on|phone&#8220; top_divider_height=&#8220;571px&#8220; top_divider_height_tablet=&#8220;370px&#8220; top_divider_height_phone=&#8220;215px&#8220; top_divider_height_last_edited=&#8220;on|tablet&#8220; global_colors_info=&#8220;{}&#8220;][\/et_pb_section][et_pb_section fb_built=&#8220;1&#8243; _builder_version=&#8220;4.27.4&#8243; _module_preset=&#8220;default&#8220; overflow-x=&#8220;hidden&#8220; overflow-y=&#8220;hidden&#8220; custom_margin=&#8220;||||false|false&#8220; custom_padding=&#8220;63px||0px||false|false&#8220; global_colors_info=&#8220;{}&#8220;][et_pb_row column_structure=&#8220;2_3,1_3&#8243; _builder_version=&#8220;4.27.4&#8243; _module_preset=&#8220;default&#8220; custom_margin=&#8220;|auto|17px|auto|false|false&#8220; custom_margin_tablet=&#8220;||0px||false|false&#8220; custom_margin_phone=&#8220;||0px||false|false&#8220; custom_margin_last_edited=&#8220;on|tablet&#8220; custom_padding=&#8220;0px||0px||true|false&#8220; global_colors_info=&#8220;{}&#8220;][et_pb_column type=&#8220;2_3&#8243; _builder_version=&#8220;4.27.4&#8243; _module_preset=&#8220;default&#8220; global_colors_info=&#8220;{}&#8220;][et_pb_text _builder_version=&#8220;4.27.4&#8243; _module_preset=&#8220;default&#8220; header_font=&#8220;|700|||||||&#8220; custom_margin=&#8220;||10px||false|false&#8220; custom_padding=&#8220;||0px||false|false&#8220; global_colors_info=&#8220;{}&#8220;]<\/p>\n<h1>Erreichbarkeit &amp; Standort<\/h1>\n<p>[\/et_pb_text][et_pb_text _builder_version=&#8220;4.27.4&#8243; _module_preset=&#8220;default&#8220; text_font=&#8220;|700|||||||&#8220; text_font_size=&#8220;20px&#8220; text_line_height=&#8220;25px&#8220; max_width=&#8220;728px&#8220; global_colors_info=&#8220;{}&#8220;]<\/p>\n<p>Lelystad liegt strategisch g\u00fcnstig im Herzen der Niederlande und bietet direkten Zugang zu allen wichtigen Verkehrstr\u00e4gern: Stra\u00dfe, Wasser, Schiene und Luft. Die Stadt ist \u00fcber die A6 leicht zu erreichen und liegt nur 40 Minuten von Amsterdam und dem Flughafen Schiphol entfernt. Und in der gleichen Reisezeit sind Sie in St\u00e4dten wie Utrecht und Zwolle.  <\/p>\n<p>Lelystad ist auch Teil des <a href=\"https:\/\/www.metropoolregioamsterdam.nl\/\" target=\"_blank\" rel=\"noopener\">Gro\u00dfraums Amsterdam (MRA<\/a>), mit allen Vorteilen der N\u00e4he und Erreichbarkeit, ohne die Beschr\u00e4nkungen des knappen Raums.<\/p>\n<p>[\/et_pb_text][\/et_pb_column][et_pb_column type=&#8220;1_3&#8243; _builder_version=&#8220;4.27.4&#8243; _module_preset=&#8220;default&#8220; global_colors_info=&#8220;{}&#8220;][\/et_pb_column][\/et_pb_row][et_pb_row column_structure=&#8220;3_5,2_5&#8243; _builder_version=&#8220;4.27.4&#8243; _module_preset=&#8220;default&#8220; custom_margin=&#8220;||55px||false|false&#8220; global_colors_info=&#8220;{}&#8220;][et_pb_column type=&#8220;3_5&#8243; _builder_version=&#8220;4.27.4&#8243; _module_preset=&#8220;default&#8220; global_colors_info=&#8220;{}&#8220;][et_pb_text _builder_version=&#8220;4.27.4&#8243; _module_preset=&#8220;default&#8220; header_2_font=&#8220;|700|||||||&#8220; custom_margin=&#8220;||10px||false|false&#8220; custom_padding=&#8220;||0px||false|false&#8220; global_colors_info=&#8220;{}&#8220;]<\/p>\n<h2>Zentral in den Niederlanden gelegen, mit Anschluss an alle Logistikwege<\/h2>\n<p>[\/et_pb_text][et_pb_text _builder_version=&#8220;4.27.4&#8243; _module_preset=&#8220;default&#8220; custom_margin=&#8220;||0px||false|false&#8220; custom_padding=&#8220;||0px||false|false&#8220; global_colors_info=&#8220;{}&#8220;]<\/p>\n<h4><strong>Vollst\u00e4ndig angebunden \u00fcber Stra\u00dfe, Wasser, Schiene und Luft<\/p>\n<p><\/strong><\/h4>\n<p>[\/et_pb_text][et_pb_text _builder_version=&#8220;4.27.4&#8243; _module_preset=&#8220;default&#8220; max_width=&#8220;820px&#8220; global_colors_info=&#8220;{}&#8220;]<\/p>\n<p>Lelystad ist einer der wenigen Orte in den Niederlanden, an dem alle Transportm\u00f6glichkeiten zusammenlaufen. Das macht die Stadt zu einem attraktiven Knotenpunkt f\u00fcr Unternehmen, die ihre Lieferkette optimieren m\u00f6chten: <\/p>\n<p>&nbsp;<\/p>\n<ul>\n<li>Stra\u00dfe: direkte Anbindung an die A6\/A27 in Richtung Amsterdam, Almere, Utrecht, n\u00f6rdliche Niederlande und Deutschland.<\/li>\n<li>Wasser: \u00fcber <a href=\"https:\/\/www.ondernemeninlelystad.nl\/nl\/flevokust-haven\">Flevokust Haven<\/a>, einen modernen multimodalen Binnenhafen mit Umschlagkai und <a href=\"https:\/\/www.ondernemeninlelystad.nl\/nl\/locaties\/4275619385\/ctu-flevokust\" target=\"_blank\" rel=\"noopener\">Containerterminal<\/a>.<\/li>\n<li>Bahn: gute Anbindung an regionale Bahnlinien, ideal f\u00fcr Personal und Logistikverbindungen.<\/li>\n<li>Luft: N\u00e4he zum Flughafen Lelystad, mit dem <a href=\"https:\/\/lelystadairportbusinesspark.nl\/\">Lelystad Airport Businesspark<\/a> als erg\u00e4nzendes Logistikgebiet.<\/li>\n<\/ul>\n<p>[\/et_pb_text][et_pb_text _builder_version=&#8220;4.27.4&#8243; _module_preset=&#8220;default&#8220; custom_margin=&#8220;||0px||false|false&#8220; custom_padding=&#8220;||0px||false|false&#8220; global_colors_info=&#8220;{}&#8220;]<\/p>\n<h4><strong>Teil der Metropolregion Amsterdam<br \/><\/strong><\/h4>\n<p>&nbsp;<\/p>\n<p>[\/et_pb_text][et_pb_text _builder_version=&#8220;4.27.4&#8243; _module_preset=&#8220;default&#8220; max_width=&#8220;820px&#8220; global_colors_info=&#8220;{}&#8220;]<\/p>\n<p>Vor allem f\u00fcr internationale Unternehmen ist Lelystad aufgrund der Kombination aus Platz, Erreichbarkeit und der strategischen Lage innerhalb der <a href=\"https:\/\/www.metropoolregioamsterdam.nl\/\">Metropolregion Amsterdam (MRA<\/a>) attraktiv. Unternehmen profitieren von der N\u00e4he zu einer der st\u00e4rksten Wirtschaftsregionen Europas, ohne die Zw\u00e4nge und hohen Kosten der traditionellen Randstad-Standorte. <\/p>\n<p>[\/et_pb_text][\/et_pb_column][et_pb_column type=&#8220;2_5&#8243; _builder_version=&#8220;4.27.4&#8243; _module_preset=&#8220;default&#8220; custom_css_free_form=&#8220;@media screen and (min-width: 480px) and (max-width: 980px) {||  selector {||      max-width: 460px;||  }||}&#8220; global_colors_info=&#8220;{}&#8220;][et_pb_image src=&#8220;https:\/\/lelystadlogistics.com\/wp-content\/uploads\/2025\/12\/station-5.jpg&#8220; title_text=&#8220;Bahnhof Lelystad&#8220; _builder_version=&#8220;4.27.4&#8243; _module_preset=&#8220;default&#8220; width=&#8220;396px&#8220; max_width=&#8220;396px&#8220; min_height=&#8220;396px&#8220; height=&#8220;396px&#8220; hover_enabled=&#8220;0&#8243; border_radii=&#8220;on|50%|50%|50%|50%&#8220; global_colors_info=&#8220;{}&#8220; alt=&#8220;Bahnhof Lelystad&#8220; sticky_enabled=&#8220;0&#8243;][\/et_pb_image][et_pb_text _builder_version=&#8220;4.27.4&#8243; _module_preset=&#8220;default&#8220; background_color=&#8220;#95BC33&#8243; positioning=&#8220;absolute&#8220; position_origin_a=&#8220;bottom_right&#8220; vertical_offset=&#8220;15px&#8220; horizontal_offset=&#8220;85px&#8220; horizontal_offset_tablet=&#8220;85px&#8220; horizontal_offset_phone=&#8220;0px&#8220; horizontal_offset_last_edited=&#8220;on|phone&#8220; width=&#8220;90px&#8220; max_width=&#8220;90px&#8220; min_height=&#8220;90px&#8220; height=&#8220;90px&#8220; border_radii=&#8220;on|50%|50%|50%|50%&#8220; global_colors_info=&#8220;{}&#8220;][\/et_pb_text][\/et_pb_column][\/et_pb_row][\/et_pb_section][et_pb_section fb_built=&#8220;1&#8243; admin_label=&#8220;Partners&#8220; _builder_version=&#8220;4.27.4&#8243; _module_preset=&#8220;default&#8220; custom_margin=&#8220;||||false|false&#8220; custom_padding=&#8220;99px|||||&#8220; global_module=&#8220;426&#8243; locked=&#8220;off&#8220; global_colors_info=&#8220;{}&#8220;][et_pb_row column_structure=&#8220;2_3,1_3&#8243; _builder_version=&#8220;4.27.4&#8243; _module_preset=&#8220;default&#8220; custom_padding=&#8220;5px||0px||false|false&#8220; border_width_top=&#8220;3px&#8220; border_color_top=&#8220;#002B51&#8243; global_colors_info=&#8220;{}&#8220;][et_pb_column type=&#8220;2_3&#8243; _builder_version=&#8220;4.27.4&#8243; _module_preset=&#8220;default&#8220; global_colors_info=&#8220;{}&#8220;][et_pb_text _builder_version=&#8220;4.27.4&#8243; _module_preset=&#8220;default&#8220; header_2_font=&#8220;|700|||||||&#8220; header_2_text_color=&#8220;#95BC33&#8243; global_colors_info=&#8220;{}&#8220;]<\/p>\n<h2>Partner<\/h2>\n<p>[\/et_pb_text][\/et_pb_column][et_pb_column type=&#8220;1_3&#8243; _builder_version=&#8220;4.27.4&#8243; _module_preset=&#8220;default&#8220; global_colors_info=&#8220;{}&#8220;][\/et_pb_column][\/et_pb_row][et_pb_row _builder_version=&#8220;4.27.4&#8243; _module_preset=&#8220;default&#8220; custom_padding=&#8220;||0px||false|false&#8220; custom_css_free_form=&#8220;@media (max-width: 980px) {||   selector .et_pb_column .et_pb_row_inner, .et_pb_row {||        padding: 0!important;||    }||}&#8220; global_colors_info=&#8220;{}&#8220;][et_pb_column type=&#8220;4_4&#8243; _builder_version=&#8220;4.27.4&#8243; _module_preset=&#8220;default&#8220; global_colors_info=&#8220;{}&#8220;][dsm_image_carousel gallery_ids=&#8220;7685,7691,7694,7697,7699,7581,7874&#8243; slide_to_show=&#8220;5&#8243; arrows=&#8220;off&#8220; dots=&#8220;off&#8220; slide_to_show_tablet=&#8220;3&#8243; slide_to_show_phone=&#8220;2&#8243; slide_to_show_last_edited=&#8220;on|phone&#8220; _builder_version=&#8220;4.27.4&#8243; _module_preset=&#8220;default&#8220; custom_padding=&#8220;0px|0px|0px|0px|true|true&#8220; global_colors_info=&#8220;{}&#8220;][\/dsm_image_carousel][\/et_pb_column][\/et_pb_row][\/et_pb_section]<\/p>\n","protected":false},"excerpt":{"rendered":"<p>Erreichbarkeit &amp; StandortLelystad liegt strategisch g\u00fcnstig im Herzen der Niederlande und bietet direkten Zugang zu allen wichtigen Verkehrstr\u00e4gern: Stra\u00dfe, Wasser, Schiene und Luft. Die Stadt ist \u00fcber die A6 leicht zu erreichen und liegt nur 40 Minuten von Amsterdam und dem Flughafen Schiphol entfernt. Und in der gleichen Reisezeit sind Sie in St\u00e4dten wie Utrecht und Zwolle. Lelystad ist auch Teil des Gro\u00dfraums Amsterdam (MRA), mit allen Vorteilen der N\u00e4he und Erreichbarkeit, ohne die Beschr\u00e4nkungen des knappen Raums.Zentral in den Niederlanden gelegen, mit Anschluss an alle LogistikwegeVollst\u00e4ndig angebunden \u00fcber Stra\u00dfe, Wasser, Schiene und Luft Lelystad ist einer der wenigen Orte in den Niederlanden, an dem alle Transportm\u00f6glichkeiten zusammenlaufen. Das macht die Stadt zu einem attraktiven Knotenpunkt f\u00fcr Unternehmen, die ihre Lieferkette optimieren m\u00f6chten: &nbsp; Stra\u00dfe: direkte Anbindung an die A6\/A27 in Richtung Amsterdam, Almere, Utrecht, n\u00f6rdliche Niederlande und Deutschland. Wasser: \u00fcber Flevokust Haven, einen modernen multimodalen Binnenhafen mit Umschlagkai und Containerterminal. Bahn: gute Anbindung an regionale Bahnlinien, ideal f\u00fcr Personal und Logistikverbindungen. Luft: N\u00e4he zum Flughafen Lelystad, mit dem Lelystad Airport Businesspark als erg\u00e4nzendes Logistikgebiet. Teil der Metropolregion Amsterdam &nbsp;Vor allem f\u00fcr internationale Unternehmen ist Lelystad aufgrund der Kombination aus Platz, Erreichbarkeit und der strategischen Lage innerhalb der Metropolregion Amsterdam [&hellip;]<\/p>\n","protected":false},"author":2,"featured_media":0,"parent":8260,"menu_order":0,"comment_status":"closed","ping_status":"closed","template":"","meta":{"_acf_changed":false,"_et_pb_use_builder":"on","_et_pb_old_content":"","_et_gb_content_width":"","footnotes":""},"class_list":["post-8627","page","type-page","status-publish","hentry"],"acf":[],"yoast_head":"<!-- This site is optimized with the Yoast SEO plugin v27.4 - https:\/\/yoast.com\/product\/yoast-seo-wordpress\/ -->\n<title>Erreichbarkeit &amp; Standort | Lelystad Logistics<\/title>\n<meta name=\"description\" content=\"Entdecken Sie die gute Erreichbarkeit von Lelystad: zentral in den Niederlanden gelegen, \u00fcber Stra\u00dfe, Wasser, Schiene und Luft verbunden und Teil der Metropolregion Amsterdam.\" \/>\n<meta name=\"robots\" content=\"index, follow, max-snippet:-1, max-image-preview:large, max-video-preview:-1\" \/>\n<link rel=\"canonical\" href=\"https:\/\/lelystadlogistics.com\/de\/ueber-lelystad\/erreichbarkeit-standort\/\" \/>\n<meta property=\"og:locale\" content=\"de_DE\" \/>\n<meta property=\"og:type\" content=\"article\" \/>\n<meta property=\"og:title\" content=\"Erreichbarkeit &amp; Standort | Lelystad Logistics\" \/>\n<meta property=\"og:description\" content=\"Entdecken Sie die gute Erreichbarkeit von Lelystad: zentral in den Niederlanden gelegen, \u00fcber Stra\u00dfe, Wasser, Schiene und Luft verbunden und Teil der Metropolregion Amsterdam.\" \/>\n<meta property=\"og:url\" content=\"https:\/\/lelystadlogistics.com\/de\/ueber-lelystad\/erreichbarkeit-standort\/\" \/>\n<meta property=\"og:site_name\" content=\"Lelystad Logistics\" \/>\n<meta property=\"article:modified_time\" content=\"2025-12-16T13:54:57+00:00\" \/>\n<meta property=\"og:image\" content=\"https:\/\/lelystadlogistics.com\/wp-content\/uploads\/2025\/12\/OpenGraph-Lelystad-Logistics.jpg\" \/>\n\t<meta property=\"og:image:width\" content=\"1200\" \/>\n\t<meta property=\"og:image:height\" content=\"675\" \/>\n\t<meta property=\"og:image:type\" content=\"image\/jpeg\" \/>\n<meta name=\"twitter:card\" content=\"summary_large_image\" \/>\n<meta name=\"twitter:label1\" content=\"Gesch\u00e4tzte Lesezeit\" \/>\n\t<meta name=\"twitter:data1\" content=\"5\u00a0Minuten\" \/>\n<script type=\"application\/ld+json\" class=\"yoast-schema-graph\">{\"@context\":\"https:\\\/\\\/schema.org\",\"@graph\":[{\"@type\":\"WebPage\",\"@id\":\"https:\\\/\\\/lelystadlogistics.com\\\/de\\\/ueber-lelystad\\\/erreichbarkeit-standort\\\/\",\"url\":\"https:\\\/\\\/lelystadlogistics.com\\\/de\\\/ueber-lelystad\\\/erreichbarkeit-standort\\\/\",\"name\":\"Erreichbarkeit &amp; Standort | Lelystad Logistics\",\"isPartOf\":{\"@id\":\"https:\\\/\\\/lelystadlogistics.com\\\/de\\\/#website\"},\"datePublished\":\"2025-12-02T09:29:05+00:00\",\"dateModified\":\"2025-12-16T13:54:57+00:00\",\"description\":\"Entdecken Sie die gute Erreichbarkeit von Lelystad: zentral in den Niederlanden gelegen, \u00fcber Stra\u00dfe, Wasser, Schiene und Luft verbunden und Teil der Metropolregion Amsterdam.\",\"breadcrumb\":{\"@id\":\"https:\\\/\\\/lelystadlogistics.com\\\/de\\\/ueber-lelystad\\\/erreichbarkeit-standort\\\/#breadcrumb\"},\"inLanguage\":\"de\",\"potentialAction\":[{\"@type\":\"ReadAction\",\"target\":[\"https:\\\/\\\/lelystadlogistics.com\\\/de\\\/ueber-lelystad\\\/erreichbarkeit-standort\\\/\"]}]},{\"@type\":\"BreadcrumbList\",\"@id\":\"https:\\\/\\\/lelystadlogistics.com\\\/de\\\/ueber-lelystad\\\/erreichbarkeit-standort\\\/#breadcrumb\",\"itemListElement\":[{\"@type\":\"ListItem\",\"position\":1,\"name\":\"Home\",\"item\":\"https:\\\/\\\/lelystadlogistics.com\\\/de\\\/\"},{\"@type\":\"ListItem\",\"position\":2,\"name\":\"\u00dcber Lelystad\",\"item\":\"https:\\\/\\\/lelystadlogistics.com\\\/de\\\/ueber-lelystad\\\/\"},{\"@type\":\"ListItem\",\"position\":3,\"name\":\"Erreichbarkeit &amp; Standort\"}]},{\"@type\":\"WebSite\",\"@id\":\"https:\\\/\\\/lelystadlogistics.com\\\/de\\\/#website\",\"url\":\"https:\\\/\\\/lelystadlogistics.com\\\/de\\\/\",\"name\":\"Lelystad Logistics\",\"description\":\"Part of Metropolitan Region Amsterdam\",\"publisher\":{\"@id\":\"https:\\\/\\\/lelystadlogistics.com\\\/de\\\/#organization\"},\"potentialAction\":[{\"@type\":\"SearchAction\",\"target\":{\"@type\":\"EntryPoint\",\"urlTemplate\":\"https:\\\/\\\/lelystadlogistics.com\\\/de\\\/?s={search_term_string}\"},\"query-input\":{\"@type\":\"PropertyValueSpecification\",\"valueRequired\":true,\"valueName\":\"search_term_string\"}}],\"inLanguage\":\"de\"},{\"@type\":\"Organization\",\"@id\":\"https:\\\/\\\/lelystadlogistics.com\\\/de\\\/#organization\",\"name\":\"Lelystad Logistics\",\"alternateName\":\"Part of Metropolitan Region Amsterdam\",\"url\":\"https:\\\/\\\/lelystadlogistics.com\\\/de\\\/\",\"logo\":{\"@type\":\"ImageObject\",\"inLanguage\":\"de\",\"@id\":\"https:\\\/\\\/lelystadlogistics.com\\\/de\\\/#\\\/schema\\\/logo\\\/image\\\/\",\"url\":\"https:\\\/\\\/lelystadlogistics.com\\\/wp-content\\\/uploads\\\/2025\\\/11\\\/Logo-Lelystad-Logistics-1.svg\",\"contentUrl\":\"https:\\\/\\\/lelystadlogistics.com\\\/wp-content\\\/uploads\\\/2025\\\/11\\\/Logo-Lelystad-Logistics-1.svg\",\"width\":1,\"height\":1,\"caption\":\"Lelystad Logistics\"},\"image\":{\"@id\":\"https:\\\/\\\/lelystadlogistics.com\\\/de\\\/#\\\/schema\\\/logo\\\/image\\\/\"}}]}<\/script>\n<!-- \/ Yoast SEO plugin. -->","yoast_head_json":{"title":"Erreichbarkeit &amp; Standort | Lelystad Logistics","description":"Entdecken Sie die gute Erreichbarkeit von Lelystad: zentral in den Niederlanden gelegen, \u00fcber Stra\u00dfe, Wasser, Schiene und Luft verbunden und Teil der Metropolregion Amsterdam.","robots":{"index":"index","follow":"follow","max-snippet":"max-snippet:-1","max-image-preview":"max-image-preview:large","max-video-preview":"max-video-preview:-1"},"canonical":"https:\/\/lelystadlogistics.com\/de\/ueber-lelystad\/erreichbarkeit-standort\/","og_locale":"de_DE","og_type":"article","og_title":"Erreichbarkeit &amp; Standort | Lelystad Logistics","og_description":"Entdecken Sie die gute Erreichbarkeit von Lelystad: zentral in den Niederlanden gelegen, \u00fcber Stra\u00dfe, Wasser, Schiene und Luft verbunden und Teil der Metropolregion Amsterdam.","og_url":"https:\/\/lelystadlogistics.com\/de\/ueber-lelystad\/erreichbarkeit-standort\/","og_site_name":"Lelystad Logistics","article_modified_time":"2025-12-16T13:54:57+00:00","og_image":[{"width":1200,"height":675,"url":"https:\/\/lelystadlogistics.com\/wp-content\/uploads\/2025\/12\/OpenGraph-Lelystad-Logistics.jpg","type":"image\/jpeg"}],"twitter_card":"summary_large_image","twitter_misc":{"Gesch\u00e4tzte Lesezeit":"5\u00a0Minuten"},"schema":{"@context":"https:\/\/schema.org","@graph":[{"@type":"WebPage","@id":"https:\/\/lelystadlogistics.com\/de\/ueber-lelystad\/erreichbarkeit-standort\/","url":"https:\/\/lelystadlogistics.com\/de\/ueber-lelystad\/erreichbarkeit-standort\/","name":"Erreichbarkeit &amp; Standort | Lelystad Logistics","isPartOf":{"@id":"https:\/\/lelystadlogistics.com\/de\/#website"},"datePublished":"2025-12-02T09:29:05+00:00","dateModified":"2025-12-16T13:54:57+00:00","description":"Entdecken Sie die gute Erreichbarkeit von Lelystad: zentral in den Niederlanden gelegen, \u00fcber Stra\u00dfe, Wasser, Schiene und Luft verbunden und Teil der Metropolregion Amsterdam.","breadcrumb":{"@id":"https:\/\/lelystadlogistics.com\/de\/ueber-lelystad\/erreichbarkeit-standort\/#breadcrumb"},"inLanguage":"de","potentialAction":[{"@type":"ReadAction","target":["https:\/\/lelystadlogistics.com\/de\/ueber-lelystad\/erreichbarkeit-standort\/"]}]},{"@type":"BreadcrumbList","@id":"https:\/\/lelystadlogistics.com\/de\/ueber-lelystad\/erreichbarkeit-standort\/#breadcrumb","itemListElement":[{"@type":"ListItem","position":1,"name":"Home","item":"https:\/\/lelystadlogistics.com\/de\/"},{"@type":"ListItem","position":2,"name":"\u00dcber Lelystad","item":"https:\/\/lelystadlogistics.com\/de\/ueber-lelystad\/"},{"@type":"ListItem","position":3,"name":"Erreichbarkeit &amp; Standort"}]},{"@type":"WebSite","@id":"https:\/\/lelystadlogistics.com\/de\/#website","url":"https:\/\/lelystadlogistics.com\/de\/","name":"Lelystad Logistics","description":"Part of Metropolitan Region Amsterdam","publisher":{"@id":"https:\/\/lelystadlogistics.com\/de\/#organization"},"potentialAction":[{"@type":"SearchAction","target":{"@type":"EntryPoint","urlTemplate":"https:\/\/lelystadlogistics.com\/de\/?s={search_term_string}"},"query-input":{"@type":"PropertyValueSpecification","valueRequired":true,"valueName":"search_term_string"}}],"inLanguage":"de"},{"@type":"Organization","@id":"https:\/\/lelystadlogistics.com\/de\/#organization","name":"Lelystad Logistics","alternateName":"Part of Metropolitan Region Amsterdam","url":"https:\/\/lelystadlogistics.com\/de\/","logo":{"@type":"ImageObject","inLanguage":"de","@id":"https:\/\/lelystadlogistics.com\/de\/#\/schema\/logo\/image\/","url":"https:\/\/lelystadlogistics.com\/wp-content\/uploads\/2025\/11\/Logo-Lelystad-Logistics-1.svg","contentUrl":"https:\/\/lelystadlogistics.com\/wp-content\/uploads\/2025\/11\/Logo-Lelystad-Logistics-1.svg","width":1,"height":1,"caption":"Lelystad Logistics"},"image":{"@id":"https:\/\/lelystadlogistics.com\/de\/#\/schema\/logo\/image\/"}}]}},"_links":{"self":[{"href":"https:\/\/lelystadlogistics.com\/de\/wp-json\/wp\/v2\/pages\/8627","targetHints":{"allow":["GET"]}}],"collection":[{"href":"https:\/\/lelystadlogistics.com\/de\/wp-json\/wp\/v2\/pages"}],"about":[{"href":"https:\/\/lelystadlogistics.com\/de\/wp-json\/wp\/v2\/types\/page"}],"author":[{"embeddable":true,"href":"https:\/\/lelystadlogistics.com\/de\/wp-json\/wp\/v2\/users\/2"}],"replies":[{"embeddable":true,"href":"https:\/\/lelystadlogistics.com\/de\/wp-json\/wp\/v2\/comments?post=8627"}],"version-history":[{"count":11,"href":"https:\/\/lelystadlogistics.com\/de\/wp-json\/wp\/v2\/pages\/8627\/revisions"}],"predecessor-version":[{"id":8646,"href":"https:\/\/lelystadlogistics.com\/de\/wp-json\/wp\/v2\/pages\/8627\/revisions\/8646"}],"up":[{"embeddable":true,"href":"https:\/\/lelystadlogistics.com\/de\/wp-json\/wp\/v2\/pages\/8260"}],"wp:attachment":[{"href":"https:\/\/lelystadlogistics.com\/de\/wp-json\/wp\/v2\/media?parent=8627"}],"curies":[{"name":"wp","href":"https:\/\/api.w.org\/{rel}","templated":true}]}}